{"id":18967,"date":"2026-02-27T00:42:24","date_gmt":"2026-02-27T00:42:24","guid":{"rendered":"https:\/\/nordicmart.andreevmaster.com\/product\/hylde-med-4-stofskuffer-sort-2\/"},"modified":"2026-02-27T08:30:24","modified_gmt":"2026-02-27T08:30:24","slug":"hylde-med-4-stofskuffer-sort-2","status":"publish","type":"product","link":"https:\/\/nordicmart.andreevmaster.com\/sv\/produkt\/hylde-med-4-stofskuffer-sort-2\/","title":{"rendered":"Hylde med 4 stofskuffer sort"},"content":{"rendered":"<p>Utnyttja varje h\u00f6rn av ditt hemDenna byr\u00e5 fr\u00e5n SONGMICS ger massor av plats f\u00f6r dina kl\u00e4der eller andra saker, och med en storlek p\u00e5 45 x 38 x 84,5 cm (L x B x H) och en vikt p\u00e5 endast 3 kg \u00e4r den fortfarande s\u00e5 kompakt att du kan placera den i vilket h\u00f6rn som helst i ditt hem. Den smarta byr\u00e5n \u00e4r ocks\u00e5 ett dekorativt m\u00f6bel som du kan anv\u00e4nda f\u00f6r att ge ditt hem en frisk fl\u00e4kt. Skydda dina \u00e4godelarF\u00f6rvara inte dina favoritprylar p\u00e5 en r\u00f6rig plats full av damm! Denna sidobyr\u00e5 \u00e4r utrustad med en robust metallram och 4 ventilerade och fuktbest\u00e4ndiga tygsk\u00e5lar. Det ger d\u00e4rf\u00f6r dina \u00e4godelar gott om plats och skyddar dem mot damm och smuts. Extremt m\u00e5ngsidig Tack vare byr\u00e5ns stora kapacitet kan du f\u00f6rvara en rad olika saker som leksaker, kl\u00e4der eller skrivmaterial i de 4 l\u00e5dorna. Placera detta byr\u00e5sk\u00e5p bredvid din s\u00e4ng i sovrummet, i vardagsrummet, hallen, barnrummet, kontoret eller vilket annat rum du \u00e4n kan t\u00e4nka dig. Produktdetaljer- F\u00e4rg: Svart- Material: Textilkomposit, metallr\u00f6r, plast- Storlek: 45 x 38 x 84,5 cm (L x B x H)- Vikt: 3 kg- Max. statisk belastningskapacitet per l\u00e5da: 2 kg- Max. statisk belastningskapacitet totalt: 8 kg Leveransomfattning &#8211; 1 x l\u00e5da &#8211; 1 x bruksanvisning SONGICS instruktioner &#8211; Anv\u00e4nd inte produkten utomhus.<\/p>\n","protected":false},"excerpt":{"rendered":"<p>Utnyttja varje h\u00f6rn av ditt hemDenna byr\u00e5 fr\u00e5n SONGMICS ger massor av plats f\u00f6r dina kl\u00e4der eller andra saker, och med en storlek p\u00e5 45 x 38 x 84,5 cm (L x B x H) och en vikt p\u00e5 endast 3 kg \u00e4r den fortfarande s\u00e5 kompakt att du kan placera den i vilket h\u00f6rn [&hellip;]<\/p>\n","protected":false},"featured_media":0,"comment_status":"open","ping_status":"closed","template":"","meta":[],"product_brand":[],"product_cat":[33],"product_tag":[],"class_list":{"0":"post-18967","1":"product","2":"type-product","3":"status-publish","5":"product_cat-okategoriserad","7":"first","8":"instock","9":"shipping-taxable","10":"product-type-simple"},"_links":{"self":[{"href":"https:\/\/nordicmart.andreevmaster.com\/sv\/wp-json\/wp\/v2\/product\/18967","targetHints":{"allow":["GET"]}}],"collection":[{"href":"https:\/\/nordicmart.andreevmaster.com\/sv\/wp-json\/wp\/v2\/product"}],"about":[{"href":"https:\/\/nordicmart.andreevmaster.com\/sv\/wp-json\/wp\/v2\/types\/product"}],"replies":[{"embeddable":true,"href":"https:\/\/nordicmart.andreevmaster.com\/sv\/wp-json\/wp\/v2\/comments?post=18967"}],"wp:attachment":[{"href":"https:\/\/nordicmart.andreevmaster.com\/sv\/wp-json\/wp\/v2\/media?parent=18967"}],"wp:term":[{"taxonomy":"product_brand","embeddable":true,"href":"https:\/\/nordicmart.andreevmaster.com\/sv\/wp-json\/wp\/v2\/product_brand?post=18967"},{"taxonomy":"product_cat","embeddable":true,"href":"https:\/\/nordicmart.andreevmaster.com\/sv\/wp-json\/wp\/v2\/product_cat?post=18967"},{"taxonomy":"product_tag","embeddable":true,"href":"https:\/\/nordicmart.andreevmaster.com\/sv\/wp-json\/wp\/v2\/product_tag?post=18967"}],"curies":[{"name":"wp","href":"https:\/\/api.w.org\/{rel}","templated":true}]}}