{"id":18966,"date":"2026-02-27T00:42:24","date_gmt":"2026-02-27T00:42:24","guid":{"rendered":"https:\/\/nordicmart.andreevmaster.com\/product\/songmics-hyllskap-med-4-tyglador-gra\/"},"modified":"2026-02-27T08:30:24","modified_gmt":"2026-02-27T08:30:24","slug":"songmics-hyllskap-med-4-tyglador-gra","status":"publish","type":"product","link":"https:\/\/nordicmart.andreevmaster.com\/sv\/produkt\/songmics-hyllskap-med-4-tyglador-gra\/","title":{"rendered":"SONGMICS hyllsk\u00e5p med 4 tygl\u00e5dor Gr\u00e5"},"content":{"rendered":"<p>Skydda dina tillh\u00f6righeter: F\u00f6rvara inte dina favoritf\u00f6rem\u00e5l p\u00e5 en st\u00f6kig plats full av damm! Denna sidobordssk\u00e5p \u00e4r utrustad med ett robust j\u00e4rnstativ och 4 andningsbara och fuktbest\u00e4ndiga tygl\u00e5dor. Den erbjuder mycket utrymme f\u00f6r dina tillh\u00f6righeter och skyddar dem fr\u00e5n damm och smuts. Extremt m\u00e5ngsidig: Tack vare byr\u00e5ns stora kapacitet kan du f\u00f6rvara en m\u00e4ngd olika f\u00f6rem\u00e5l som leksaker, kl\u00e4der eller skrivmaterial i de 4 l\u00e5dorna. Placera denna byr\u00e5 bredvid din s\u00e4ng i sovrummet, i vardagsrummet, i hallen, i barnrummet, p\u00e5 kontoret eller i vilket annat rum du \u00e4n kommer p\u00e5. Produktdetaljer: F\u00e4rg: Gr\u00e5 Material: Textilkomposit, j\u00e4rnr\u00f6r, plast Storlek: 45 x 38 x 84,5 cm (L x B x H) Vikt: 3 kg Max. statisk belastningskapacitet per l\u00e5da: 2 kg Max. statisk belastningskapacitet totalt: 8 kg Leveransomfattning: 1 x byr\u00e5 1 x bruksanvisning (DE, EN, FR, ES, IT) SONGMICS Anm\u00e4rkningar: Anv\u00e4nd inte produkten utomhus.<\/p>\n","protected":false},"excerpt":{"rendered":"<p>SONGMICS f\u00f6rvaringsbyr\u00e5 med 4 l\u00e5dor, byr\u00e5, tygsk\u00e5p, campingf\u00f6rvaring, 45 x 84,5 x 38 cm (B x H x D), beige RLG14M<\/p>\n","protected":false},"featured_media":45935,"comment_status":"open","ping_status":"closed","template":"","meta":[],"product_brand":[],"product_cat":[33],"product_tag":[],"class_list":{"0":"post-18966","1":"product","2":"type-product","3":"status-publish","4":"has-post-thumbnail","6":"product_cat-okategoriserad","8":"first","9":"instock","10":"shipping-taxable","11":"purchasable","12":"product-type-simple"},"_links":{"self":[{"href":"https:\/\/nordicmart.andreevmaster.com\/sv\/wp-json\/wp\/v2\/product\/18966","targetHints":{"allow":["GET"]}}],"collection":[{"href":"https:\/\/nordicmart.andreevmaster.com\/sv\/wp-json\/wp\/v2\/product"}],"about":[{"href":"https:\/\/nordicmart.andreevmaster.com\/sv\/wp-json\/wp\/v2\/types\/product"}],"replies":[{"embeddable":true,"href":"https:\/\/nordicmart.andreevmaster.com\/sv\/wp-json\/wp\/v2\/comments?post=18966"}],"wp:featuredmedia":[{"embeddable":true,"href":"https:\/\/nordicmart.andreevmaster.com\/sv\/wp-json\/wp\/v2\/media\/45935"}],"wp:attachment":[{"href":"https:\/\/nordicmart.andreevmaster.com\/sv\/wp-json\/wp\/v2\/media?parent=18966"}],"wp:term":[{"taxonomy":"product_brand","embeddable":true,"href":"https:\/\/nordicmart.andreevmaster.com\/sv\/wp-json\/wp\/v2\/product_brand?post=18966"},{"taxonomy":"product_cat","embeddable":true,"href":"https:\/\/nordicmart.andreevmaster.com\/sv\/wp-json\/wp\/v2\/product_cat?post=18966"},{"taxonomy":"product_tag","embeddable":true,"href":"https:\/\/nordicmart.andreevmaster.com\/sv\/wp-json\/wp\/v2\/product_tag?post=18966"}],"curies":[{"name":"wp","href":"https:\/\/api.w.org\/{rel}","templated":true}]}}