{"id":18965,"date":"2026-02-27T00:42:24","date_gmt":"2026-02-27T00:42:24","guid":{"rendered":"https:\/\/nordicmart.andreevmaster.com\/product\/royal-tidlost-nattduksbord-vitt\/"},"modified":"2026-02-27T08:30:24","modified_gmt":"2026-02-27T08:30:24","slug":"royal-tidlost-nattduksbord-vitt","status":"publish","type":"product","link":"https:\/\/nordicmart.andreevmaster.com\/sv\/produkt\/royal-tidlost-nattduksbord-vitt\/","title":{"rendered":"Royal  tidl\u00f6st nattduksbord vitt"},"content":{"rendered":"<p>Nattduksbordet Royal kombinerar elegant design med maximal funktionalitet och erbjuder en l\u00f6sning som \u00e4r skr\u00e4ddarsydd f\u00f6r b\u00e5de yngre och \u00e4ldre barns behov, samt f\u00f6r\u00e4ldrarnas. Dess kompakta storlek g\u00f6r att det kan placeras var som helst i hemmet och \u00e4r ett perfekt komplement till alla rum med komfort och stil. \u00a0 Viktiga egenskaper:<br \/>\n-Praktisk f\u00f6rvaring: Tv\u00e5 l\u00e5dor p\u00e5 GTV-kulskenor ger plats f\u00f6r de mest n\u00f6dv\u00e4ndiga prylarna<br \/>\n-Elegans och ergonomi: Denna unika funktion kombinerar ergonomiska, vackra och gyllene runda retrohandtag, som inte bara \u00f6kar anv\u00e4ndarkomforten utan ocks\u00e5 ger ett distinkt, sofistikerat utseende.-M\u00e5ngsidighet: Passar perfekt till s\u00e4ngen Royal med m\u00e5tten 90&#215;200, men dess flexibilitet g\u00f6r att den kan kombineras med olika s\u00e4ngar, b\u00e5de i barnrummet och i f\u00f6r\u00e4ldrarnas sovrum.<br \/>\n-S\u00e4kra material: Uppfyller europeiska s\u00e4kerhetsstandarder, med barnv\u00e4nliga vattenbaserade lacker.   <\/p>\n<p>Material och ytbehandling:<br \/>\n-Ben: lackerad bok<br \/>\n-Topp och l\u00e5dfronter: Lackerad MDF-skiva<br \/>\n-Sidor: laminerad skiva<br \/>\n-L\u00e5dans sidor och baksidor, bottenkant: laminerad skiva De vattenbaserade lackerna som anv\u00e4nds i lackeringsprocessen \u00e4r s\u00e4kra f\u00f6r barn och certifierade enligt standarden EN71\/3 f\u00f6r barnm\u00f6bler och leksaker. <\/p>\n<p>M\u00e5tt:<br \/>\n-H\u00f6jd: 59 cm<br \/>\n-Djup: 40 cm<br \/>\n-Bredd: 51 cm <\/p>\n<p>Tillg\u00e4ngliga f\u00e4rger:<br \/>\n-Tidl\u00f6s vit <\/p>\n<p>Sk\u00f6tselr\u00e5d:<br \/>\nM\u00f6blerna b\u00f6r torkas av med en mjuk bomullsduk fuktad med vatten eller ett m\u00f6belv\u00e5rdsmedel f\u00f6r att beh\u00e5lla sin sk\u00f6nhet och h\u00e5llbarhet i m\u00e5nga \u00e5r. \u00a0<br \/>\nYtterligare information:<br \/>\nM\u00f6blerna levereras i paket f\u00f6r sj\u00e4lvmontering, med l\u00e4ttf\u00f6rst\u00e5eliga instruktioner och n\u00f6dv\u00e4ndig utrustning.<\/p>\n","protected":false},"excerpt":{"rendered":"<p>Nattduksbordet Royal kombinerar elegant design med maximal funktionalitet och erbjuder en l\u00f6sning som \u00e4r skr\u00e4ddarsydd f\u00f6r b\u00e5de yngre och \u00e4ldre barns behov, samt f\u00f6r\u00e4ldrarnas. Dess kompakta storlek g\u00f6r att det kan placeras var som helst i hemmet och \u00e4r ett perfekt komplement till alla rum med komfort och stil. \u00a0 Viktiga egenskaper: -Praktisk f\u00f6rvaring: Tv\u00e5 [&hellip;]<\/p>\n","protected":false},"featured_media":0,"comment_status":"open","ping_status":"closed","template":"","meta":[],"product_brand":[],"product_cat":[33],"product_tag":[],"class_list":{"0":"post-18965","1":"product","2":"type-product","3":"status-publish","5":"product_cat-okategoriserad","7":"first","8":"instock","9":"shipping-taxable","10":"purchasable","11":"product-type-simple"},"_links":{"self":[{"href":"https:\/\/nordicmart.andreevmaster.com\/sv\/wp-json\/wp\/v2\/product\/18965","targetHints":{"allow":["GET"]}}],"collection":[{"href":"https:\/\/nordicmart.andreevmaster.com\/sv\/wp-json\/wp\/v2\/product"}],"about":[{"href":"https:\/\/nordicmart.andreevmaster.com\/sv\/wp-json\/wp\/v2\/types\/product"}],"replies":[{"embeddable":true,"href":"https:\/\/nordicmart.andreevmaster.com\/sv\/wp-json\/wp\/v2\/comments?post=18965"}],"wp:attachment":[{"href":"https:\/\/nordicmart.andreevmaster.com\/sv\/wp-json\/wp\/v2\/media?parent=18965"}],"wp:term":[{"taxonomy":"product_brand","embeddable":true,"href":"https:\/\/nordicmart.andreevmaster.com\/sv\/wp-json\/wp\/v2\/product_brand?post=18965"},{"taxonomy":"product_cat","embeddable":true,"href":"https:\/\/nordicmart.andreevmaster.com\/sv\/wp-json\/wp\/v2\/product_cat?post=18965"},{"taxonomy":"product_tag","embeddable":true,"href":"https:\/\/nordicmart.andreevmaster.com\/sv\/wp-json\/wp\/v2\/product_tag?post=18965"}],"curies":[{"name":"wp","href":"https:\/\/api.w.org\/{rel}","templated":true}]}}