{"id":18964,"date":"2026-02-27T00:42:24","date_gmt":"2026-02-27T00:42:24","guid":{"rendered":"https:\/\/nordicmart.andreevmaster.com\/product\/royal-tidlos-vit-bokhylla\/"},"modified":"2026-02-27T08:30:24","modified_gmt":"2026-02-27T08:30:24","slug":"royal-tidlos-vit-bokhylla","status":"publish","type":"product","link":"https:\/\/nordicmart.andreevmaster.com\/sv\/produkt\/royal-tidlos-vit-bokhylla\/","title":{"rendered":"Royal tidl\u00f6s vit bokhylla"},"content":{"rendered":"<p>Lyx, fantasi, stil<br \/>\nEn kollektion f\u00f6r riktiga prinsessor och prinsar. Interi\u00f6ren pr\u00e4glas av fantastiska former, eleganta ytbehandlingar och stilfulla dekorationer. M\u00f6bler f\u00f6r de mest kr\u00e4sna smakerna. F\u00f6r b\u00e5de sm\u00e5 och stora \u00e4lskare av designklassiker. <\/p>\n<p>Huvudsakliga f\u00f6rdelar:<br \/>\n&#8211; tv\u00e5 rymliga l\u00e5dor,<br \/>\n&#8211; 5 hyllor, varav 4 justerbara,<br \/>\n&#8211; kan monteras p\u00e5 v\u00e4ggen \u2013 rekommenderas,<br \/>\n&#8211; uppfyller europeiska s\u00e4kerhetsstandarder och normer. <\/p>\n<p>M\u00e5tt (cm):<br \/>\nh\u00f6jd: 194,6<br \/>\ndjup: 43<br \/>\nbredd: 90 <\/p>\n<p>Design och ytbehandling:<br \/>\n&#8211; Lackerad MDF-skiva,<br \/>\n&#8211; h\u00f6gkvalitativ laminerad skiva som \u00e4r motst\u00e5ndskraftig mot skador och fukt, l\u00e4tt att h\u00e5lla ren,<br \/>\n&#8211; Blum-skenor med ett system som bromsar l\u00e5dornas st\u00e4ngning, <\/p>\n<p>De lacker som anv\u00e4nds i tillverkningsprocessen \u00e4r s\u00e4kra f\u00f6r barn och certifierade enligt EN71\/3 <\/p>\n<p>F\u00e4rg:<br \/>\n&#8211; vit (NCS S 0505-R70B) <\/p>\n<p>Anv\u00e4ndningsanvisning:<br \/>\nM\u00f6blerna ska torkas av med en mjuk bomullsduk fuktad med vatten eller ett m\u00f6belv\u00e5rdsmedel. <\/p>\n<p>Montering:<br \/>\nM\u00f6blerna levereras i paket f\u00f6r sj\u00e4lvmontering. Detaljerade monteringsanvisningar medf\u00f6ljer i paketen tillsammans med tillbeh\u00f6ren.<\/p>\n","protected":false},"excerpt":{"rendered":"<p>Lyx, fantasi, stil En kollektion f\u00f6r riktiga prinsessor och prinsar. Interi\u00f6ren pr\u00e4glas av fantastiska former, eleganta ytbehandlingar och stilfulla dekorationer. M\u00f6bler f\u00f6r de mest kr\u00e4sna smakerna. F\u00f6r b\u00e5de sm\u00e5 och stora \u00e4lskare av designklassiker. Huvudsakliga f\u00f6rdelar: &#8211; tv\u00e5 rymliga l\u00e5dor, &#8211; 5 hyllor, varav 4 justerbara, &#8211; kan monteras p\u00e5 v\u00e4ggen \u2013 rekommenderas, &#8211; uppfyller [&hellip;]<\/p>\n","protected":false},"featured_media":0,"comment_status":"open","ping_status":"closed","template":"","meta":[],"product_brand":[],"product_cat":[33],"product_tag":[],"class_list":{"0":"post-18964","1":"product","2":"type-product","3":"status-publish","5":"product_cat-okategoriserad","7":"first","8":"instock","9":"shipping-taxable","10":"purchasable","11":"product-type-simple"},"_links":{"self":[{"href":"https:\/\/nordicmart.andreevmaster.com\/sv\/wp-json\/wp\/v2\/product\/18964","targetHints":{"allow":["GET"]}}],"collection":[{"href":"https:\/\/nordicmart.andreevmaster.com\/sv\/wp-json\/wp\/v2\/product"}],"about":[{"href":"https:\/\/nordicmart.andreevmaster.com\/sv\/wp-json\/wp\/v2\/types\/product"}],"replies":[{"embeddable":true,"href":"https:\/\/nordicmart.andreevmaster.com\/sv\/wp-json\/wp\/v2\/comments?post=18964"}],"wp:attachment":[{"href":"https:\/\/nordicmart.andreevmaster.com\/sv\/wp-json\/wp\/v2\/media?parent=18964"}],"wp:term":[{"taxonomy":"product_brand","embeddable":true,"href":"https:\/\/nordicmart.andreevmaster.com\/sv\/wp-json\/wp\/v2\/product_brand?post=18964"},{"taxonomy":"product_cat","embeddable":true,"href":"https:\/\/nordicmart.andreevmaster.com\/sv\/wp-json\/wp\/v2\/product_cat?post=18964"},{"taxonomy":"product_tag","embeddable":true,"href":"https:\/\/nordicmart.andreevmaster.com\/sv\/wp-json\/wp\/v2\/product_tag?post=18964"}],"curies":[{"name":"wp","href":"https:\/\/api.w.org\/{rel}","templated":true}]}}