{"id":18963,"date":"2026-02-27T00:42:23","date_gmt":"2026-02-27T00:42:23","guid":{"rendered":"https:\/\/nordicmart.andreevmaster.com\/product\/royal-tidlos-vit-skotbord\/"},"modified":"2026-02-27T08:30:24","modified_gmt":"2026-02-27T08:30:24","slug":"royal-tidlos-vit-skotbord","status":"publish","type":"product","link":"https:\/\/nordicmart.andreevmaster.com\/sv\/produkt\/royal-tidlos-vit-skotbord\/","title":{"rendered":"Royal  tidl\u00f6s vit sk\u00f6tbord"},"content":{"rendered":"<p>Lyx, fantasi, stil<br \/>\nKollektion f\u00f6r en riktig prinsessa och en riktig prins. Interi\u00f6ren pr\u00e4glas av fantastiska former, \u00e4dla ytbehandlingar och stilfulla dekorationer. M\u00f6bler f\u00f6r de mest kr\u00e4sna smakerna. F\u00f6r b\u00e5de sm\u00e5 och stora \u00e4lskare av designklassiker.<br \/>\nHuvudsakliga f\u00f6rdelar:<br \/>\n&#8211; s\u00e4ker, bekv\u00e4m och praktisk plats som underl\u00e4ttar byte av bl\u00f6jor,<br \/>\n&#8211; ut\u00f6kar byr\u00e5ns yta s\u00e5 att barnet \u00e4r s\u00e4kert och alla v\u00e5rdprodukter finns inom r\u00e4ckh\u00e5ll,<br \/>\n&#8211; passar perfekt till byr\u00e5n Royal,<br \/>\n&#8211; kan monteras p\u00e5 v\u00e4nster och h\u00f6ger sida samt i mitten av byr\u00e5n,<br \/>\n&#8211; B\u00e5de montering och demontering g\u00e5r mycket snabbt och enkelt; efter borttagning finns inga m\u00e4rken kvar p\u00e5 byr\u00e5n,<br \/>\n&#8211; uppfyller europeiska s\u00e4kerhetsstandarder och normer. <\/p>\n<p>M\u00e5tt (cm):<br \/>\nl\u00e4ngd: 75,8<br \/>\nbredd: 59,6<br \/>\nh\u00f6jd: 8 <\/p>\n<p>Ytterligare information :<br \/>\n-textilinsatser\/sk\u00f6tunderl\u00e4gg med maximala m\u00e5tt p\u00e5 56 cm x 75 cm kan f\u00e4stas p\u00e5 sk\u00f6tbordet<br \/>\n-maximal vikt f\u00f6r ett barn p\u00e5 sk\u00f6tbordet: 15 kg <\/p>\n<p>Design och finish:<br \/>\n&#8211; Lackerad MDF-skiva, <\/p>\n<p>De lacker som anv\u00e4nds i tillverkningsprocessen \u00e4r barns\u00e4kra och certifierade enligt EN71\/3 <\/p>\n<p>F\u00e4rg:<br \/>\n&#8211; vit (NCS S 0505-R70B) <\/p>\n<p>Anv\u00e4ndningsanvisning:<br \/>\nM\u00f6blerna ska torkas av med en mjuk bomullsduk fuktad med vatten eller ett m\u00f6belv\u00e5rdsmedel. <\/p>\n<p>Montering:<br \/>\nM\u00f6blerna levereras i paket f\u00f6r sj\u00e4lvmontering. Detaljerade monteringsanvisningar medf\u00f6ljer i paketen tillsammans med utrustningen.<\/p>\n","protected":false},"excerpt":{"rendered":"<p>Lyx, fantasi, stil Kollektion f\u00f6r en riktig prinsessa och en riktig prins. Interi\u00f6ren pr\u00e4glas av fantastiska former, \u00e4dla ytbehandlingar och stilfulla dekorationer. M\u00f6bler f\u00f6r de mest kr\u00e4sna smakerna. F\u00f6r b\u00e5de sm\u00e5 och stora \u00e4lskare av designklassiker. Huvudsakliga f\u00f6rdelar: &#8211; s\u00e4ker, bekv\u00e4m och praktisk plats som underl\u00e4ttar byte av bl\u00f6jor, &#8211; ut\u00f6kar byr\u00e5ns yta s\u00e5 att [&hellip;]<\/p>\n","protected":false},"featured_media":0,"comment_status":"open","ping_status":"closed","template":"","meta":[],"product_brand":[],"product_cat":[33],"product_tag":[],"class_list":{"0":"post-18963","1":"product","2":"type-product","3":"status-publish","5":"product_cat-okategoriserad","7":"first","8":"instock","9":"shipping-taxable","10":"purchasable","11":"product-type-simple"},"_links":{"self":[{"href":"https:\/\/nordicmart.andreevmaster.com\/sv\/wp-json\/wp\/v2\/product\/18963","targetHints":{"allow":["GET"]}}],"collection":[{"href":"https:\/\/nordicmart.andreevmaster.com\/sv\/wp-json\/wp\/v2\/product"}],"about":[{"href":"https:\/\/nordicmart.andreevmaster.com\/sv\/wp-json\/wp\/v2\/types\/product"}],"replies":[{"embeddable":true,"href":"https:\/\/nordicmart.andreevmaster.com\/sv\/wp-json\/wp\/v2\/comments?post=18963"}],"wp:attachment":[{"href":"https:\/\/nordicmart.andreevmaster.com\/sv\/wp-json\/wp\/v2\/media?parent=18963"}],"wp:term":[{"taxonomy":"product_brand","embeddable":true,"href":"https:\/\/nordicmart.andreevmaster.com\/sv\/wp-json\/wp\/v2\/product_brand?post=18963"},{"taxonomy":"product_cat","embeddable":true,"href":"https:\/\/nordicmart.andreevmaster.com\/sv\/wp-json\/wp\/v2\/product_cat?post=18963"},{"taxonomy":"product_tag","embeddable":true,"href":"https:\/\/nordicmart.andreevmaster.com\/sv\/wp-json\/wp\/v2\/product_tag?post=18963"}],"curies":[{"name":"wp","href":"https:\/\/api.w.org\/{rel}","templated":true}]}}