{"id":18962,"date":"2026-02-27T00:42:23","date_gmt":"2026-02-27T00:42:23","guid":{"rendered":"https:\/\/nordicmart.andreevmaster.com\/product\/royal-tidlos-vit-vagghylla\/"},"modified":"2026-02-27T08:30:23","modified_gmt":"2026-02-27T08:30:23","slug":"royal-tidlos-vit-vagghylla","status":"publish","type":"product","link":"https:\/\/nordicmart.andreevmaster.com\/sv\/produkt\/royal-tidlos-vit-vagghylla\/","title":{"rendered":"Royal tidl\u00f6s vit v\u00e4gghylla"},"content":{"rendered":"<p>Lyx, fantasi, stil<br \/>\nKollektion f\u00f6r en riktig prinsessa och en riktig prins. Inredningen pr\u00e4glas av fantastiska former, eleganta ytbehandlingar och stilfulla dekorationer. M\u00f6bler f\u00f6r de mest kr\u00e4sna smakerna. F\u00f6r b\u00e5de sm\u00e5 och stora \u00e4lskare av designklassiker. <\/p>\n<p>Huvudsakliga f\u00f6rdelar:<br \/>\n&#8211; 2 hyllor,<br \/>\n&#8211; Stopp som f\u00f6rhindrar att f\u00f6rem\u00e5l som placeras p\u00e5 hyllan faller ut,<br \/>\n&#8211; 1 l\u00e5da, perfekt f\u00f6r f\u00f6rvaring av sm\u00e5 f\u00f6rem\u00e5l,<br \/>\n&#8211; uppfyller europeiska s\u00e4kerhetsstandarder och normer. <\/p>\n<p>M\u00e5tt (cm):<br \/>\nh\u00f6jd: 75<br \/>\ndjup: 22,7<br \/>\nbredd: 67,5 <\/p>\n<p>Design och ytbehandling:<br \/>\n&#8211; Lackerad MDF-skiva,<br \/>\n&#8211; h\u00f6gkvalitativ laminerad skiva som \u00e4r t\u00e5lig mot skador och fukt, l\u00e4tt att h\u00e5lla ren,<br \/>\n&#8211; lackerat boktr\u00e4. <\/p>\n<p>De lacker som anv\u00e4nds i tillverkningsprocessen \u00e4r s\u00e4kra f\u00f6r barn och certifierade enligt EN71\/3 <\/p>\n<p>F\u00e4rg:<br \/>\n&#8211; vit (NCS S 0505-R70B) <\/p>\n<p>Anv\u00e4ndningsanvisning:<br \/>\nM\u00f6blerna ska torkas av med en mjuk bomullsduk fuktad med vatten eller ett m\u00f6belv\u00e5rdsmedel. Montering: M\u00f6blerna levereras i paket f\u00f6r sj\u00e4lvmontering. Detaljerade monteringsanvisningar medf\u00f6ljer i paketen tillsammans med utrustningen.<\/p>\n","protected":false},"excerpt":{"rendered":"<p>Lyx, fantasi, stil Kollektion f\u00f6r en riktig prinsessa och en riktig prins. Inredningen pr\u00e4glas av fantastiska former, eleganta ytbehandlingar och stilfulla dekorationer. M\u00f6bler f\u00f6r de mest kr\u00e4sna smakerna. F\u00f6r b\u00e5de sm\u00e5 och stora \u00e4lskare av designklassiker. Huvudsakliga f\u00f6rdelar: &#8211; 2 hyllor, &#8211; Stopp som f\u00f6rhindrar att f\u00f6rem\u00e5l som placeras p\u00e5 hyllan faller ut, &#8211; 1 [&hellip;]<\/p>\n","protected":false},"featured_media":0,"comment_status":"open","ping_status":"closed","template":"","meta":[],"product_brand":[],"product_cat":[33],"product_tag":[],"class_list":{"0":"post-18962","1":"product","2":"type-product","3":"status-publish","5":"product_cat-okategoriserad","7":"first","8":"instock","9":"shipping-taxable","10":"purchasable","11":"product-type-simple"},"_links":{"self":[{"href":"https:\/\/nordicmart.andreevmaster.com\/sv\/wp-json\/wp\/v2\/product\/18962","targetHints":{"allow":["GET"]}}],"collection":[{"href":"https:\/\/nordicmart.andreevmaster.com\/sv\/wp-json\/wp\/v2\/product"}],"about":[{"href":"https:\/\/nordicmart.andreevmaster.com\/sv\/wp-json\/wp\/v2\/types\/product"}],"replies":[{"embeddable":true,"href":"https:\/\/nordicmart.andreevmaster.com\/sv\/wp-json\/wp\/v2\/comments?post=18962"}],"wp:attachment":[{"href":"https:\/\/nordicmart.andreevmaster.com\/sv\/wp-json\/wp\/v2\/media?parent=18962"}],"wp:term":[{"taxonomy":"product_brand","embeddable":true,"href":"https:\/\/nordicmart.andreevmaster.com\/sv\/wp-json\/wp\/v2\/product_brand?post=18962"},{"taxonomy":"product_cat","embeddable":true,"href":"https:\/\/nordicmart.andreevmaster.com\/sv\/wp-json\/wp\/v2\/product_cat?post=18962"},{"taxonomy":"product_tag","embeddable":true,"href":"https:\/\/nordicmart.andreevmaster.com\/sv\/wp-json\/wp\/v2\/product_tag?post=18962"}],"curies":[{"name":"wp","href":"https:\/\/api.w.org\/{rel}","templated":true}]}}