{"id":18960,"date":"2026-02-27T00:42:22","date_gmt":"2026-02-27T00:42:22","guid":{"rendered":"https:\/\/nordicmart.andreevmaster.com\/product\/royal-tidlos-vit-spjalsang-70x140-baddsoffa-70x140\/"},"modified":"2026-02-27T08:30:23","modified_gmt":"2026-02-27T08:30:23","slug":"royal-tidlos-vit-spjalsang-70x140-baddsoffa-70x140","status":"publish","type":"product","link":"https:\/\/nordicmart.andreevmaster.com\/sv\/produkt\/royal-tidlos-vit-spjalsang-70x140-baddsoffa-70x140\/","title":{"rendered":"Royal  tidl\u00f6s vit spj\u00e4ls\u00e4ng 70&#215;140 \/ b\u00e4ddsoffa 70&#215;140"},"content":{"rendered":"<p>Lyx, fantasi, stil<br \/>\nKollektion f\u00f6r en riktig prinsessa och en riktig prins. Inredningen pr\u00e4glas av fantastiska former, eleganta ytbehandlingar och stilfulla dekorationer. M\u00f6bler f\u00f6r de mest kr\u00e4sna smakerna. F\u00f6r b\u00e5de sm\u00e5 och stora \u00e4lskare av designklassiker. <\/p>\n<p>Huvudsakliga f\u00f6rdelar:<br \/>\n&#8211; tre avtagbara st\u00e4nger som en del av spj\u00e4ls\u00e4ngens ram g\u00f6r att ditt barn kan kliva in och ut ur s\u00e4ngen fritt,<br \/>\n&#8211; tre niv\u00e5er f\u00f6r madrassens l\u00e4ge anpassade efter barnets utveckling (58\/45,5\/28 cm fr\u00e5n golvet),<br \/>\n&#8211; kan omvandlas till en soffa genom att ta bort en av ramarna,<br \/>\n&#8211; f\u00f6rberedd f\u00f6r montering av barri\u00e4rer som skyddar barnet mot att falla ur s\u00e4ngen medan det sover (tillval),<br \/>\n&#8211; rymlig l\u00e5da med hjul och gummikant, s\u00e4ker f\u00f6r ditt golv,<br \/>\n&#8211; uppfyller europeiska s\u00e4kerhetsstandarder och normer. <\/p>\n<p>M\u00e5tt (cm):<br \/>\nl\u00e4ngd: 149,3<br \/>\nbredd: 78,4<br \/>\nh\u00f6jd: 96,9 <\/p>\n<p>Ytterligare information:<br \/>\n&#8211; madrass med f\u00f6ljande m\u00e5tt passar spj\u00e4ls\u00e4ngen: 140 cm x 70 cm<br \/>\n&#8211; livsl\u00e4ngd: upp till ca 6 \u00e5r. Design och finish: &#8211; MDF-lackerad skiva, &#8211; h\u00f6gkvalitativ laminerad skiva som \u00e4r motst\u00e5ndskraftig mot skador och fukt, l\u00e4tt att h\u00e5lla ren, &#8211; lackerad bok.- bokplywood<br \/>\n&#8211; Blum-skenor med ett system som bromsar st\u00e4ngningen av l\u00e5dorna, <\/p>\n<p>De lacker som anv\u00e4nds i tillverkningsprocessen \u00e4r s\u00e4kra f\u00f6r barn och certifierade enligt EN71\/3 <\/p>\n<p>F\u00e4rg:<br \/>\n&#8211; vit (NCS S 0505-R70B) <\/p>\n<p>Anv\u00e4ndningsanvisning:<br \/>\nM\u00f6blerna ska torkas av med en mjuk bomullsduk fuktad med vatten eller ett m\u00f6belv\u00e5rdsmedel. <\/p>\n<p>Montering:<br \/>\nM\u00f6blerna levereras i paket f\u00f6r sj\u00e4lvmontering. Detaljerade monteringsanvisningar medf\u00f6ljer i paketen tillsammans med tillbeh\u00f6ren.<\/p>\n","protected":false},"excerpt":{"rendered":"<p>Lyx, fantasi, stil Kollektion f\u00f6r en riktig prinsessa och en riktig prins. Inredningen pr\u00e4glas av fantastiska former, eleganta ytbehandlingar och stilfulla dekorationer. M\u00f6bler f\u00f6r de mest kr\u00e4sna smakerna. F\u00f6r b\u00e5de sm\u00e5 och stora \u00e4lskare av designklassiker. Huvudsakliga f\u00f6rdelar: &#8211; tre avtagbara st\u00e4nger som en del av spj\u00e4ls\u00e4ngens ram g\u00f6r att ditt barn kan kliva in [&hellip;]<\/p>\n","protected":false},"featured_media":0,"comment_status":"open","ping_status":"closed","template":"","meta":[],"product_brand":[],"product_cat":[33],"product_tag":[],"class_list":{"0":"post-18960","1":"product","2":"type-product","3":"status-publish","5":"product_cat-okategoriserad","7":"first","8":"instock","9":"shipping-taxable","10":"purchasable","11":"product-type-simple"},"_links":{"self":[{"href":"https:\/\/nordicmart.andreevmaster.com\/sv\/wp-json\/wp\/v2\/product\/18960","targetHints":{"allow":["GET"]}}],"collection":[{"href":"https:\/\/nordicmart.andreevmaster.com\/sv\/wp-json\/wp\/v2\/product"}],"about":[{"href":"https:\/\/nordicmart.andreevmaster.com\/sv\/wp-json\/wp\/v2\/types\/product"}],"replies":[{"embeddable":true,"href":"https:\/\/nordicmart.andreevmaster.com\/sv\/wp-json\/wp\/v2\/comments?post=18960"}],"wp:attachment":[{"href":"https:\/\/nordicmart.andreevmaster.com\/sv\/wp-json\/wp\/v2\/media?parent=18960"}],"wp:term":[{"taxonomy":"product_brand","embeddable":true,"href":"https:\/\/nordicmart.andreevmaster.com\/sv\/wp-json\/wp\/v2\/product_brand?post=18960"},{"taxonomy":"product_cat","embeddable":true,"href":"https:\/\/nordicmart.andreevmaster.com\/sv\/wp-json\/wp\/v2\/product_cat?post=18960"},{"taxonomy":"product_tag","embeddable":true,"href":"https:\/\/nordicmart.andreevmaster.com\/sv\/wp-json\/wp\/v2\/product_tag?post=18960"}],"curies":[{"name":"wp","href":"https:\/\/api.w.org\/{rel}","templated":true}]}}