{"id":18959,"date":"2026-02-27T00:42:22","date_gmt":"2026-02-27T00:42:22","guid":{"rendered":"https:\/\/nordicmart.andreevmaster.com\/product\/royal-tidlos-vit-byra-med-4-lador\/"},"modified":"2026-02-27T08:30:23","modified_gmt":"2026-02-27T08:30:23","slug":"royal-tidlos-vit-byra-med-4-lador","status":"publish","type":"product","link":"https:\/\/nordicmart.andreevmaster.com\/sv\/produkt\/royal-tidlos-vit-byra-med-4-lador\/","title":{"rendered":"Royal  tidl\u00f6s vit byr\u00e5 med 4 l\u00e5dor"},"content":{"rendered":"<p>Byr\u00e5n Royal med 4 l\u00e5dor kombinerar klassisk design med funktionalitet och uppfyller b\u00e5de barns och vuxnas behov. Med sina eleganta detaljer och praktiska funktioner passar den perfekt i olika interi\u00f6rer och skapar en stilfull och bekv\u00e4m f\u00f6rvaringsl\u00f6sning. Den \u00e4r perfekt f\u00f6r barnrum, syskonrum eller till och med sovrum. <\/p>\n<p>Viktiga egenskaper:<br \/>\n\u2022 Rymlig f\u00f6rvaring: Fyra rymliga l\u00e5dor, varav den \u00f6versta \u00e4r uppdelad i tv\u00e5 fack, g\u00f6r det enkelt att organisera. \u2022 Elegans och ergonomi: Subtila dekorationer och praktiska, bekv\u00e4ma handtag ger byr\u00e5n en unik karakt\u00e4r, idealisk f\u00f6r barnrum eller sovrum. \u2022 M\u00e5ngsidighet: Passar andra element i Royal-kollektionen och sm\u00e4lter in perfekt i alla utrymmen \u2013 fr\u00e5n barnrum till gemensamma vardagsrum. \u2022 S\u00e4ker material: Tillverkad av certifierade material som uppfyller s\u00e4kerhetsstandarder, vilket g\u00f6r den s\u00e4ker och barnv\u00e4nlig.<\/p>\n<p>Material och ytbehandling:<br \/>\n\u2022 L\u00e5dfront, topp, botten: Vitlackerad MDF-skiva.<br \/>\n\u2022 Stomme och sidor: H\u00f6gkvalitativ laminerad skiva, motst\u00e5ndskraftig mot skador och fukt. \u2022 L\u00e5dstyrningar: Blum-styrningar med mjukst\u00e4ngningssystem s\u00e4kerst\u00e4ller tyst och smidig funktion.  <\/p>\n<p>Vattenbaserade f\u00e4rger, certifierade enligt EN71\/3-standarder f\u00f6r barnm\u00f6blers s\u00e4kerhet, anv\u00e4nds i tillverkningsprocessen. <\/p>\n<p> M\u00e5tt (cm): <\/p>\n<p>     \u2022 H\u00f6jd: 89,6<br \/>\n     \u2022 Djup: 51<br \/>\n     \u2022 Bredd: 120 <\/p>\n<p>L\u00e5dornas innerm\u00e5tt: <\/p>\n<p>   \u00f6versta l\u00e5dan \u2013 2 fack<br \/>\n       \u2013 h\u00f6jd: 14,5<br \/>\n       \u2013 djup: 41,4<br \/>\n       &#8211; bredd: 53,8 <\/p>\n<p>   mellersta och nedre l\u00e5dan<br \/>\n       &#8211; h\u00f6jd 14,5<br \/>\n       &#8211; djup 41,4<br \/>\n       &#8211; bredd 109,3 <\/p>\n<p> Tillg\u00e4ngliga f\u00e4rger: <\/p>\n<p>    \u2022 Tidl\u00f6s vit <\/p>\n<p>Sk\u00f6tselr\u00e5d:   <\/p>\n<p>Torka av byr\u00e5n med en mjuk bomullsduk fuktad med vatten eller ett milt m\u00f6belreng\u00f6ringsmedel f\u00f6r att bevara dess sk\u00f6nhet i m\u00e5nga \u00e5r fram\u00f6ver. <\/p>\n<p> Ytterligare information: <\/p>\n<p>Byr\u00e5n levereras i platta paket f\u00f6r sj\u00e4lvmontering. Paketet inneh\u00e5ller detaljerade instruktioner och alla n\u00f6dv\u00e4ndiga monteringsdelar. <\/p>\n<p>Royal byr\u00e5 med 4 l\u00e5dor \u2013 Elegans som sticker ut i alla interi\u00f6rer!<\/p>\n","protected":false},"excerpt":{"rendered":"<p>Byr\u00e5n Royal med 4 l\u00e5dor kombinerar klassisk design med funktionalitet och uppfyller b\u00e5de barns och vuxnas behov. Med sina eleganta detaljer och praktiska funktioner passar den perfekt i olika interi\u00f6rer och skapar en stilfull och bekv\u00e4m f\u00f6rvaringsl\u00f6sning. Den \u00e4r perfekt f\u00f6r barnrum, syskonrum eller till och med sovrum. Viktiga egenskaper: \u2022 Rymlig f\u00f6rvaring: Fyra rymliga [&hellip;]<\/p>\n","protected":false},"featured_media":0,"comment_status":"open","ping_status":"closed","template":"","meta":[],"product_brand":[],"product_cat":[33],"product_tag":[],"class_list":{"0":"post-18959","1":"product","2":"type-product","3":"status-publish","5":"product_cat-okategoriserad","7":"first","8":"instock","9":"shipping-taxable","10":"purchasable","11":"product-type-simple"},"_links":{"self":[{"href":"https:\/\/nordicmart.andreevmaster.com\/sv\/wp-json\/wp\/v2\/product\/18959","targetHints":{"allow":["GET"]}}],"collection":[{"href":"https:\/\/nordicmart.andreevmaster.com\/sv\/wp-json\/wp\/v2\/product"}],"about":[{"href":"https:\/\/nordicmart.andreevmaster.com\/sv\/wp-json\/wp\/v2\/types\/product"}],"replies":[{"embeddable":true,"href":"https:\/\/nordicmart.andreevmaster.com\/sv\/wp-json\/wp\/v2\/comments?post=18959"}],"wp:attachment":[{"href":"https:\/\/nordicmart.andreevmaster.com\/sv\/wp-json\/wp\/v2\/media?parent=18959"}],"wp:term":[{"taxonomy":"product_brand","embeddable":true,"href":"https:\/\/nordicmart.andreevmaster.com\/sv\/wp-json\/wp\/v2\/product_brand?post=18959"},{"taxonomy":"product_cat","embeddable":true,"href":"https:\/\/nordicmart.andreevmaster.com\/sv\/wp-json\/wp\/v2\/product_cat?post=18959"},{"taxonomy":"product_tag","embeddable":true,"href":"https:\/\/nordicmart.andreevmaster.com\/sv\/wp-json\/wp\/v2\/product_tag?post=18959"}],"curies":[{"name":"wp","href":"https:\/\/api.w.org\/{rel}","templated":true}]}}