{"id":18958,"date":"2026-02-27T00:42:22","date_gmt":"2026-02-27T00:42:22","guid":{"rendered":"https:\/\/nordicmart.andreevmaster.com\/product\/royal-tidlost-vitt-skrivbord\/"},"modified":"2026-02-27T08:30:23","modified_gmt":"2026-02-27T08:30:23","slug":"royal-tidlost-vitt-skrivbord","status":"publish","type":"product","link":"https:\/\/nordicmart.andreevmaster.com\/sv\/produkt\/royal-tidlost-vitt-skrivbord\/","title":{"rendered":"Royal  tidl\u00f6st vitt skrivbord"},"content":{"rendered":"<p>Lyx, fantasi, stil <\/p>\n<p>Kollektion f\u00f6r en riktig prinsessa och en riktig prins. Interi\u00f6ren pr\u00e4glas av fantastiska former, \u00e4dla ytbehandlingar och stilfulla dekorationer. M\u00f6bler f\u00f6r de mest kr\u00e4sna smakerna. F\u00f6r b\u00e5de sm\u00e5 och stora \u00e4lskare av designklassiker. <\/p>\n<p>Huvudsakliga f\u00f6rdelar:  <\/p>\n<p>&#8211; 4 rymliga l\u00e5dor utrustade med kulskenor fr\u00e5n GTV, <\/p>\n<p>-1 rymligt sk\u00e5p, <\/p>\n<p>&#8211; uppfyller europeiska s\u00e4kerhetsstandarder och normer. <\/p>\n<p>M\u00e5tt (cm): h\u00f6jd: 77,6 djup: 60 bredd: 132 <\/p>\n<p>Design och ytbehandling:  &#8211; Lackerad MDF-skiva, &#8211; H\u00f6gkvalitativ laminerad skiva som \u00e4r motst\u00e5ndskraftig mot skador och fukt, l\u00e4tt att h\u00e5lla ren, &#8211; De lacker som anv\u00e4nds i tillverkningsprocessen \u00e4r s\u00e4kra f\u00f6r barn och certifierade enligt EN71\/3 &#8211; F\u00e4rg: &#8211; Vit (NCS S 0505-R70B) &#8211; Anv\u00e4ndningsinstruktioner: M\u00f6blerna ska torkas av med en mjuk bomullsduk fuktad med vatten eller ett m\u00f6belv\u00e5rdsmedel. Montering: M\u00f6blerna levereras i paket f\u00f6r sj\u00e4lvmontering. Detaljerade monteringsanvisningar medf\u00f6ljer i paketen tillsammans med utrustningen.<\/p>\n","protected":false},"excerpt":{"rendered":"<p>Lyx, fantasi, stil Kollektion f\u00f6r en riktig prinsessa och en riktig prins. Interi\u00f6ren pr\u00e4glas av fantastiska former, \u00e4dla ytbehandlingar och stilfulla dekorationer. M\u00f6bler f\u00f6r de mest kr\u00e4sna smakerna. F\u00f6r b\u00e5de sm\u00e5 och stora \u00e4lskare av designklassiker. Huvudsakliga f\u00f6rdelar: &#8211; 4 rymliga l\u00e5dor utrustade med kulskenor fr\u00e5n GTV, -1 rymligt sk\u00e5p, &#8211; uppfyller europeiska s\u00e4kerhetsstandarder och [&hellip;]<\/p>\n","protected":false},"featured_media":0,"comment_status":"open","ping_status":"closed","template":"","meta":[],"product_brand":[],"product_cat":[33],"product_tag":[],"class_list":{"0":"post-18958","1":"product","2":"type-product","3":"status-publish","5":"product_cat-okategoriserad","7":"first","8":"instock","9":"shipping-taxable","10":"purchasable","11":"product-type-simple"},"_links":{"self":[{"href":"https:\/\/nordicmart.andreevmaster.com\/sv\/wp-json\/wp\/v2\/product\/18958","targetHints":{"allow":["GET"]}}],"collection":[{"href":"https:\/\/nordicmart.andreevmaster.com\/sv\/wp-json\/wp\/v2\/product"}],"about":[{"href":"https:\/\/nordicmart.andreevmaster.com\/sv\/wp-json\/wp\/v2\/types\/product"}],"replies":[{"embeddable":true,"href":"https:\/\/nordicmart.andreevmaster.com\/sv\/wp-json\/wp\/v2\/comments?post=18958"}],"wp:attachment":[{"href":"https:\/\/nordicmart.andreevmaster.com\/sv\/wp-json\/wp\/v2\/media?parent=18958"}],"wp:term":[{"taxonomy":"product_brand","embeddable":true,"href":"https:\/\/nordicmart.andreevmaster.com\/sv\/wp-json\/wp\/v2\/product_brand?post=18958"},{"taxonomy":"product_cat","embeddable":true,"href":"https:\/\/nordicmart.andreevmaster.com\/sv\/wp-json\/wp\/v2\/product_cat?post=18958"},{"taxonomy":"product_tag","embeddable":true,"href":"https:\/\/nordicmart.andreevmaster.com\/sv\/wp-json\/wp\/v2\/product_tag?post=18958"}],"curies":[{"name":"wp","href":"https:\/\/api.w.org\/{rel}","templated":true}]}}