{"id":18956,"date":"2026-02-27T00:42:21","date_gmt":"2026-02-27T00:42:21","guid":{"rendered":"https:\/\/nordicmart.andreevmaster.com\/product\/songmics-forvaringsbox-3-pack-for-barn\/"},"modified":"2026-02-27T08:30:22","modified_gmt":"2026-02-27T08:30:22","slug":"songmics-forvaringsbox-3-pack-for-barn","status":"publish","type":"product","link":"https:\/\/nordicmart.andreevmaster.com\/sv\/produkt\/songmics-forvaringsbox-3-pack-for-barn\/","title":{"rendered":"SONGMICS f\u00f6rvaringsbox 3-pack f\u00f6r barn"},"content":{"rendered":"<p>Dessa f\u00f6rvaringsl\u00e5dor har inte bara attraktiva m\u00f6nster som g\u00f6r det roligt f\u00f6r barn att st\u00e4da, utan \u00e4r ocks\u00e5 praktiska: &#8211; Magnetiskt lock: Kan \u00f6ppnas och f\u00e4stas p\u00e5 den \u00f6vre l\u00e5dan s\u00e5 att barnen l\u00e4tt kan hitta och komma \u00e5t sina saker. &#8211; Stapelbara: Kardborrebandet p\u00e5 baksidan av varje l\u00e5da g\u00f6r det enkelt att stapla dem f\u00f6r att utnyttja det vertikala f\u00f6rvaringsutrymmet optimalt. &#8211; Med handtag: De m\u00e5ngsidiga l\u00e5dorna \u00e4r l\u00e4tta att placera i hyllor, sk\u00e5p, barnrum, vardagsrum etc. &#8211; Vikbar design: G\u00f6r montering och f\u00f6rvaring till en barnlek. Produktdetaljer: &#8211; F\u00e4rg: Beige &#8211; Material: Non-woven tyg, kartong &#8211; Storlek per l\u00e5da: 38 x 35 x 25 cm (L x B x H) &#8211; Totalvikt: 3,3 kg &#8211; Max. statisk belastningskapacitet per l\u00e5da: 10 kg Leveransomfattning: &#8211; 3 x f\u00f6rvaringsl\u00e5da SONGMICS Anm\u00e4rkningar:- L\u00e5dorna \u00e4r inte tv\u00e4ttbara; det rekommenderas att torka bort smuts med en fuktig trasa. &#8211; Placera produkten p\u00e5 en v\u00e4l ventilerad plats om den avger en obehaglig lukt efter uppackningen. &#8211; Uts\u00e4tt inte produkten f\u00f6r direkt solljus eller h\u00f6g luftfuktighet under en l\u00e4ngre tid.- Den maximala belastningen f\u00f6r varje l\u00e5da \u00e4r 10 kg. Placera inte f\u00f6r tunga f\u00f6rem\u00e5l i l\u00e5dan.<\/p>\n","protected":false},"excerpt":{"rendered":"<p>SONGMICS f\u00f6rvaringsboxar f\u00f6r barn, 3-pack, vikbara l\u00e5dor, leksaksl\u00e5da med lock, 38 x 35 x 25 cm, f\u00f6r barnrum, leksaksrum, rymdtema, beige RLB700M01<\/p>\n","protected":false},"featured_media":45933,"comment_status":"open","ping_status":"closed","template":"","meta":[],"product_brand":[],"product_cat":[33],"product_tag":[],"class_list":{"0":"post-18956","1":"product","2":"type-product","3":"status-publish","4":"has-post-thumbnail","6":"product_cat-okategoriserad","8":"first","9":"instock","10":"shipping-taxable","11":"purchasable","12":"product-type-simple"},"_links":{"self":[{"href":"https:\/\/nordicmart.andreevmaster.com\/sv\/wp-json\/wp\/v2\/product\/18956","targetHints":{"allow":["GET"]}}],"collection":[{"href":"https:\/\/nordicmart.andreevmaster.com\/sv\/wp-json\/wp\/v2\/product"}],"about":[{"href":"https:\/\/nordicmart.andreevmaster.com\/sv\/wp-json\/wp\/v2\/types\/product"}],"replies":[{"embeddable":true,"href":"https:\/\/nordicmart.andreevmaster.com\/sv\/wp-json\/wp\/v2\/comments?post=18956"}],"wp:featuredmedia":[{"embeddable":true,"href":"https:\/\/nordicmart.andreevmaster.com\/sv\/wp-json\/wp\/v2\/media\/45933"}],"wp:attachment":[{"href":"https:\/\/nordicmart.andreevmaster.com\/sv\/wp-json\/wp\/v2\/media?parent=18956"}],"wp:term":[{"taxonomy":"product_brand","embeddable":true,"href":"https:\/\/nordicmart.andreevmaster.com\/sv\/wp-json\/wp\/v2\/product_brand?post=18956"},{"taxonomy":"product_cat","embeddable":true,"href":"https:\/\/nordicmart.andreevmaster.com\/sv\/wp-json\/wp\/v2\/product_cat?post=18956"},{"taxonomy":"product_tag","embeddable":true,"href":"https:\/\/nordicmart.andreevmaster.com\/sv\/wp-json\/wp\/v2\/product_tag?post=18956"}],"curies":[{"name":"wp","href":"https:\/\/api.w.org\/{rel}","templated":true}]}}