{"id":18955,"date":"2026-02-27T00:42:21","date_gmt":"2026-02-27T00:42:21","guid":{"rendered":"https:\/\/nordicmart.andreevmaster.com\/product\/songmics-forvaringslador-4-st-stapelbara\/"},"modified":"2026-02-27T08:30:22","modified_gmt":"2026-02-27T08:30:22","slug":"songmics-forvaringslador-4-st-stapelbara","status":"publish","type":"product","link":"https:\/\/nordicmart.andreevmaster.com\/sv\/produkt\/songmics-forvaringslador-4-st-stapelbara\/","title":{"rendered":"SONGMICS f\u00f6rvaringsl\u00e5dor 4 st stapelbara"},"content":{"rendered":"<p>Utnyttja ditt utrymme optimalt Dessa tygboxar kan staplas p\u00e5 varandra f\u00f6r att b\u00e4ttre utnyttja det vertikala utrymmet i ditt hem. J\u00e4rnramen med en diameter p\u00e5 3 mm och den inre kartongstrukturen ger god stabilitet utan att boxarna deformeras. Dessutom kan dessa boxar kopplas ihop med varandra med hj\u00e4lp av kardborreband p\u00e5 baksidan. N\u00e4r du inte anv\u00e4nder l\u00e5dorna kan du f\u00e4lla ihop dem och p\u00e5 s\u00e5 s\u00e4tt skapa plats f\u00f6r andra f\u00f6rem\u00e5l. Ett set, tusen anv\u00e4ndningsm\u00f6jligheter \u2013 I sovrummet: I garderoben f\u00f6r att f\u00f6rvara dina kl\u00e4der snyggt och prydligt; bredvid s\u00e4ngen f\u00f6r att f\u00f6rvara sm\u00e5saker som du vill ha n\u00e4ra till hands. \u2013 I vardagsrummet: F\u00f6r b\u00f6cker, tidningar och tidskrifter. \u2013 I hallen: F\u00f6r skor, v\u00e4skor etc. \u2013 I barnrummet: F\u00f6r leksaker och barnens kl\u00e4der. Produktdetaljer: &#8211; F\u00e4rg: \u00d6verdrag i gr\u00e5tt, innerfoder i beige. &#8211; Material: Linne, 3 mm tjock kartong, \u00d8 3 mm j\u00e4rnram, 80 g\/\u33a1 non-woven-tyg. &#8211; M\u00e5tt p\u00e5 den stora l\u00e5dan: 50 x 35 x 25 cm (L x B x H). &#8211; M\u00e5tt p\u00e5 den lilla l\u00e5dan: 25 x 35 x 25 cm (L x B x H) &#8211; Totalvikt: 5,2 kg &#8211; Max. belastningskapacitet per l\u00e5da: 10 kg Leveransomfattning: &#8211; 2 x stor l\u00e5da &#8211; 2 x liten l\u00e5da &#8211; 1 x bruksanvisning (DE, EN, IT, FR, ES) SONGMICS Anm\u00e4rkningar: &#8211; Den maximala belastningskapaciteten f\u00f6r varje l\u00e5da \u00e4r 10 kg. L\u00e4gg inte f\u00f6r tunga f\u00f6rem\u00e5l i boxen. &#8211; Boxarna \u00e4r inte tv\u00e4ttbara; vi rekommenderar att du torkar bort smuts med en fuktig trasa. &#8211; Placera produkten p\u00e5 en v\u00e4l ventilerad plats om den avger en obehaglig lukt efter uppackningen.<\/p>\n","protected":false},"excerpt":{"rendered":"<p>SONGMICS stapelbar f\u00f6rvaringsl\u00e5da med lock, 4-pack, leksaksorganiserare, metallram, magnetl\u00e5s, f\u00f6r kl\u00e4der, leksaker och b\u00f6cker, gr\u00e5 RLB22GY<\/p>\n","protected":false},"featured_media":45932,"comment_status":"open","ping_status":"closed","template":"","meta":[],"product_brand":[],"product_cat":[33],"product_tag":[],"class_list":{"0":"post-18955","1":"product","2":"type-product","3":"status-publish","4":"has-post-thumbnail","6":"product_cat-okategoriserad","8":"first","9":"instock","10":"shipping-taxable","11":"purchasable","12":"product-type-simple"},"_links":{"self":[{"href":"https:\/\/nordicmart.andreevmaster.com\/sv\/wp-json\/wp\/v2\/product\/18955","targetHints":{"allow":["GET"]}}],"collection":[{"href":"https:\/\/nordicmart.andreevmaster.com\/sv\/wp-json\/wp\/v2\/product"}],"about":[{"href":"https:\/\/nordicmart.andreevmaster.com\/sv\/wp-json\/wp\/v2\/types\/product"}],"replies":[{"embeddable":true,"href":"https:\/\/nordicmart.andreevmaster.com\/sv\/wp-json\/wp\/v2\/comments?post=18955"}],"wp:featuredmedia":[{"embeddable":true,"href":"https:\/\/nordicmart.andreevmaster.com\/sv\/wp-json\/wp\/v2\/media\/45932"}],"wp:attachment":[{"href":"https:\/\/nordicmart.andreevmaster.com\/sv\/wp-json\/wp\/v2\/media?parent=18955"}],"wp:term":[{"taxonomy":"product_brand","embeddable":true,"href":"https:\/\/nordicmart.andreevmaster.com\/sv\/wp-json\/wp\/v2\/product_brand?post=18955"},{"taxonomy":"product_cat","embeddable":true,"href":"https:\/\/nordicmart.andreevmaster.com\/sv\/wp-json\/wp\/v2\/product_cat?post=18955"},{"taxonomy":"product_tag","embeddable":true,"href":"https:\/\/nordicmart.andreevmaster.com\/sv\/wp-json\/wp\/v2\/product_tag?post=18955"}],"curies":[{"name":"wp","href":"https:\/\/api.w.org\/{rel}","templated":true}]}}