{"id":18952,"date":"2026-02-27T00:42:20","date_gmt":"2026-02-27T00:42:20","guid":{"rendered":"https:\/\/nordicmart.andreevmaster.com\/product\/songmics-forvaringslador-med-metallram\/"},"modified":"2026-02-27T08:30:21","modified_gmt":"2026-02-27T08:30:21","slug":"songmics-forvaringslador-med-metallram","status":"publish","type":"product","link":"https:\/\/nordicmart.andreevmaster.com\/sv\/produkt\/songmics-forvaringslador-med-metallram\/","title":{"rendered":"SONGMICS f\u00f6rvaringsl\u00e5dor med metallram"},"content":{"rendered":"<p>Stapelbara: Du kan stapla dessa l\u00e5dor efter behov och placera dem i garderoben, p\u00e5 hyllan eller vid s\u00e4ngens huvudgavel f\u00f6r att f\u00f6rvara kl\u00e4der, leksaker, b\u00f6cker, skor, v\u00e4skor etc. p\u00e5 ett ordnat s\u00e4tt. Magnetl\u00e5s: F\u00e4llbara locket \u00f6ppnas upp\u00e5t och kan alltid f\u00f6rbli i detta \u00f6ppna l\u00e4ge tack vare magneterna inuti. Detta g\u00f6r det enkelt att komma \u00e5t sakerna som f\u00f6rvaras i boxen. St\u00f6dd av metallram: Varje box har en robust metallram (\u00d8 5 mm) p\u00e5 insidan, vilket ger god stabilitet vid stapling. Ovansidan \u00e4r f\u00f6rsedd med kardborreband, vilket f\u00f6rhindrar o\u00f6nskad r\u00f6relse. Vikbar: Vik ihop boxen n\u00e4r den inte anv\u00e4nds f\u00f6r att spara mer plats.Produktdetaljer: F\u00e4rg: gr\u00e5 Material: imiterat linne, kartong, MDF-skiva, metallring M\u00e5tt: 38 x 25 x 26,5\/35 cm (B x H x D) Vikt: 2,8 (5,6) kg \/ set Leveransomfattning: 4 x f\u00f6rvaringsbox<\/p>\n","protected":false},"excerpt":{"rendered":"<p>SONGMICS 4-pack f\u00f6rvaringsl\u00e5dor med magnetiskt lock, stapelbara vikbara l\u00e5dor med tygkl\u00e4dsel, metallram och handtag p\u00e5 sidorna, f\u00f6r accessoarer, leksaker, kl\u00e4der RLB04GY<\/p>\n","protected":false},"featured_media":45929,"comment_status":"open","ping_status":"closed","template":"","meta":[],"product_brand":[],"product_cat":[33],"product_tag":[],"class_list":{"0":"post-18952","1":"product","2":"type-product","3":"status-publish","4":"has-post-thumbnail","6":"product_cat-okategoriserad","8":"first","9":"instock","10":"shipping-taxable","11":"purchasable","12":"product-type-simple"},"_links":{"self":[{"href":"https:\/\/nordicmart.andreevmaster.com\/sv\/wp-json\/wp\/v2\/product\/18952","targetHints":{"allow":["GET"]}}],"collection":[{"href":"https:\/\/nordicmart.andreevmaster.com\/sv\/wp-json\/wp\/v2\/product"}],"about":[{"href":"https:\/\/nordicmart.andreevmaster.com\/sv\/wp-json\/wp\/v2\/types\/product"}],"replies":[{"embeddable":true,"href":"https:\/\/nordicmart.andreevmaster.com\/sv\/wp-json\/wp\/v2\/comments?post=18952"}],"wp:featuredmedia":[{"embeddable":true,"href":"https:\/\/nordicmart.andreevmaster.com\/sv\/wp-json\/wp\/v2\/media\/45929"}],"wp:attachment":[{"href":"https:\/\/nordicmart.andreevmaster.com\/sv\/wp-json\/wp\/v2\/media?parent=18952"}],"wp:term":[{"taxonomy":"product_brand","embeddable":true,"href":"https:\/\/nordicmart.andreevmaster.com\/sv\/wp-json\/wp\/v2\/product_brand?post=18952"},{"taxonomy":"product_cat","embeddable":true,"href":"https:\/\/nordicmart.andreevmaster.com\/sv\/wp-json\/wp\/v2\/product_cat?post=18952"},{"taxonomy":"product_tag","embeddable":true,"href":"https:\/\/nordicmart.andreevmaster.com\/sv\/wp-json\/wp\/v2\/product_tag?post=18952"}],"curies":[{"name":"wp","href":"https:\/\/api.w.org\/{rel}","templated":true}]}}