{"id":18951,"date":"2026-02-27T00:42:20","date_gmt":"2026-02-27T00:42:20","guid":{"rendered":"https:\/\/nordicmart.andreevmaster.com\/product\/songmics-2-forvaringslador-med-lock\/"},"modified":"2026-02-27T08:30:21","modified_gmt":"2026-02-27T08:30:21","slug":"songmics-2-forvaringslador-med-lock","status":"publish","type":"product","link":"https:\/\/nordicmart.andreevmaster.com\/sv\/produkt\/songmics-2-forvaringslador-med-lock\/","title":{"rendered":"SONGMICS 2 f\u00f6rvaringsl\u00e5dor med lock"},"content":{"rendered":"<p>SONGMICS f\u00f6rvaringsl\u00e5dor erbjuder smarta f\u00f6rvaringsl\u00f6sningar som ger dig mer utrymme i din garderob, hylla etc. Med metallringen och kardborrebanden p\u00e5 baksidan kan flera f\u00f6rvaringsl\u00e5dor staplas p\u00e5 varandra utan att deformeras, \u00e4ven under h\u00f6g belastning. Det uppf\u00e4llbara locket med magnetl\u00e5s g\u00f6r det enkelt att ta ut\/l\u00e4gga in f\u00f6rem\u00e5l. I dessa l\u00e5dor kan du enkelt f\u00f6rvara artiklar f\u00f6r daglig anv\u00e4ndning och skapa ordning i ditt sk\u00e5p. Vad v\u00e4ntar du p\u00e5? Du kommer inte \u00e5ngra ditt k\u00f6p. Produktdetaljer: &#8211; F\u00e4rg: gr\u00e5 &#8211; Material: imiterat linne, kartong, MDF-skivor, metallring &#8211; M\u00e5tt: 38 x 25 x 26,5\/35 cm (B x H x D) &#8211; Vikt: 2,8 kg\/set (RLB02GY) Leveransomfattning:  &#8211; 2 x f\u00f6rvaringsl\u00e5da SONGMICS Obs! &#8211; Produkten \u00e4r inte tv\u00e4ttbar. Smuts kan torkas bort med en fuktig trasa och l\u00e5t sedan boxen torka p\u00e5 en v\u00e4l ventilerad plats.<\/p>\n","protected":false},"excerpt":{"rendered":"<p>SONGMICS 2-pack f\u00f6rvaringsl\u00e5dor med magnetiskt lock, stapelbara vikbara l\u00e5dor med tygkl\u00e4dsel, metallram och handtag p\u00e5 sidorna, f\u00f6r accessoarer, leksaker, kl\u00e4der RLB02GY<\/p>\n","protected":false},"featured_media":45928,"comment_status":"open","ping_status":"closed","template":"","meta":[],"product_brand":[],"product_cat":[33],"product_tag":[],"class_list":{"0":"post-18951","1":"product","2":"type-product","3":"status-publish","4":"has-post-thumbnail","6":"product_cat-okategoriserad","8":"first","9":"instock","10":"shipping-taxable","11":"purchasable","12":"product-type-simple"},"_links":{"self":[{"href":"https:\/\/nordicmart.andreevmaster.com\/sv\/wp-json\/wp\/v2\/product\/18951","targetHints":{"allow":["GET"]}}],"collection":[{"href":"https:\/\/nordicmart.andreevmaster.com\/sv\/wp-json\/wp\/v2\/product"}],"about":[{"href":"https:\/\/nordicmart.andreevmaster.com\/sv\/wp-json\/wp\/v2\/types\/product"}],"replies":[{"embeddable":true,"href":"https:\/\/nordicmart.andreevmaster.com\/sv\/wp-json\/wp\/v2\/comments?post=18951"}],"wp:featuredmedia":[{"embeddable":true,"href":"https:\/\/nordicmart.andreevmaster.com\/sv\/wp-json\/wp\/v2\/media\/45928"}],"wp:attachment":[{"href":"https:\/\/nordicmart.andreevmaster.com\/sv\/wp-json\/wp\/v2\/media?parent=18951"}],"wp:term":[{"taxonomy":"product_brand","embeddable":true,"href":"https:\/\/nordicmart.andreevmaster.com\/sv\/wp-json\/wp\/v2\/product_brand?post=18951"},{"taxonomy":"product_cat","embeddable":true,"href":"https:\/\/nordicmart.andreevmaster.com\/sv\/wp-json\/wp\/v2\/product_cat?post=18951"},{"taxonomy":"product_tag","embeddable":true,"href":"https:\/\/nordicmart.andreevmaster.com\/sv\/wp-json\/wp\/v2\/product_tag?post=18951"}],"curies":[{"name":"wp","href":"https:\/\/api.w.org\/{rel}","templated":true}]}}