{"id":18950,"date":"2026-02-27T00:42:20","date_gmt":"2026-02-27T00:42:20","guid":{"rendered":"https:\/\/nordicmart.andreevmaster.com\/product\/songmics-vikbara-lador-2-pack-med-lock-beige\/"},"modified":"2026-02-27T08:30:21","modified_gmt":"2026-02-27T08:30:21","slug":"songmics-vikbara-lador-2-pack-med-lock-beige","status":"publish","type":"product","link":"https:\/\/nordicmart.andreevmaster.com\/sv\/produkt\/songmics-vikbara-lador-2-pack-med-lock-beige\/","title":{"rendered":"SONGMICS vikbara l\u00e5dor, 2-pack med lock, beige"},"content":{"rendered":"<p>SONGMICS f\u00f6rvaringsl\u00e5dor erbjuder smarta f\u00f6rvaringsl\u00f6sningar f\u00f6r att skapa mer f\u00f6rvaringsutrymme p\u00e5 liten yta, t.ex. i garderober, hyllor etc. Tack vare metallringen och kardborrebandet p\u00e5 baksidan deformeras inte f\u00f6rvaringsl\u00e5dorna n\u00e4r de staplas, \u00e4ven under h\u00f6g belastning. Det uppf\u00e4llbara locket med magnetl\u00e5s g\u00f6r det enkelt att ta ut f\u00f6rem\u00e5len. F\u00e4rgkombinationen gr\u00e5 och beige passar b\u00e5de unga och gamla. Med l\u00e5dorna kan du f\u00f6rvara dina dagliga behov perfekt och ha dem snabbt till hands. Vad v\u00e4ntar du p\u00e5? Du kommer inte \u00e5ngra ditt k\u00f6p. Produktdetaljer: &#8211; F\u00e4rg: beige, gr\u00e5 &#8211; Material: imiterat linne, kartong, MDF-skiva, metallring &#8211; M\u00e5tt: 38 x 25 x 26,5\/35 cm (B x H x D) &#8211; Vikt: 2,8 kg \/ set Leveransomfattning: &#8211; 2 x f\u00f6rvaringsbox SONGMICS Anm\u00e4rkning: &#8211; Sk\u00f6lj inte med vatten. Vid fl\u00e4ckar och smuts, torka av ytan med en l\u00e4tt fuktig trasa och l\u00e5t sedan torka p\u00e5 en v\u00e4l ventilerad plats.<\/p>\n","protected":false},"excerpt":{"rendered":"<p>SONGMICS 2-pack f\u00f6rvaringsl\u00e5dor med magnetiskt lock, stapelbara vikbara l\u00e5dor med tygkl\u00e4dsel, metallram och handtag p\u00e5 sidorna, f\u00f6r accessoarer, leksaker, kl\u00e4der RLB02GY<\/p>\n","protected":false},"featured_media":45927,"comment_status":"open","ping_status":"closed","template":"","meta":[],"product_brand":[],"product_cat":[33],"product_tag":[],"class_list":{"0":"post-18950","1":"product","2":"type-product","3":"status-publish","4":"has-post-thumbnail","6":"product_cat-okategoriserad","8":"first","9":"instock","10":"shipping-taxable","11":"purchasable","12":"product-type-simple"},"_links":{"self":[{"href":"https:\/\/nordicmart.andreevmaster.com\/sv\/wp-json\/wp\/v2\/product\/18950","targetHints":{"allow":["GET"]}}],"collection":[{"href":"https:\/\/nordicmart.andreevmaster.com\/sv\/wp-json\/wp\/v2\/product"}],"about":[{"href":"https:\/\/nordicmart.andreevmaster.com\/sv\/wp-json\/wp\/v2\/types\/product"}],"replies":[{"embeddable":true,"href":"https:\/\/nordicmart.andreevmaster.com\/sv\/wp-json\/wp\/v2\/comments?post=18950"}],"wp:featuredmedia":[{"embeddable":true,"href":"https:\/\/nordicmart.andreevmaster.com\/sv\/wp-json\/wp\/v2\/media\/45927"}],"wp:attachment":[{"href":"https:\/\/nordicmart.andreevmaster.com\/sv\/wp-json\/wp\/v2\/media?parent=18950"}],"wp:term":[{"taxonomy":"product_brand","embeddable":true,"href":"https:\/\/nordicmart.andreevmaster.com\/sv\/wp-json\/wp\/v2\/product_brand?post=18950"},{"taxonomy":"product_cat","embeddable":true,"href":"https:\/\/nordicmart.andreevmaster.com\/sv\/wp-json\/wp\/v2\/product_cat?post=18950"},{"taxonomy":"product_tag","embeddable":true,"href":"https:\/\/nordicmart.andreevmaster.com\/sv\/wp-json\/wp\/v2\/product_tag?post=18950"}],"curies":[{"name":"wp","href":"https:\/\/api.w.org\/{rel}","templated":true}]}}