{"id":18949,"date":"2026-02-27T00:42:19","date_gmt":"2026-02-27T00:42:19","guid":{"rendered":"https:\/\/nordicmart.andreevmaster.com\/product\/songmics-forvaringslada-med-lock-och-magnetlas-sandbeige\/"},"modified":"2026-02-27T08:30:21","modified_gmt":"2026-02-27T08:30:21","slug":"songmics-forvaringslada-med-lock-och-magnetlas-sandbeige","status":"publish","type":"product","link":"https:\/\/nordicmart.andreevmaster.com\/sv\/produkt\/songmics-forvaringslada-med-lock-och-magnetlas-sandbeige\/","title":{"rendered":"SONGMICS f\u00f6rvaringsl\u00e5da med lock och magnetl\u00e5s, sandbeige"},"content":{"rendered":"<p>SONGMICS f\u00f6rvaringsl\u00e5da med lock, 4-pack garderobsorganiserare, stapelbar, vikbar l\u00e5da med magnetl\u00e5s, tygl\u00e5dor f\u00f6r f\u00f6rvaring av kl\u00e4der, b\u00f6cker<br \/>\nF\u00e4rg: Sandbeige<br \/>\nMaterial: Polyester-linne-blandv\u00e4v, Oxford-v\u00e4v, non-woven-tyg, kartong, metallram<br \/>\nStorlek p\u00e5 den stora l\u00e5dan: 35 x 50 x 25 cm (D x B x H)<br \/>\nStorlek p\u00e5 den lilla l\u00e5dan: 35 x 25 x 25 cm (D x B x H)<br \/>\nTotalvikt: 5,1 kg<br \/>\nMax. statisk belastningskapacitet per l\u00e5da: 10 kg<\/p>\n","protected":false},"excerpt":{"rendered":"<p>SONGMICS f\u00f6rvaringsl\u00e5da med lock, 4-pack garderobsorganiserare, stapelbar, vikbar l\u00e5da med magnetl\u00e5s, tygl\u00e5dor f\u00f6r f\u00f6rvaring av kl\u00e4der, b\u00f6cker<\/p>\n","protected":false},"featured_media":45926,"comment_status":"open","ping_status":"closed","template":"","meta":[],"product_brand":[],"product_cat":[33],"product_tag":[],"class_list":{"0":"post-18949","1":"product","2":"type-product","3":"status-publish","4":"has-post-thumbnail","6":"product_cat-okategoriserad","8":"first","9":"instock","10":"shipping-taxable","11":"purchasable","12":"product-type-simple"},"_links":{"self":[{"href":"https:\/\/nordicmart.andreevmaster.com\/sv\/wp-json\/wp\/v2\/product\/18949","targetHints":{"allow":["GET"]}}],"collection":[{"href":"https:\/\/nordicmart.andreevmaster.com\/sv\/wp-json\/wp\/v2\/product"}],"about":[{"href":"https:\/\/nordicmart.andreevmaster.com\/sv\/wp-json\/wp\/v2\/types\/product"}],"replies":[{"embeddable":true,"href":"https:\/\/nordicmart.andreevmaster.com\/sv\/wp-json\/wp\/v2\/comments?post=18949"}],"wp:featuredmedia":[{"embeddable":true,"href":"https:\/\/nordicmart.andreevmaster.com\/sv\/wp-json\/wp\/v2\/media\/45926"}],"wp:attachment":[{"href":"https:\/\/nordicmart.andreevmaster.com\/sv\/wp-json\/wp\/v2\/media?parent=18949"}],"wp:term":[{"taxonomy":"product_brand","embeddable":true,"href":"https:\/\/nordicmart.andreevmaster.com\/sv\/wp-json\/wp\/v2\/product_brand?post=18949"},{"taxonomy":"product_cat","embeddable":true,"href":"https:\/\/nordicmart.andreevmaster.com\/sv\/wp-json\/wp\/v2\/product_cat?post=18949"},{"taxonomy":"product_tag","embeddable":true,"href":"https:\/\/nordicmart.andreevmaster.com\/sv\/wp-json\/wp\/v2\/product_tag?post=18949"}],"curies":[{"name":"wp","href":"https:\/\/api.w.org\/{rel}","templated":true}]}}