{"id":18947,"date":"2026-02-27T00:42:19","date_gmt":"2026-02-27T00:42:19","guid":{"rendered":"https:\/\/nordicmart.andreevmaster.com\/product\/songmics-2-pack-forvaringslador-i-tyg\/"},"modified":"2026-02-27T08:30:20","modified_gmt":"2026-02-27T08:30:20","slug":"songmics-2-pack-forvaringslador-i-tyg","status":"publish","type":"product","link":"https:\/\/nordicmart.andreevmaster.com\/sv\/produkt\/songmics-2-pack-forvaringslador-i-tyg\/","title":{"rendered":"SONGMICS 2-pack f\u00f6rvaringsl\u00e5dor i tyg"},"content":{"rendered":"<p>Dessa tv\u00e5 f\u00f6rvaringsl\u00e5dor fr\u00e5n SONGMICS \u00e4r till stor hj\u00e4lp n\u00e4r du ska st\u00e4da undan alla olika saker som du inte har n\u00e5gon l\u00e4mplig plats f\u00f6r: kl\u00e4der, leksaker, fotoalbum, gamla b\u00f6cker och s\u00e5 vidare. Utnyttja utrymmet p\u00e5 b\u00e4sta s\u00e4tt Stapla l\u00e5dorna f\u00f6r att utnyttja det vertikala utrymmet optimalt. Metallstommen och den h\u00f6gkvalitativa kartongen garanterar stabilitet. Oroa dig inte f\u00f6r att l\u00e5dorna ska vackla. N\u00e4r l\u00e5dorna inte anv\u00e4nds kan du f\u00e4lla ihop dem f\u00f6r att spara plats. F\u00f6rdelar med dessa f\u00f6rvaringsl\u00e5dor: &#8211; I sovrummet: Placera dem i garderoben eller bredvid s\u00e4ngen f\u00f6r att f\u00f6rvara dina vardagskl\u00e4der. &#8211; I vardagsrummet: St\u00e4ll dem bredvid soffan eller under soffbordet f\u00f6r att f\u00f6rvara b\u00f6cker och tidningar som du l\u00e4ser ofta. &#8211; I hallen: F\u00f6rvara dina v\u00e4skor, m\u00f6ssor och liknande i dem. &#8211; I barnrummet: St\u00e4ll dem p\u00e5 hyllan f\u00f6r att st\u00e4da undan barnens leksaker och kl\u00e4der. Produktdetaljer: &#8211; F\u00e4rg: Gr\u00e5 &#8211; Material: Kartong, non-woven-tyg, metallstomme &#8211; Storlek per l\u00e5da: 38 x 35 x 25 cm (B x D x H) &#8211; Totalvikt f\u00f6r de 2 l\u00e5dorna: 2,8 kg &#8211; Max. statisk belastningskapacitet per l\u00e5da: 10 kg Leveransomfattning: &#8211; 2 x f\u00f6rvaringsl\u00e5da SONGMICS Anm\u00e4rkningar: &#8211; Det kan h\u00e4nda att produkten har en svag lukt n\u00e4r den packas upp. Placera den i s\u00e5 fall p\u00e5 en v\u00e4l ventilerad plats. Lukten f\u00f6rsvinner efter en kort stund. &#8211; Uts\u00e4tt inte produkten f\u00f6r direkt solljus eller h\u00f6g luftfuktighet under en l\u00e4ngre tid. &#8211; Tv\u00e4tta inte produkten direkt med vatten. Torka av den med en fuktig trasa f\u00f6r att ta bort smuts.<\/p>\n","protected":false},"excerpt":{"rendered":"<p>SONGMICS f\u00f6rvaringsl\u00e5da med lock, 2-pack, sk\u00e5psorganiserare, stapelbar, tygl\u00e5da, genomskinligt f\u00f6nster, metallstomme, f\u00f6r b\u00f6cker, kl\u00e4der, leksaker, gr\u00e5 RLB002G02<\/p>\n","protected":false},"featured_media":45924,"comment_status":"open","ping_status":"closed","template":"","meta":[],"product_brand":[],"product_cat":[33],"product_tag":[],"class_list":{"0":"post-18947","1":"product","2":"type-product","3":"status-publish","4":"has-post-thumbnail","6":"product_cat-okategoriserad","8":"first","9":"instock","10":"shipping-taxable","11":"purchasable","12":"product-type-simple"},"_links":{"self":[{"href":"https:\/\/nordicmart.andreevmaster.com\/sv\/wp-json\/wp\/v2\/product\/18947","targetHints":{"allow":["GET"]}}],"collection":[{"href":"https:\/\/nordicmart.andreevmaster.com\/sv\/wp-json\/wp\/v2\/product"}],"about":[{"href":"https:\/\/nordicmart.andreevmaster.com\/sv\/wp-json\/wp\/v2\/types\/product"}],"replies":[{"embeddable":true,"href":"https:\/\/nordicmart.andreevmaster.com\/sv\/wp-json\/wp\/v2\/comments?post=18947"}],"wp:featuredmedia":[{"embeddable":true,"href":"https:\/\/nordicmart.andreevmaster.com\/sv\/wp-json\/wp\/v2\/media\/45924"}],"wp:attachment":[{"href":"https:\/\/nordicmart.andreevmaster.com\/sv\/wp-json\/wp\/v2\/media?parent=18947"}],"wp:term":[{"taxonomy":"product_brand","embeddable":true,"href":"https:\/\/nordicmart.andreevmaster.com\/sv\/wp-json\/wp\/v2\/product_brand?post=18947"},{"taxonomy":"product_cat","embeddable":true,"href":"https:\/\/nordicmart.andreevmaster.com\/sv\/wp-json\/wp\/v2\/product_cat?post=18947"},{"taxonomy":"product_tag","embeddable":true,"href":"https:\/\/nordicmart.andreevmaster.com\/sv\/wp-json\/wp\/v2\/product_tag?post=18947"}],"curies":[{"name":"wp","href":"https:\/\/api.w.org\/{rel}","templated":true}]}}