{"id":18945,"date":"2026-02-27T00:42:18","date_gmt":"2026-02-27T00:42:18","guid":{"rendered":"https:\/\/nordicmart.andreevmaster.com\/product\/vasagle-kladhangare-med-6-krokar-ebenholts-matt-svart\/"},"modified":"2026-02-27T08:30:20","modified_gmt":"2026-02-27T08:30:20","slug":"vasagle-kladhangare-med-6-krokar-ebenholts-matt-svart","status":"publish","type":"product","link":"https:\/\/nordicmart.andreevmaster.com\/sv\/produkt\/vasagle-kladhangare-med-6-krokar-ebenholts-matt-svart\/","title":{"rendered":"VASAGLE kl\u00e4dh\u00e4ngare med 6 krokar ebenholts-matt svart"},"content":{"rendered":"<p>VASAGLE kl\u00e4dst\u00e4llning, garderob, 5 niv\u00e5er, 45 x 120 x 160 cm, garderob med skohylla, kl\u00e4dst\u00e5ng, \u00f6ppen garderob, 6 krokar, industriell design, vintagebrun-svart RGR116B01<br \/>\nF\u00e4rg: Ebenholtsvart-matt svart<br \/>\nMaterial: Sp\u00e5nskiva, st\u00e5l<br \/>\nTotal storlek: 45 x 120 x 160 cm (D x B x H)<br \/>\nVikt: 16,6 kg<br \/>\nMax. statisk belastningskapacitet f\u00f6r kl\u00e4dst\u00e5ngen: 40 kg<br \/>\nMax. statisk belastningskapacitet per krok: 4 kg<br \/>\nMax. statisk belastningskapacitet per niv\u00e5 (uppifr\u00e5n och ner): 21,3 kg, 24,9 kg, 27,2 kg, 29,9 kg, 75,3 kg<br \/>\nMax. statisk belastningskapacitet totalt: 220 kg<\/p>\n","protected":false},"excerpt":{"rendered":"<p>VASAGLE kl\u00e4dst\u00e4llning, garderob, 5 niv\u00e5er, 45 x 120 x 160 cm, garderob med skohylla, kl\u00e4dst\u00e5ng, \u00f6ppen garderob, 6 krokar, industriell design, vintagebrun-svart RGR116B01<\/p>\n","protected":false},"featured_media":45922,"comment_status":"open","ping_status":"closed","template":"","meta":[],"product_brand":[],"product_cat":[33],"product_tag":[],"class_list":{"0":"post-18945","1":"product","2":"type-product","3":"status-publish","4":"has-post-thumbnail","6":"product_cat-okategoriserad","8":"first","9":"instock","10":"shipping-taxable","11":"purchasable","12":"product-type-simple"},"_links":{"self":[{"href":"https:\/\/nordicmart.andreevmaster.com\/sv\/wp-json\/wp\/v2\/product\/18945","targetHints":{"allow":["GET"]}}],"collection":[{"href":"https:\/\/nordicmart.andreevmaster.com\/sv\/wp-json\/wp\/v2\/product"}],"about":[{"href":"https:\/\/nordicmart.andreevmaster.com\/sv\/wp-json\/wp\/v2\/types\/product"}],"replies":[{"embeddable":true,"href":"https:\/\/nordicmart.andreevmaster.com\/sv\/wp-json\/wp\/v2\/comments?post=18945"}],"wp:featuredmedia":[{"embeddable":true,"href":"https:\/\/nordicmart.andreevmaster.com\/sv\/wp-json\/wp\/v2\/media\/45922"}],"wp:attachment":[{"href":"https:\/\/nordicmart.andreevmaster.com\/sv\/wp-json\/wp\/v2\/media?parent=18945"}],"wp:term":[{"taxonomy":"product_brand","embeddable":true,"href":"https:\/\/nordicmart.andreevmaster.com\/sv\/wp-json\/wp\/v2\/product_brand?post=18945"},{"taxonomy":"product_cat","embeddable":true,"href":"https:\/\/nordicmart.andreevmaster.com\/sv\/wp-json\/wp\/v2\/product_cat?post=18945"},{"taxonomy":"product_tag","embeddable":true,"href":"https:\/\/nordicmart.andreevmaster.com\/sv\/wp-json\/wp\/v2\/product_tag?post=18945"}],"curies":[{"name":"wp","href":"https:\/\/api.w.org\/{rel}","templated":true}]}}