{"id":18944,"date":"2026-02-27T00:42:18","date_gmt":"2026-02-27T00:42:18","guid":{"rendered":"https:\/\/nordicmart.andreevmaster.com\/product\/vasagle-kladstall-med-5-nivaer\/"},"modified":"2026-02-27T08:30:20","modified_gmt":"2026-02-27T08:30:20","slug":"vasagle-kladstall-med-5-nivaer","status":"publish","type":"product","link":"https:\/\/nordicmart.andreevmaster.com\/sv\/produkt\/vasagle-kladstall-med-5-nivaer\/","title":{"rendered":"VASAGLE kl\u00e4dst\u00e4ll med 5 niv\u00e5er"},"content":{"rendered":"<p>Produktdetaljer: &#8211; F\u00e4rg: Vintagebrun-svart &#8211; Material: Sp\u00e5nskiva, st\u00e5l &#8211; Total storlek: 45 x 120 x 160 cm (D x B x H) &#8211; Vikt: 16,6 kg &#8211; Max. statisk belastningskapacitet f\u00f6r kl\u00e4dst\u00e5ngen: 40 kg &#8211; Max. statisk belastningskapacitet per krok: 4 kg &#8211; Max. statisk belastningskapacitet per niv\u00e5 (fr\u00e5n topp till botten): 21,3 kg, 24,9 kg, 27,2 kg, 29,9 kg, 75,3 kg &#8211; Max. statisk belastningskapacitet totalt: 220 kg Leveransomfattning: &#8211; 1 x kl\u00e4dst\u00e4llning &#8211; 1 x tillbeh\u00f6rspaket &#8211; 1 x bruksanvisning VASAGLE Anm\u00e4rkningar: &#8211; Av s\u00e4kerhetssk\u00e4l \u00e4r det f\u00f6rbjudet f\u00f6r barn att kl\u00e4ttra p\u00e5 eller leka med produkten.<\/p>\n","protected":false},"excerpt":{"rendered":"<p>VASAGLE kl\u00e4dst\u00e4llning, garderob, 5 niv\u00e5er, 45 x 120 x 160 cm, garderob med skohylla, kl\u00e4dst\u00e5ng, \u00f6ppen garderob, 6 krokar, industriell design, vintagebrun-svart RGR116B01<\/p>\n","protected":false},"featured_media":45921,"comment_status":"open","ping_status":"closed","template":"","meta":[],"product_brand":[],"product_cat":[33],"product_tag":[],"class_list":{"0":"post-18944","1":"product","2":"type-product","3":"status-publish","4":"has-post-thumbnail","6":"product_cat-okategoriserad","8":"first","9":"instock","10":"shipping-taxable","11":"purchasable","12":"product-type-simple"},"_links":{"self":[{"href":"https:\/\/nordicmart.andreevmaster.com\/sv\/wp-json\/wp\/v2\/product\/18944","targetHints":{"allow":["GET"]}}],"collection":[{"href":"https:\/\/nordicmart.andreevmaster.com\/sv\/wp-json\/wp\/v2\/product"}],"about":[{"href":"https:\/\/nordicmart.andreevmaster.com\/sv\/wp-json\/wp\/v2\/types\/product"}],"replies":[{"embeddable":true,"href":"https:\/\/nordicmart.andreevmaster.com\/sv\/wp-json\/wp\/v2\/comments?post=18944"}],"wp:featuredmedia":[{"embeddable":true,"href":"https:\/\/nordicmart.andreevmaster.com\/sv\/wp-json\/wp\/v2\/media\/45921"}],"wp:attachment":[{"href":"https:\/\/nordicmart.andreevmaster.com\/sv\/wp-json\/wp\/v2\/media?parent=18944"}],"wp:term":[{"taxonomy":"product_brand","embeddable":true,"href":"https:\/\/nordicmart.andreevmaster.com\/sv\/wp-json\/wp\/v2\/product_brand?post=18944"},{"taxonomy":"product_cat","embeddable":true,"href":"https:\/\/nordicmart.andreevmaster.com\/sv\/wp-json\/wp\/v2\/product_cat?post=18944"},{"taxonomy":"product_tag","embeddable":true,"href":"https:\/\/nordicmart.andreevmaster.com\/sv\/wp-json\/wp\/v2\/product_tag?post=18944"}],"curies":[{"name":"wp","href":"https:\/\/api.w.org\/{rel}","templated":true}]}}