{"id":18942,"date":"2026-02-27T00:42:17","date_gmt":"2026-02-27T00:42:17","guid":{"rendered":"https:\/\/nordicmart.andreevmaster.com\/product\/vasagle-kladstall-garderob-2-hyllor\/"},"modified":"2026-02-27T08:30:19","modified_gmt":"2026-02-27T08:30:19","slug":"vasagle-kladstall-garderob-2-hyllor","status":"publish","type":"product","link":"https:\/\/nordicmart.andreevmaster.com\/sv\/produkt\/vasagle-kladstall-garderob-2-hyllor\/","title":{"rendered":"VASAGLE kl\u00e4dst\u00e4ll, garderob, 2 hyllor"},"content":{"rendered":"<p>VASAGLE kl\u00e4dst\u00e4ll, garderob, 2 hyllor, 6 S-formade krokar, st\u00e5lstativ, f\u00f6r sovrum, hall, entr\u00e9, industriell design, vintagebrun-svart RGR112B01<br \/>\nSpecifikationer:<br \/>\n&#8211; M\u00e5tt: 45 x 100 x 160 cm (D x B x H)<br \/>\n&#8211; Vikt: 13,7 kg<br \/>\n&#8211; Max. statisk b\u00e4rf\u00f6rm\u00e5ga f\u00f6r kl\u00e4dst\u00e5ngen: 30 kg<br \/>\n&#8211; Max. statisk b\u00e4rf\u00f6rm\u00e5ga per krok: 5 kg<br \/>\n&#8211; Max. statisk b\u00e4rf\u00f6rm\u00e5ga per hylla: 65 kg<br \/>\n&#8211; Max. statisk b\u00e4rf\u00f6rm\u00e5ga totalt: 170 kg<br \/>\n&#8211; Material: sp\u00e5nskiva, st\u00e5l<br \/>\n&#8211; F\u00e4rg: Vit<\/p>\n","protected":false},"excerpt":{"rendered":"<p>VASAGLE kl\u00e4dst\u00e4ll, garderob, 2 hyllor, 6 S-formade krokar, st\u00e5lstativ, f\u00f6r sovrum, hall, entr\u00e9, industriell design, vintagebrun-svart RGR112B01<\/p>\n","protected":false},"featured_media":45920,"comment_status":"open","ping_status":"closed","template":"","meta":[],"product_brand":[],"product_cat":[33],"product_tag":[],"class_list":{"0":"post-18942","1":"product","2":"type-product","3":"status-publish","4":"has-post-thumbnail","6":"product_cat-okategoriserad","8":"first","9":"instock","10":"shipping-taxable","11":"purchasable","12":"product-type-simple"},"_links":{"self":[{"href":"https:\/\/nordicmart.andreevmaster.com\/sv\/wp-json\/wp\/v2\/product\/18942","targetHints":{"allow":["GET"]}}],"collection":[{"href":"https:\/\/nordicmart.andreevmaster.com\/sv\/wp-json\/wp\/v2\/product"}],"about":[{"href":"https:\/\/nordicmart.andreevmaster.com\/sv\/wp-json\/wp\/v2\/types\/product"}],"replies":[{"embeddable":true,"href":"https:\/\/nordicmart.andreevmaster.com\/sv\/wp-json\/wp\/v2\/comments?post=18942"}],"wp:featuredmedia":[{"embeddable":true,"href":"https:\/\/nordicmart.andreevmaster.com\/sv\/wp-json\/wp\/v2\/media\/45920"}],"wp:attachment":[{"href":"https:\/\/nordicmart.andreevmaster.com\/sv\/wp-json\/wp\/v2\/media?parent=18942"}],"wp:term":[{"taxonomy":"product_brand","embeddable":true,"href":"https:\/\/nordicmart.andreevmaster.com\/sv\/wp-json\/wp\/v2\/product_brand?post=18942"},{"taxonomy":"product_cat","embeddable":true,"href":"https:\/\/nordicmart.andreevmaster.com\/sv\/wp-json\/wp\/v2\/product_cat?post=18942"},{"taxonomy":"product_tag","embeddable":true,"href":"https:\/\/nordicmart.andreevmaster.com\/sv\/wp-json\/wp\/v2\/product_tag?post=18942"}],"curies":[{"name":"wp","href":"https:\/\/api.w.org\/{rel}","templated":true}]}}