{"id":18941,"date":"2026-02-27T00:42:17","date_gmt":"2026-02-27T00:42:17","guid":{"rendered":"https:\/\/nordicmart.andreevmaster.com\/product\/songmics-oppen-kladskap-med-kladstang-naturbeige\/"},"modified":"2026-02-27T08:30:19","modified_gmt":"2026-02-27T08:30:19","slug":"songmics-oppen-kladskap-med-kladstang-naturbeige","status":"publish","type":"product","link":"https:\/\/nordicmart.andreevmaster.com\/sv\/produkt\/songmics-oppen-kladskap-med-kladstang-naturbeige\/","title":{"rendered":"SONGMICS \u00f6ppen kl\u00e4dsk\u00e5p med kl\u00e4dst\u00e5ng naturbeige"},"content":{"rendered":"<p>SONGMICS \u00f6ppen garderob, kl\u00e4dst\u00e4ll, kl\u00e4dh\u00e4ngare, garderob med kl\u00e4dst\u00e5ng, hyllor, avtagbara krokar<br \/>\nF\u00e4rg: Naturbeige<br \/>\nMaterial: St\u00e5l, sp\u00e5nskiva<br \/>\nStorlek: 40 x 141 x 180 cm (D x B x H)<br \/>\nVikt: 21 kg<br \/>\nMax. statisk belastningskapacitet: 194 kg<\/p>\n","protected":false},"excerpt":{"rendered":"<p>SONGMICS \u00f6ppen garderob, kl\u00e4dst\u00e4ll, kl\u00e4dh\u00e4ngare, garderob med kl\u00e4dst\u00e5ng, hyllor, avtagbara krokar<\/p>\n","protected":false},"featured_media":45919,"comment_status":"open","ping_status":"closed","template":"","meta":[],"product_brand":[],"product_cat":[33],"product_tag":[],"class_list":{"0":"post-18941","1":"product","2":"type-product","3":"status-publish","4":"has-post-thumbnail","6":"product_cat-okategoriserad","8":"first","9":"instock","10":"shipping-taxable","11":"purchasable","12":"product-type-simple"},"_links":{"self":[{"href":"https:\/\/nordicmart.andreevmaster.com\/sv\/wp-json\/wp\/v2\/product\/18941","targetHints":{"allow":["GET"]}}],"collection":[{"href":"https:\/\/nordicmart.andreevmaster.com\/sv\/wp-json\/wp\/v2\/product"}],"about":[{"href":"https:\/\/nordicmart.andreevmaster.com\/sv\/wp-json\/wp\/v2\/types\/product"}],"replies":[{"embeddable":true,"href":"https:\/\/nordicmart.andreevmaster.com\/sv\/wp-json\/wp\/v2\/comments?post=18941"}],"wp:featuredmedia":[{"embeddable":true,"href":"https:\/\/nordicmart.andreevmaster.com\/sv\/wp-json\/wp\/v2\/media\/45919"}],"wp:attachment":[{"href":"https:\/\/nordicmart.andreevmaster.com\/sv\/wp-json\/wp\/v2\/media?parent=18941"}],"wp:term":[{"taxonomy":"product_brand","embeddable":true,"href":"https:\/\/nordicmart.andreevmaster.com\/sv\/wp-json\/wp\/v2\/product_brand?post=18941"},{"taxonomy":"product_cat","embeddable":true,"href":"https:\/\/nordicmart.andreevmaster.com\/sv\/wp-json\/wp\/v2\/product_cat?post=18941"},{"taxonomy":"product_tag","embeddable":true,"href":"https:\/\/nordicmart.andreevmaster.com\/sv\/wp-json\/wp\/v2\/product_tag?post=18941"}],"curies":[{"name":"wp","href":"https:\/\/api.w.org\/{rel}","templated":true}]}}