{"id":18927,"date":"2026-02-27T00:42:13","date_gmt":"2026-02-27T00:42:13","guid":{"rendered":"https:\/\/nordicmart.andreevmaster.com\/product\/vasagle-kladstallning-med-2-hyllor\/"},"modified":"2026-02-27T08:30:15","modified_gmt":"2026-02-27T08:30:15","slug":"vasagle-kladstallning-med-2-hyllor","status":"publish","type":"product","link":"https:\/\/nordicmart.andreevmaster.com\/sv\/produkt\/vasagle-kladstallning-med-2-hyllor\/","title":{"rendered":"VASAGLE kl\u00e4dst\u00e4llning med 2 hyllor"},"content":{"rendered":"<p>Produktdetaljer: &#8211; F\u00e4rg: ekf\u00e4rgad-kr\u00e4mvit &#8211; Material: sp\u00e5nskiva, st\u00e5l &#8211; Storlek: 45 x 100 x 160 cm (D x B x H) &#8211; Vikt: 13,7 kg &#8211; Max. statisk belastningskapacitet f\u00f6r kl\u00e4dst\u00e5ngen: 30 kg &#8211; Max. statisk belastningskapacitet per krok: 5 kg &#8211; Max. statisk belastningskapacitet per hylla: 70 kg &#8211; Max. total statisk belastningskapacitet: 170 kg Leveransomfattning: &#8211; 1 x kl\u00e4dst\u00e4llning &#8211; 1 x tillbeh\u00f6rspaket &#8211; 1 x bruksanvisning VASAGLE Anm\u00e4rkningar: &#8211; Av s\u00e4kerhetssk\u00e4l \u00e4r det f\u00f6rbjudet f\u00f6r barn att kl\u00e4ttra p\u00e5 eller leka med produkten.<\/p>\n","protected":false},"excerpt":{"rendered":"<p>VASAGLE kl\u00e4dst\u00e4ll, garderob, 2 hyllor, 6 S-formade krokar, st\u00e5lstativ, f\u00f6r sovrum, hall, entr\u00e9, industridesign, vintagebrun-svart RGR112B01<\/p>\n","protected":false},"featured_media":45905,"comment_status":"open","ping_status":"closed","template":"","meta":[],"product_brand":[],"product_cat":[33],"product_tag":[],"class_list":{"0":"post-18927","1":"product","2":"type-product","3":"status-publish","4":"has-post-thumbnail","6":"product_cat-okategoriserad","8":"first","9":"instock","10":"shipping-taxable","11":"purchasable","12":"product-type-simple"},"_links":{"self":[{"href":"https:\/\/nordicmart.andreevmaster.com\/sv\/wp-json\/wp\/v2\/product\/18927","targetHints":{"allow":["GET"]}}],"collection":[{"href":"https:\/\/nordicmart.andreevmaster.com\/sv\/wp-json\/wp\/v2\/product"}],"about":[{"href":"https:\/\/nordicmart.andreevmaster.com\/sv\/wp-json\/wp\/v2\/types\/product"}],"replies":[{"embeddable":true,"href":"https:\/\/nordicmart.andreevmaster.com\/sv\/wp-json\/wp\/v2\/comments?post=18927"}],"wp:featuredmedia":[{"embeddable":true,"href":"https:\/\/nordicmart.andreevmaster.com\/sv\/wp-json\/wp\/v2\/media\/45905"}],"wp:attachment":[{"href":"https:\/\/nordicmart.andreevmaster.com\/sv\/wp-json\/wp\/v2\/media?parent=18927"}],"wp:term":[{"taxonomy":"product_brand","embeddable":true,"href":"https:\/\/nordicmart.andreevmaster.com\/sv\/wp-json\/wp\/v2\/product_brand?post=18927"},{"taxonomy":"product_cat","embeddable":true,"href":"https:\/\/nordicmart.andreevmaster.com\/sv\/wp-json\/wp\/v2\/product_cat?post=18927"},{"taxonomy":"product_tag","embeddable":true,"href":"https:\/\/nordicmart.andreevmaster.com\/sv\/wp-json\/wp\/v2\/product_tag?post=18927"}],"curies":[{"name":"wp","href":"https:\/\/api.w.org\/{rel}","templated":true}]}}