{"id":18925,"date":"2026-02-27T00:42:12","date_gmt":"2026-02-27T00:42:12","guid":{"rendered":"https:\/\/nordicmart.andreevmaster.com\/product\/vasagle-kladstallning-med-2-hyllor-turkosbrun-matt-svart\/"},"modified":"2026-02-27T08:30:15","modified_gmt":"2026-02-27T08:30:15","slug":"vasagle-kladstallning-med-2-hyllor-turkosbrun-matt-svart","status":"publish","type":"product","link":"https:\/\/nordicmart.andreevmaster.com\/sv\/produkt\/vasagle-kladstallning-med-2-hyllor-turkosbrun-matt-svart\/","title":{"rendered":"VASAGLE kl\u00e4dst\u00e4llning med 2 hyllor turkosbrun-matt svart"},"content":{"rendered":"<p>VASAGLE kl\u00e4dst\u00e4ll, garderob, 2 hyllor, 6 S-formade krokar, st\u00e5lstativ, f\u00f6r sovrum, hall, entr\u00e9, industridesign, vintagebrun-svart RGR112B01<br \/>\nF\u00e4rg: Turkisbrun-matt svart<br \/>\nMaterial: Sp\u00e5nskiva, st\u00e5l<br \/>\nStorlek: 45 x 100 x 160 cm (D x B x H)<br \/>\nVikt: 13,3 kg<br \/>\nMax. statisk belastningskapacitet f\u00f6r kl\u00e4dst\u00e5ngen: 30 kg<br \/>\nMax. statisk belastningskapacitet per krok: 5 kg<br \/>\nMax. statisk belastningskapacitet per hylla: 65 kg<br \/>\nMax. statisk belastningskapacitet totalt: 190 kg<\/p>\n","protected":false},"excerpt":{"rendered":"<p>VASAGLE kl\u00e4dst\u00e4ll, garderob, 2 hyllor, 6 S-formade krokar, st\u00e5lstativ, f\u00f6r sovrum, hall, entr\u00e9, industridesign, vintagebrun-svart RGR112B01<\/p>\n","protected":false},"featured_media":45903,"comment_status":"open","ping_status":"closed","template":"","meta":[],"product_brand":[],"product_cat":[33],"product_tag":[],"class_list":{"0":"post-18925","1":"product","2":"type-product","3":"status-publish","4":"has-post-thumbnail","6":"product_cat-okategoriserad","8":"first","9":"instock","10":"shipping-taxable","11":"purchasable","12":"product-type-simple"},"_links":{"self":[{"href":"https:\/\/nordicmart.andreevmaster.com\/sv\/wp-json\/wp\/v2\/product\/18925","targetHints":{"allow":["GET"]}}],"collection":[{"href":"https:\/\/nordicmart.andreevmaster.com\/sv\/wp-json\/wp\/v2\/product"}],"about":[{"href":"https:\/\/nordicmart.andreevmaster.com\/sv\/wp-json\/wp\/v2\/types\/product"}],"replies":[{"embeddable":true,"href":"https:\/\/nordicmart.andreevmaster.com\/sv\/wp-json\/wp\/v2\/comments?post=18925"}],"wp:featuredmedia":[{"embeddable":true,"href":"https:\/\/nordicmart.andreevmaster.com\/sv\/wp-json\/wp\/v2\/media\/45903"}],"wp:attachment":[{"href":"https:\/\/nordicmart.andreevmaster.com\/sv\/wp-json\/wp\/v2\/media?parent=18925"}],"wp:term":[{"taxonomy":"product_brand","embeddable":true,"href":"https:\/\/nordicmart.andreevmaster.com\/sv\/wp-json\/wp\/v2\/product_brand?post=18925"},{"taxonomy":"product_cat","embeddable":true,"href":"https:\/\/nordicmart.andreevmaster.com\/sv\/wp-json\/wp\/v2\/product_cat?post=18925"},{"taxonomy":"product_tag","embeddable":true,"href":"https:\/\/nordicmart.andreevmaster.com\/sv\/wp-json\/wp\/v2\/product_tag?post=18925"}],"curies":[{"name":"wp","href":"https:\/\/api.w.org\/{rel}","templated":true}]}}