{"id":18922,"date":"2026-02-27T00:42:12","date_gmt":"2026-02-27T00:42:12","guid":{"rendered":"https:\/\/nordicmart.andreevmaster.com\/product\/vasagle-kladstallning-med-hjul\/"},"modified":"2026-02-27T08:30:14","modified_gmt":"2026-02-27T08:30:14","slug":"vasagle-kladstallning-med-hjul","status":"publish","type":"product","link":"https:\/\/nordicmart.andreevmaster.com\/sv\/produkt\/vasagle-kladstallning-med-hjul\/","title":{"rendered":"VASAGLE kl\u00e4dst\u00e4llning med hjul"},"content":{"rendered":"<p>Produktdetaljer: F\u00e4rg: Vintagebrun-svart Material: Sp\u00e5nskiva, st\u00e5l Storlek: 40 x (110-170) x 200 cm (D x B x H) Vikt: 10,5 kg Max. statisk belastningskapacitet f\u00f6r den \u00f6vre st\u00e5ngen: 30 kg Max. statisk belastningskapacitet f\u00f6r de utdragbara \u00f6vre \u00e4ndarna: 5 kg Max. statisk belastningskapacitet f\u00f6r den mellersta st\u00e5ngen: 30 kg Max. statisk belastningskapacitet f\u00f6r hyllan: 81 kg Max. total statisk belastningskapacitet: 151 kg Leveransomfattning: 1 x kl\u00e4dst\u00e4ll 1 x tillbeh\u00f6rspaket 1 x bruksanvisning VASAGLE Anm\u00e4rkningar: Av s\u00e4kerhetssk\u00e4l b\u00f6r barn inte kl\u00e4ttra p\u00e5 eller leka med produkten.<\/p>\n","protected":false},"excerpt":{"rendered":"<p>VASAGLE kl\u00e4dst\u00e4ll p\u00e5 hjul, stabil garderob, med 2 kl\u00e4dst\u00e4nger, utdragbar, med hylla, industriell design, vintagebrun-svart RGR111B01<\/p>\n","protected":false},"featured_media":45900,"comment_status":"open","ping_status":"closed","template":"","meta":[],"product_brand":[],"product_cat":[33],"product_tag":[],"class_list":{"0":"post-18922","1":"product","2":"type-product","3":"status-publish","4":"has-post-thumbnail","6":"product_cat-okategoriserad","8":"first","9":"instock","10":"shipping-taxable","11":"purchasable","12":"product-type-simple"},"_links":{"self":[{"href":"https:\/\/nordicmart.andreevmaster.com\/sv\/wp-json\/wp\/v2\/product\/18922","targetHints":{"allow":["GET"]}}],"collection":[{"href":"https:\/\/nordicmart.andreevmaster.com\/sv\/wp-json\/wp\/v2\/product"}],"about":[{"href":"https:\/\/nordicmart.andreevmaster.com\/sv\/wp-json\/wp\/v2\/types\/product"}],"replies":[{"embeddable":true,"href":"https:\/\/nordicmart.andreevmaster.com\/sv\/wp-json\/wp\/v2\/comments?post=18922"}],"wp:featuredmedia":[{"embeddable":true,"href":"https:\/\/nordicmart.andreevmaster.com\/sv\/wp-json\/wp\/v2\/media\/45900"}],"wp:attachment":[{"href":"https:\/\/nordicmart.andreevmaster.com\/sv\/wp-json\/wp\/v2\/media?parent=18922"}],"wp:term":[{"taxonomy":"product_brand","embeddable":true,"href":"https:\/\/nordicmart.andreevmaster.com\/sv\/wp-json\/wp\/v2\/product_brand?post=18922"},{"taxonomy":"product_cat","embeddable":true,"href":"https:\/\/nordicmart.andreevmaster.com\/sv\/wp-json\/wp\/v2\/product_cat?post=18922"},{"taxonomy":"product_tag","embeddable":true,"href":"https:\/\/nordicmart.andreevmaster.com\/sv\/wp-json\/wp\/v2\/product_tag?post=18922"}],"curies":[{"name":"wp","href":"https:\/\/api.w.org\/{rel}","templated":true}]}}