{"id":18921,"date":"2026-02-27T00:42:11","date_gmt":"2026-02-27T00:42:11","guid":{"rendered":"https:\/\/nordicmart.andreevmaster.com\/product\/vasagle-kladstall-i-industriell-stil-pa-hjul\/"},"modified":"2026-02-27T08:30:14","modified_gmt":"2026-02-27T08:30:14","slug":"vasagle-kladstall-i-industriell-stil-pa-hjul","status":"publish","type":"product","link":"https:\/\/nordicmart.andreevmaster.com\/sv\/produkt\/vasagle-kladstall-i-industriell-stil-pa-hjul\/","title":{"rendered":"VASAGLE kl\u00e4dst\u00e4ll i industriell stil p\u00e5 hjul"},"content":{"rendered":"<p>Produktdetaljer: &#8211; F\u00e4rg: Vintagebrun-svart &#8211; Material: Sp\u00e5nskiva, st\u00e5l &#8211; Storlek: (110-168) x 40 x 180 cm (L x B x H) &#8211; Vikt: 11,2 kg &#8211; Max. statisk belastningskapacitet f\u00f6r den \u00f6vre mittst\u00e5ngen: 50 kg &#8211; Max. statisk belastningskapacitet per utdragbar sidost\u00e5ng: 9 kg  &#8211; Max. statisk belastningskapacitet f\u00f6r den nedre st\u00e5ngen: 45,5 kg &#8211; Max. statisk belastningskapacitet f\u00f6r hyllan: 25 kg Leveransomfattning:- 1 x kl\u00e4dst\u00e4ll &#8211; 1 x tillbeh\u00f6rspaket &#8211; 1 x bruksanvisning<\/p>\n","protected":false},"excerpt":{"rendered":"<p>VASAGLE kl\u00e4dst\u00e4ll p\u00e5 hjul, stabil garderob, med 2 kl\u00e4dst\u00e4nger, utdragbar, med hylla, industriell design, vintagebrun-svart RGR111B01<\/p>\n","protected":false},"featured_media":45899,"comment_status":"open","ping_status":"closed","template":"","meta":[],"product_brand":[],"product_cat":[33],"product_tag":[],"class_list":{"0":"post-18921","1":"product","2":"type-product","3":"status-publish","4":"has-post-thumbnail","6":"product_cat-okategoriserad","8":"first","9":"instock","10":"shipping-taxable","11":"purchasable","12":"product-type-simple"},"_links":{"self":[{"href":"https:\/\/nordicmart.andreevmaster.com\/sv\/wp-json\/wp\/v2\/product\/18921","targetHints":{"allow":["GET"]}}],"collection":[{"href":"https:\/\/nordicmart.andreevmaster.com\/sv\/wp-json\/wp\/v2\/product"}],"about":[{"href":"https:\/\/nordicmart.andreevmaster.com\/sv\/wp-json\/wp\/v2\/types\/product"}],"replies":[{"embeddable":true,"href":"https:\/\/nordicmart.andreevmaster.com\/sv\/wp-json\/wp\/v2\/comments?post=18921"}],"wp:featuredmedia":[{"embeddable":true,"href":"https:\/\/nordicmart.andreevmaster.com\/sv\/wp-json\/wp\/v2\/media\/45899"}],"wp:attachment":[{"href":"https:\/\/nordicmart.andreevmaster.com\/sv\/wp-json\/wp\/v2\/media?parent=18921"}],"wp:term":[{"taxonomy":"product_brand","embeddable":true,"href":"https:\/\/nordicmart.andreevmaster.com\/sv\/wp-json\/wp\/v2\/product_brand?post=18921"},{"taxonomy":"product_cat","embeddable":true,"href":"https:\/\/nordicmart.andreevmaster.com\/sv\/wp-json\/wp\/v2\/product_cat?post=18921"},{"taxonomy":"product_tag","embeddable":true,"href":"https:\/\/nordicmart.andreevmaster.com\/sv\/wp-json\/wp\/v2\/product_tag?post=18921"}],"curies":[{"name":"wp","href":"https:\/\/api.w.org\/{rel}","templated":true}]}}