{"id":18919,"date":"2026-02-27T00:42:11","date_gmt":"2026-02-27T00:42:11","guid":{"rendered":"https:\/\/nordicmart.andreevmaster.com\/product\/songmics-home-garderob-med-6-hyllor-naturbeige-mattvit\/"},"modified":"2026-02-27T08:30:14","modified_gmt":"2026-02-27T08:30:14","slug":"songmics-home-garderob-med-6-hyllor-naturbeige-mattvit","status":"publish","type":"product","link":"https:\/\/nordicmart.andreevmaster.com\/sv\/produkt\/songmics-home-garderob-med-6-hyllor-naturbeige-mattvit\/","title":{"rendered":"SONGMICS HOME Garderob med 6 hyllor naturbeige-mattvit"},"content":{"rendered":"<p>SONGMICS HOME Garderob, \u00f6ppen kl\u00e4dsk\u00e5p, kl\u00e4dst\u00e4llning, 6 hyllor, 2 kl\u00e4dst\u00e4nger, krokar i t\u00e4ndsticksform, f\u00f6r sovrum, naturlig valn\u00f6tsf\u00e4rg-bl\u00e4ck svart RGR012B01<br \/>\nF\u00e4rg: Naturbeige-mattvit<br \/>\nMaterial: st\u00e5l, sp\u00e5nskiva<br \/>\nStorlek: 33,8 x 163,6 x 175,3 cm (D x B x H)<br \/>\nVikt: 11,7 kg<br \/>\nMax. statisk belastningskapacitet f\u00f6r varje h\u00e4ngst\u00e5ng: 30 kg<br \/>\nMax. statisk belastningskapacitet f\u00f6r varje stor hylla: 18 kg<br \/>\nMax. statisk belastningskapacitet f\u00f6r varje liten hylla: 10 kg<br \/>\nMax. statisk belastningskapacitet totalt: 136 kg<\/p>\n","protected":false},"excerpt":{"rendered":"<p>SONGMICS HOME Garderob, \u00f6ppen kl\u00e4dsk\u00e5p, kl\u00e4dst\u00e4llning, 6 hyllor, 2 kl\u00e4dst\u00e4nger, krokar i t\u00e4ndsticksform, f\u00f6r sovrum, naturlig valn\u00f6tsf\u00e4rg-bl\u00e4ck svart RGR012B01<\/p>\n","protected":false},"featured_media":45897,"comment_status":"open","ping_status":"closed","template":"","meta":[],"product_brand":[],"product_cat":[33],"product_tag":[],"class_list":{"0":"post-18919","1":"product","2":"type-product","3":"status-publish","4":"has-post-thumbnail","6":"product_cat-okategoriserad","8":"first","9":"instock","10":"shipping-taxable","11":"purchasable","12":"product-type-simple"},"_links":{"self":[{"href":"https:\/\/nordicmart.andreevmaster.com\/sv\/wp-json\/wp\/v2\/product\/18919","targetHints":{"allow":["GET"]}}],"collection":[{"href":"https:\/\/nordicmart.andreevmaster.com\/sv\/wp-json\/wp\/v2\/product"}],"about":[{"href":"https:\/\/nordicmart.andreevmaster.com\/sv\/wp-json\/wp\/v2\/types\/product"}],"replies":[{"embeddable":true,"href":"https:\/\/nordicmart.andreevmaster.com\/sv\/wp-json\/wp\/v2\/comments?post=18919"}],"wp:featuredmedia":[{"embeddable":true,"href":"https:\/\/nordicmart.andreevmaster.com\/sv\/wp-json\/wp\/v2\/media\/45897"}],"wp:attachment":[{"href":"https:\/\/nordicmart.andreevmaster.com\/sv\/wp-json\/wp\/v2\/media?parent=18919"}],"wp:term":[{"taxonomy":"product_brand","embeddable":true,"href":"https:\/\/nordicmart.andreevmaster.com\/sv\/wp-json\/wp\/v2\/product_brand?post=18919"},{"taxonomy":"product_cat","embeddable":true,"href":"https:\/\/nordicmart.andreevmaster.com\/sv\/wp-json\/wp\/v2\/product_cat?post=18919"},{"taxonomy":"product_tag","embeddable":true,"href":"https:\/\/nordicmart.andreevmaster.com\/sv\/wp-json\/wp\/v2\/product_tag?post=18919"}],"curies":[{"name":"wp","href":"https:\/\/api.w.org\/{rel}","templated":true}]}}