{"id":18914,"date":"2026-02-27T00:42:09","date_gmt":"2026-02-27T00:42:09","guid":{"rendered":"https:\/\/nordicmart.andreevmaster.com\/product\/songmics-oppen-garderob-med-kladstang-naturbeige\/"},"modified":"2026-02-27T08:30:12","modified_gmt":"2026-02-27T08:30:12","slug":"songmics-oppen-garderob-med-kladstang-naturbeige","status":"publish","type":"product","link":"https:\/\/nordicmart.andreevmaster.com\/sv\/produkt\/songmics-oppen-garderob-med-kladstang-naturbeige\/","title":{"rendered":"SONGMICS \u00f6ppen garderob med kl\u00e4dst\u00e5ng naturbeige"},"content":{"rendered":"<p>SONGMICS \u00f6ppen garderob, kl\u00e4dst\u00e4ll, kl\u00e4dh\u00e4ngare, garderob med kl\u00e4dst\u00e5ng, hyllor, avtagbara krokar<br \/>\nF\u00e4rg: Naturbeige<br \/>\nMaterial: st\u00e5l, sp\u00e5nskiva<br \/>\nStorlek: 40 x 94,5 x 180 cm (D x B x H)<br \/>\nVikt: 14,8 kg<br \/>\nMax. statisk belastningskapacitet: 146 kg<\/p>\n","protected":false},"excerpt":{"rendered":"<p>SONGMICS \u00f6ppen garderob, kl\u00e4dst\u00e4ll, kl\u00e4dh\u00e4ngare, garderob med kl\u00e4dst\u00e5ng, hyllor, avtagbara krokar<\/p>\n","protected":false},"featured_media":45892,"comment_status":"open","ping_status":"closed","template":"","meta":[],"product_brand":[],"product_cat":[33],"product_tag":[],"class_list":{"0":"post-18914","1":"product","2":"type-product","3":"status-publish","4":"has-post-thumbnail","6":"product_cat-okategoriserad","8":"first","9":"instock","10":"shipping-taxable","11":"purchasable","12":"product-type-simple"},"_links":{"self":[{"href":"https:\/\/nordicmart.andreevmaster.com\/sv\/wp-json\/wp\/v2\/product\/18914","targetHints":{"allow":["GET"]}}],"collection":[{"href":"https:\/\/nordicmart.andreevmaster.com\/sv\/wp-json\/wp\/v2\/product"}],"about":[{"href":"https:\/\/nordicmart.andreevmaster.com\/sv\/wp-json\/wp\/v2\/types\/product"}],"replies":[{"embeddable":true,"href":"https:\/\/nordicmart.andreevmaster.com\/sv\/wp-json\/wp\/v2\/comments?post=18914"}],"wp:featuredmedia":[{"embeddable":true,"href":"https:\/\/nordicmart.andreevmaster.com\/sv\/wp-json\/wp\/v2\/media\/45892"}],"wp:attachment":[{"href":"https:\/\/nordicmart.andreevmaster.com\/sv\/wp-json\/wp\/v2\/media?parent=18914"}],"wp:term":[{"taxonomy":"product_brand","embeddable":true,"href":"https:\/\/nordicmart.andreevmaster.com\/sv\/wp-json\/wp\/v2\/product_brand?post=18914"},{"taxonomy":"product_cat","embeddable":true,"href":"https:\/\/nordicmart.andreevmaster.com\/sv\/wp-json\/wp\/v2\/product_cat?post=18914"},{"taxonomy":"product_tag","embeddable":true,"href":"https:\/\/nordicmart.andreevmaster.com\/sv\/wp-json\/wp\/v2\/product_tag?post=18914"}],"curies":[{"name":"wp","href":"https:\/\/api.w.org\/{rel}","templated":true}]}}