{"id":18910,"date":"2026-02-27T00:42:08","date_gmt":"2026-02-27T00:42:08","guid":{"rendered":"https:\/\/nordicmart.andreevmaster.com\/product\/songmics-kladstall-med-2-lador-i-ebenholtsvart\/"},"modified":"2026-02-27T08:30:12","modified_gmt":"2026-02-27T08:30:12","slug":"songmics-kladstall-med-2-lador-i-ebenholtsvart","status":"publish","type":"product","link":"https:\/\/nordicmart.andreevmaster.com\/sv\/produkt\/songmics-kladstall-med-2-lador-i-ebenholtsvart\/","title":{"rendered":"SONGMICS kl\u00e4dst\u00e4ll med 2 l\u00e5dor i ebenholtsvart"},"content":{"rendered":"<p>SONGMICS kl\u00e4dst\u00e4ll, \u00f6ppen garderob, h\u00f6gbelastbar kl\u00e4dh\u00e4ngare, 1 utdragbar st\u00e5ng, 2 l\u00e5dor, 4 hyllor, f\u00f6r sovrum, platsbesparande<br \/>\nF\u00e4rg: ebenholts<br \/>\nMaterial: st\u00e5l, MDF (medeldensitetsfiberplatta), non-woven<br \/>\nStorlek: 40 x (150-180) x 180 cm (D x B x H)<br \/>\nVikt: 20,8 kg<br \/>\nMax. statisk belastningskapacitet totalt: 130 kg<br \/>\nMax. statisk belastningskapacitet f\u00f6r den mellersta utdragbara st\u00e5ngen: 32 kg<br \/>\nMax. statisk belastningskapacitet f\u00f6r varje sidost\u00e5ng: 20 kg<br \/>\nMax. statisk belastningskapacitet f\u00f6r varje l\u00e5da: 5 kg<\/p>\n","protected":false},"excerpt":{"rendered":"<p>SONGMICS kl\u00e4dst\u00e4ll, \u00f6ppen garderob, h\u00f6gbelastbar kl\u00e4dh\u00e4ngare, 1 utdragbar st\u00e5ng, 2 l\u00e5dor, 4 hyllor, f\u00f6r sovrum, platsbesparande<\/p>\n","protected":false},"featured_media":45888,"comment_status":"open","ping_status":"closed","template":"","meta":[],"product_brand":[],"product_cat":[33],"product_tag":[],"class_list":{"0":"post-18910","1":"product","2":"type-product","3":"status-publish","4":"has-post-thumbnail","6":"product_cat-okategoriserad","8":"first","9":"instock","10":"shipping-taxable","11":"purchasable","12":"product-type-simple"},"_links":{"self":[{"href":"https:\/\/nordicmart.andreevmaster.com\/sv\/wp-json\/wp\/v2\/product\/18910","targetHints":{"allow":["GET"]}}],"collection":[{"href":"https:\/\/nordicmart.andreevmaster.com\/sv\/wp-json\/wp\/v2\/product"}],"about":[{"href":"https:\/\/nordicmart.andreevmaster.com\/sv\/wp-json\/wp\/v2\/types\/product"}],"replies":[{"embeddable":true,"href":"https:\/\/nordicmart.andreevmaster.com\/sv\/wp-json\/wp\/v2\/comments?post=18910"}],"wp:featuredmedia":[{"embeddable":true,"href":"https:\/\/nordicmart.andreevmaster.com\/sv\/wp-json\/wp\/v2\/media\/45888"}],"wp:attachment":[{"href":"https:\/\/nordicmart.andreevmaster.com\/sv\/wp-json\/wp\/v2\/media?parent=18910"}],"wp:term":[{"taxonomy":"product_brand","embeddable":true,"href":"https:\/\/nordicmart.andreevmaster.com\/sv\/wp-json\/wp\/v2\/product_brand?post=18910"},{"taxonomy":"product_cat","embeddable":true,"href":"https:\/\/nordicmart.andreevmaster.com\/sv\/wp-json\/wp\/v2\/product_cat?post=18910"},{"taxonomy":"product_tag","embeddable":true,"href":"https:\/\/nordicmart.andreevmaster.com\/sv\/wp-json\/wp\/v2\/product_tag?post=18910"}],"curies":[{"name":"wp","href":"https:\/\/api.w.org\/{rel}","templated":true}]}}