{"id":18907,"date":"2026-02-27T00:42:08","date_gmt":"2026-02-27T00:42:08","guid":{"rendered":"https:\/\/nordicmart.andreevmaster.com\/product\/vasagle-kladstall-i-industriell-stil-for-sovrummet\/"},"modified":"2026-02-27T08:30:11","modified_gmt":"2026-02-27T08:30:11","slug":"vasagle-kladstall-i-industriell-stil-for-sovrummet","status":"publish","type":"product","link":"https:\/\/nordicmart.andreevmaster.com\/sv\/produkt\/vasagle-kladstall-i-industriell-stil-for-sovrummet\/","title":{"rendered":"VASAGLE kl\u00e4dst\u00e4ll i industriell stil f\u00f6r sovrummet"},"content":{"rendered":"<p>Produktdetaljer: &#8211; F\u00e4rg: Vintagebrun-svart &#8211; Material: Sp\u00e5nskiva, st\u00e5l &#8211; Storlek: 120 x 40 x 180 cm (L x B x H) &#8211; Vikt: 34 kg &#8211; Max. total statisk belastningskapacitet: 115 kg &#8211; Max. statisk belastningskapacitet f\u00f6r hyllan ovanp\u00e5: 15 kg &#8211; Max. statisk belastningskapacitet f\u00f6r hyllan uppe till h\u00f6ger: 15 kg &#8211; Max. statisk belastningskapacitet f\u00f6r st\u00e5ngen: 30 kg &#8211; Max. statisk belastningskapacitet f\u00f6r l\u00e5dan: 15 kg &#8211; Max. statisk belastningskapacitet f\u00f6r den nedre hyllan: 20 kg &#8211; Max. statisk belastningskapacitet f\u00f6r gallerhyllan: 20 kg Leveransomfattning:- 1 x kl\u00e4dsk\u00e5p &#8211; 1 x tillbeh\u00f6rspaket &#8211; 1 x tippskydd &#8211; 1 x bruksanvisning VASAGLE Anm\u00e4rkningar: &#8211; Av s\u00e4kerhetssk\u00e4l \u00e4r det f\u00f6rbjudet f\u00f6r barn att kl\u00e4ttra p\u00e5 eller leka med produkten. &#8211; F\u00e4st denna produkt p\u00e5 v\u00e4ggen med det medf\u00f6ljande tippskyddet f\u00f6r att f\u00f6rhindra att den v\u00e4lter.<\/p>\n","protected":false},"excerpt":{"rendered":"<p>VASAGLE \u00f6ppen garderob, kl\u00e4dst\u00e4llning, garderob, metall, st\u00e5ng, 2 l\u00e5dor, galler, f\u00f6r sovrum, kl\u00e4dkammare, 120 x 40 x 180 cm, industriell design, vintagebrun-svart RGR001B01<\/p>\n","protected":false},"featured_media":45885,"comment_status":"open","ping_status":"closed","template":"","meta":[],"product_brand":[],"product_cat":[33],"product_tag":[],"class_list":{"0":"post-18907","1":"product","2":"type-product","3":"status-publish","4":"has-post-thumbnail","6":"product_cat-okategoriserad","8":"first","9":"instock","10":"shipping-taxable","11":"purchasable","12":"product-type-simple"},"_links":{"self":[{"href":"https:\/\/nordicmart.andreevmaster.com\/sv\/wp-json\/wp\/v2\/product\/18907","targetHints":{"allow":["GET"]}}],"collection":[{"href":"https:\/\/nordicmart.andreevmaster.com\/sv\/wp-json\/wp\/v2\/product"}],"about":[{"href":"https:\/\/nordicmart.andreevmaster.com\/sv\/wp-json\/wp\/v2\/types\/product"}],"replies":[{"embeddable":true,"href":"https:\/\/nordicmart.andreevmaster.com\/sv\/wp-json\/wp\/v2\/comments?post=18907"}],"wp:featuredmedia":[{"embeddable":true,"href":"https:\/\/nordicmart.andreevmaster.com\/sv\/wp-json\/wp\/v2\/media\/45885"}],"wp:attachment":[{"href":"https:\/\/nordicmart.andreevmaster.com\/sv\/wp-json\/wp\/v2\/media?parent=18907"}],"wp:term":[{"taxonomy":"product_brand","embeddable":true,"href":"https:\/\/nordicmart.andreevmaster.com\/sv\/wp-json\/wp\/v2\/product_brand?post=18907"},{"taxonomy":"product_cat","embeddable":true,"href":"https:\/\/nordicmart.andreevmaster.com\/sv\/wp-json\/wp\/v2\/product_cat?post=18907"},{"taxonomy":"product_tag","embeddable":true,"href":"https:\/\/nordicmart.andreevmaster.com\/sv\/wp-json\/wp\/v2\/product_tag?post=18907"}],"curies":[{"name":"wp","href":"https:\/\/api.w.org\/{rel}","templated":true}]}}