{"id":18906,"date":"2026-02-27T00:42:07","date_gmt":"2026-02-27T00:42:07","guid":{"rendered":"https:\/\/nordicmart.andreevmaster.com\/product\/songmics-forvaringsbox-6-pack-forvaringslador\/"},"modified":"2026-02-27T08:30:11","modified_gmt":"2026-02-27T08:30:11","slug":"songmics-forvaringsbox-6-pack-forvaringslador","status":"publish","type":"product","link":"https:\/\/nordicmart.andreevmaster.com\/sv\/produkt\/songmics-forvaringsbox-6-pack-forvaringslador\/","title":{"rendered":"SONGMICS f\u00f6rvaringsbox, 6-pack, f\u00f6rvaringsl\u00e5dor"},"content":{"rendered":"<p>Skapa extra utrymme Blandas dina anv\u00e4nda kl\u00e4der med de tv\u00e4ttade kl\u00e4derna p\u00e5 samma st\u00e4lle? \u00c4r bokhyllan redan full och ligger det gula boktravar p\u00e5 golvet? Hittar du ingen ordentlig plats f\u00f6r dina samlarobjekt och samlar de damm i h\u00f6rnen av rummet? Letar du st\u00e4ndigt och febrilt efter l\u00f6sningar? Dessa f\u00f6rvaringsl\u00e5dor \u00e4r det perfekta valet f\u00f6r dig. Passar \u00f6verallt P\u00e5 kl\u00e4dsk\u00e5pet, i bokhyllan, under soffbordet, under s\u00e4ngen, i k\u00e4llaren eller p\u00e5 vinden&#8230; f\u00f6r kl\u00e4der, tidningar, CD-skivor eller souvenirer&#8230; Med f\u00f6rvaringsl\u00e5dorna kan du enkelt st\u00e4da upp din l\u00e4genhet s\u00e5 att den ser ut som om den aldrig varit st\u00f6kig. Produktdetaljer: &#8211; F\u00e4rg: Vintagebrun-svart &#8211; Material: Kartong, non-woven, Oxford-tyg &#8211; Storlek per l\u00e5da: 30 x 30 x 30 cm (L x B x H) &#8211; Totalvikt f\u00f6r de 6 l\u00e5dorna: 3,4 kg &#8211; Max. statisk belastningskapacitet per l\u00e5da: 3 kg Leveransomfattning: &#8211; 6 x f\u00f6rvaringsl\u00e5da SONGMICS Anm\u00e4rkningar:- Det kan h\u00e4nda att produkten har en svag lukt n\u00e4r du packar upp den. Placera den i s\u00e5 fall p\u00e5 en v\u00e4l ventilerad plats. Lukten f\u00f6rsvinner efter en kort stund. &#8211; Uts\u00e4tt inte produkten f\u00f6r direkt solljus eller h\u00f6g luftfuktighet under en l\u00e4ngre tid. &#8211; Tv\u00e4tta inte produkten direkt med vatten. Torka av den med en fuktig trasa f\u00f6r att ta bort smuts.<\/p>\n","protected":false},"excerpt":{"rendered":"<p>F\u00f6rvaringsl\u00e5da, 6-pack, f\u00f6rvaringsl\u00e5dor, non-woven, 30 x 30 x 30 cm, f\u00f6r kubhylla, f\u00f6rvaring f\u00f6r kl\u00e4der, vintagebrun-svart<\/p>\n","protected":false},"featured_media":45884,"comment_status":"open","ping_status":"closed","template":"","meta":[],"product_brand":[],"product_cat":[33],"product_tag":[],"class_list":{"0":"post-18906","1":"product","2":"type-product","3":"status-publish","4":"has-post-thumbnail","6":"product_cat-okategoriserad","8":"first","9":"instock","10":"shipping-taxable","11":"purchasable","12":"product-type-simple"},"_links":{"self":[{"href":"https:\/\/nordicmart.andreevmaster.com\/sv\/wp-json\/wp\/v2\/product\/18906","targetHints":{"allow":["GET"]}}],"collection":[{"href":"https:\/\/nordicmart.andreevmaster.com\/sv\/wp-json\/wp\/v2\/product"}],"about":[{"href":"https:\/\/nordicmart.andreevmaster.com\/sv\/wp-json\/wp\/v2\/types\/product"}],"replies":[{"embeddable":true,"href":"https:\/\/nordicmart.andreevmaster.com\/sv\/wp-json\/wp\/v2\/comments?post=18906"}],"wp:featuredmedia":[{"embeddable":true,"href":"https:\/\/nordicmart.andreevmaster.com\/sv\/wp-json\/wp\/v2\/media\/45884"}],"wp:attachment":[{"href":"https:\/\/nordicmart.andreevmaster.com\/sv\/wp-json\/wp\/v2\/media?parent=18906"}],"wp:term":[{"taxonomy":"product_brand","embeddable":true,"href":"https:\/\/nordicmart.andreevmaster.com\/sv\/wp-json\/wp\/v2\/product_brand?post=18906"},{"taxonomy":"product_cat","embeddable":true,"href":"https:\/\/nordicmart.andreevmaster.com\/sv\/wp-json\/wp\/v2\/product_cat?post=18906"},{"taxonomy":"product_tag","embeddable":true,"href":"https:\/\/nordicmart.andreevmaster.com\/sv\/wp-json\/wp\/v2\/product_tag?post=18906"}],"curies":[{"name":"wp","href":"https:\/\/api.w.org\/{rel}","templated":true}]}}