{"id":18903,"date":"2026-02-27T00:42:07","date_gmt":"2026-02-27T00:42:07","guid":{"rendered":"https:\/\/nordicmart.andreevmaster.com\/product\/songmics-forvaringslada-for-julgranskulor-forvaring-av-julgranskulor-128-fack-a-8-cm\/"},"modified":"2026-02-27T08:30:10","modified_gmt":"2026-02-27T08:30:10","slug":"songmics-forvaringslada-for-julgranskulor-forvaring-av-julgranskulor-128-fack-a-8-cm","status":"publish","type":"product","link":"https:\/\/nordicmart.andreevmaster.com\/sv\/produkt\/songmics-forvaringslada-for-julgranskulor-forvaring-av-julgranskulor-128-fack-a-8-cm\/","title":{"rendered":"SONGMICS F\u00f6rvaringsl\u00e5da f\u00f6r julgranskulor, f\u00f6rvaring av julgranskulor, 128 fack \u00e0 8 cm"},"content":{"rendered":"<p>F\u00f6rvaringsl\u00e5da f\u00f6r julgranskulor, f\u00f6rvaring av julgranskulor, 128 fack \u00e0 8 cm, med lock och 8 brickor, k\u00f6rsb\u00e4rsr\u00f6d<br \/>\nProduktdetaljer:<br \/>\n&#8211; F\u00e4rg: k\u00f6rsb\u00e4rsr\u00f6d<br \/>\n&#8211; Material: PP-plast (polypropen)<br \/>\n&#8211; Storlek: 64,5 x 33,5 x 34 cm (L x B x H)<br \/>\n&#8211; Vikt: 2 kg<br \/>\n&#8211; Max. total statisk belastningskapacitet: 5 kg<\/p>\n<p>Leveransomfattning:<br \/>\n&#8211; 1 x f\u00f6rvaringsl\u00e5da f\u00f6r julgranskulor<br \/>\n&#8211; 8 x bricka<br \/>\n&#8211; 48 x avdelare<\/p>\n<p>Anvisningar:<br \/>\n&#8211; Den maximala statiska belastningen per fack \u00e4r 5 kg. \u00d6verskrid inte denna maximala vikt.<br \/>\n&#8211; Det kan h\u00e4nda att l\u00e5dan luktar lite n\u00e4r du packar upp den. Placera den i s\u00e5 fall p\u00e5 en v\u00e4l ventilerad plats i n\u00e5gra timmar.<\/p>\n","protected":false},"excerpt":{"rendered":"<p>F\u00f6rvaringsl\u00e5da f\u00f6r julgranskulor, f\u00f6rvaring av julgranskulor, 128 fack \u00e0 8 cm, med lock och 8 brickor, k\u00f6rsb\u00e4rsr\u00f6d<\/p>\n","protected":false},"featured_media":45881,"comment_status":"open","ping_status":"closed","template":"","meta":[],"product_brand":[],"product_cat":[33],"product_tag":[],"class_list":{"0":"post-18903","1":"product","2":"type-product","3":"status-publish","4":"has-post-thumbnail","6":"product_cat-okategoriserad","8":"first","9":"instock","10":"shipping-taxable","11":"purchasable","12":"product-type-simple"},"_links":{"self":[{"href":"https:\/\/nordicmart.andreevmaster.com\/sv\/wp-json\/wp\/v2\/product\/18903","targetHints":{"allow":["GET"]}}],"collection":[{"href":"https:\/\/nordicmart.andreevmaster.com\/sv\/wp-json\/wp\/v2\/product"}],"about":[{"href":"https:\/\/nordicmart.andreevmaster.com\/sv\/wp-json\/wp\/v2\/types\/product"}],"replies":[{"embeddable":true,"href":"https:\/\/nordicmart.andreevmaster.com\/sv\/wp-json\/wp\/v2\/comments?post=18903"}],"wp:featuredmedia":[{"embeddable":true,"href":"https:\/\/nordicmart.andreevmaster.com\/sv\/wp-json\/wp\/v2\/media\/45881"}],"wp:attachment":[{"href":"https:\/\/nordicmart.andreevmaster.com\/sv\/wp-json\/wp\/v2\/media?parent=18903"}],"wp:term":[{"taxonomy":"product_brand","embeddable":true,"href":"https:\/\/nordicmart.andreevmaster.com\/sv\/wp-json\/wp\/v2\/product_brand?post=18903"},{"taxonomy":"product_cat","embeddable":true,"href":"https:\/\/nordicmart.andreevmaster.com\/sv\/wp-json\/wp\/v2\/product_cat?post=18903"},{"taxonomy":"product_tag","embeddable":true,"href":"https:\/\/nordicmart.andreevmaster.com\/sv\/wp-json\/wp\/v2\/product_tag?post=18903"}],"curies":[{"name":"wp","href":"https:\/\/api.w.org\/{rel}","templated":true}]}}