{"id":18896,"date":"2026-02-27T00:42:05","date_gmt":"2026-02-27T00:42:05","guid":{"rendered":"https:\/\/nordicmart.andreevmaster.com\/product\/songmics-forvaringslador-3-pack-med-panda-bjorn-och-gris-motiv\/"},"modified":"2026-02-27T08:30:09","modified_gmt":"2026-02-27T08:30:09","slug":"songmics-forvaringslador-3-pack-med-panda-bjorn-och-gris-motiv","status":"publish","type":"product","link":"https:\/\/nordicmart.andreevmaster.com\/sv\/produkt\/songmics-forvaringslador-3-pack-med-panda-bjorn-och-gris-motiv\/","title":{"rendered":"SONGMICS &#8221;F\u00f6rvaringsl\u00e5dor, 3-pack med panda-, bj\u00f6rn- och gris-motiv&#8221;"},"content":{"rendered":"<p>SONGMICS f\u00f6rvaringsl\u00e5dor, 3-pack, vikbara l\u00e5dor, tygl\u00e5dor med handtag, leksaksf\u00f6rvaring, magnetiskt lock, f\u00f6r barnrum, lekrum, djurmotiv, rosa, bl\u00e5, gr\u00f6n och gr\u00e5 RFB760P01<br \/>\nF\u00e4rg: Rosa, bl\u00e5, gr\u00f6n och gr\u00e5<br \/>\nMaterial: Kartong, non-woven, metallram<br \/>\nStorlek per l\u00e5da: 38 x 35 x 25 cm (L x B x H)<br \/>\nStorlek p\u00e5 3 staplade l\u00e5dor: 38 x 35 x 75 cm (L x B x H)<br \/>\nVikt per l\u00e5da: 0,3 kg<br \/>\nMax. statisk belastningskapacitet per l\u00e5da: 2 kg<br \/>\nMax. statisk belastningskapacitet ovanp\u00e5 per l\u00e5da: 5 kg<\/p>\n","protected":false},"excerpt":{"rendered":"<p>SONGMICS f\u00f6rvaringsl\u00e5dor, 3-pack, vikbara l\u00e5dor, tygl\u00e5dor med handtag, leksaksf\u00f6rvaring, magnetiskt lock, f\u00f6r barnrum, lekrum, djurmotiv, rosa, bl\u00e5, gr\u00f6n och gr\u00e5 RFB760P01<\/p>\n","protected":false},"featured_media":45874,"comment_status":"open","ping_status":"closed","template":"","meta":[],"product_brand":[],"product_cat":[33],"product_tag":[],"class_list":{"0":"post-18896","1":"product","2":"type-product","3":"status-publish","4":"has-post-thumbnail","6":"product_cat-okategoriserad","8":"first","9":"instock","10":"shipping-taxable","11":"purchasable","12":"product-type-simple"},"_links":{"self":[{"href":"https:\/\/nordicmart.andreevmaster.com\/sv\/wp-json\/wp\/v2\/product\/18896","targetHints":{"allow":["GET"]}}],"collection":[{"href":"https:\/\/nordicmart.andreevmaster.com\/sv\/wp-json\/wp\/v2\/product"}],"about":[{"href":"https:\/\/nordicmart.andreevmaster.com\/sv\/wp-json\/wp\/v2\/types\/product"}],"replies":[{"embeddable":true,"href":"https:\/\/nordicmart.andreevmaster.com\/sv\/wp-json\/wp\/v2\/comments?post=18896"}],"wp:featuredmedia":[{"embeddable":true,"href":"https:\/\/nordicmart.andreevmaster.com\/sv\/wp-json\/wp\/v2\/media\/45874"}],"wp:attachment":[{"href":"https:\/\/nordicmart.andreevmaster.com\/sv\/wp-json\/wp\/v2\/media?parent=18896"}],"wp:term":[{"taxonomy":"product_brand","embeddable":true,"href":"https:\/\/nordicmart.andreevmaster.com\/sv\/wp-json\/wp\/v2\/product_brand?post=18896"},{"taxonomy":"product_cat","embeddable":true,"href":"https:\/\/nordicmart.andreevmaster.com\/sv\/wp-json\/wp\/v2\/product_cat?post=18896"},{"taxonomy":"product_tag","embeddable":true,"href":"https:\/\/nordicmart.andreevmaster.com\/sv\/wp-json\/wp\/v2\/product_tag?post=18896"}],"curies":[{"name":"wp","href":"https:\/\/api.w.org\/{rel}","templated":true}]}}