{"id":18895,"date":"2026-02-27T00:42:04","date_gmt":"2026-02-27T00:42:04","guid":{"rendered":"https:\/\/nordicmart.andreevmaster.com\/product\/songmics-3-pack-tygboxar-med-lock-for-barn\/"},"modified":"2026-02-27T08:30:08","modified_gmt":"2026-02-27T08:30:08","slug":"songmics-3-pack-tygboxar-med-lock-for-barn","status":"publish","type":"product","link":"https:\/\/nordicmart.andreevmaster.com\/sv\/produkt\/songmics-3-pack-tygboxar-med-lock-for-barn\/","title":{"rendered":"SONGMICS 3-pack tygboxar med lock f\u00f6r barn"},"content":{"rendered":"<p>V\u00e4lkommen till djurparken!  Den v\u00e4nliga lejonet, det s\u00f6ta kattungen och den gulliga kaninen bjuder in dina sm\u00e5 till en resa i deras fantastiska v\u00e4rld. Vad v\u00e4ntar du p\u00e5? Dina barn kommer att uppleva underbara \u00e4ventyr tillsammans med djuren! Och dessutom uppmuntras de att st\u00e4da upp sina leksaker p\u00e5 egen hand.   Ge mer, ta mindre  Dessa 3 l\u00e5dor tar bara upp en yta p\u00e5 38 x 35 cm n\u00e4r de staplas, men ger dina sm\u00e5ttingar mycket utrymme att leka p\u00e5. Metallramen och den h\u00f6gkvalitativa kartongen garanterar l\u00e5ng livsl\u00e4ngd. Vill du tr\u00e4na ditt barns hantverksskicklighet? Uppmuntra det att sj\u00e4lv f\u00e4lla ihop l\u00e5dorna n\u00e4r de inte anv\u00e4nds. Produktdetaljer: &#8211; F\u00e4rg: rosa, bl\u00e5, gr\u00f6n och gr\u00e5 &#8211; Material: kartong, non-woven-tyg, metallram &#8211; Storlek per l\u00e5da: 38 x 35 x 25 cm (L x B x H) &#8211; Vikt per l\u00e5da: 0,3 kg &#8211; Max. statisk belastningskapacitet per l\u00e5da: 2 kg &#8211; Max. statisk belastningskapacitet ovanp\u00e5 per l\u00e5da: 5 kg Leveransomfattning:- 3 x f\u00f6rvaringsl\u00e5da SONGMICS Anm\u00e4rkningar: &#8211; Tv\u00e4tta inte produkten direkt med vatten. &#8211; \u00d6verskrid inte produktens maximala belastningskapacitet.<\/p>\n","protected":false},"excerpt":{"rendered":"<p>SONGMICS f\u00f6rvaringsl\u00e5dor, 3-pack, vikbara l\u00e5dor, tygl\u00e5dor med handtag, leksaksf\u00f6rvaring, magnetiskt lock, f\u00f6r barnrum, lekrum, djurmotiv, rosa, bl\u00e5, gr\u00f6n och gr\u00e5 RFB760P01<\/p>\n","protected":false},"featured_media":45873,"comment_status":"open","ping_status":"closed","template":"","meta":[],"product_brand":[],"product_cat":[33],"product_tag":[],"class_list":{"0":"post-18895","1":"product","2":"type-product","3":"status-publish","4":"has-post-thumbnail","6":"product_cat-okategoriserad","8":"first","9":"instock","10":"shipping-taxable","11":"purchasable","12":"product-type-simple"},"_links":{"self":[{"href":"https:\/\/nordicmart.andreevmaster.com\/sv\/wp-json\/wp\/v2\/product\/18895","targetHints":{"allow":["GET"]}}],"collection":[{"href":"https:\/\/nordicmart.andreevmaster.com\/sv\/wp-json\/wp\/v2\/product"}],"about":[{"href":"https:\/\/nordicmart.andreevmaster.com\/sv\/wp-json\/wp\/v2\/types\/product"}],"replies":[{"embeddable":true,"href":"https:\/\/nordicmart.andreevmaster.com\/sv\/wp-json\/wp\/v2\/comments?post=18895"}],"wp:featuredmedia":[{"embeddable":true,"href":"https:\/\/nordicmart.andreevmaster.com\/sv\/wp-json\/wp\/v2\/media\/45873"}],"wp:attachment":[{"href":"https:\/\/nordicmart.andreevmaster.com\/sv\/wp-json\/wp\/v2\/media?parent=18895"}],"wp:term":[{"taxonomy":"product_brand","embeddable":true,"href":"https:\/\/nordicmart.andreevmaster.com\/sv\/wp-json\/wp\/v2\/product_brand?post=18895"},{"taxonomy":"product_cat","embeddable":true,"href":"https:\/\/nordicmart.andreevmaster.com\/sv\/wp-json\/wp\/v2\/product_cat?post=18895"},{"taxonomy":"product_tag","embeddable":true,"href":"https:\/\/nordicmart.andreevmaster.com\/sv\/wp-json\/wp\/v2\/product_tag?post=18895"}],"curies":[{"name":"wp","href":"https:\/\/api.w.org\/{rel}","templated":true}]}}