{"id":18894,"date":"2026-02-27T00:42:04","date_gmt":"2026-02-27T00:42:04","guid":{"rendered":"https:\/\/nordicmart.andreevmaster.com\/product\/songmics-forvaringslada-med-lock-for-leksaker\/"},"modified":"2026-02-27T08:30:08","modified_gmt":"2026-02-27T08:30:08","slug":"songmics-forvaringslada-med-lock-for-leksaker","status":"publish","type":"product","link":"https:\/\/nordicmart.andreevmaster.com\/sv\/produkt\/songmics-forvaringslada-med-lock-for-leksaker\/","title":{"rendered":"SONGMICS f\u00f6rvaringsl\u00e5da med lock f\u00f6r leksaker"},"content":{"rendered":"<p>V\u00e4lkommen till djurparken! \u00c4lskar ditt barn djur? Den v\u00e4nliga lejonet bjuder in dina sm\u00e5 till en resa i den fantastiska v\u00e4rlden och uppmuntrar din \u00e4lskling att sj\u00e4lv ta och st\u00e4da undan sina saker. Ge mer, ta mindre Denna barnv\u00e4nliga och h\u00e5llbara l\u00e5da passar perfekt i ditt vardagsrum, sovrum eller barnrum och erbjuder gott om plats f\u00f6r dina sm\u00e5saker. N\u00e4r den inte anv\u00e4nds kan den enkelt vikas ihop och f\u00f6rvaras p\u00e5 ett utrymmesbesparande s\u00e4tt. Produktdetaljer: &#8211; F\u00e4rg: Gr\u00f6n-gul &#8211; Material: Kartong, non-woven-storlek: 60 x 35 x 38 cm (L x B x H) &#8211; Vikt: 2,2 kg Leveransomfattning: &#8211; 1 x f\u00f6rvaringsl\u00e5da &#8211; 1 x bottenplatta SONGMICS Anvisningar:- H\u00e5ll produkten borta fr\u00e5n \u00f6ppen eld. &#8211; Tv\u00e4tta inte produkten direkt med vatten. &#8211; F\u00f6rvara inte f\u00f6r m\u00e5nga eller f\u00f6r stora f\u00f6rem\u00e5l i boxen. &#8211; Produkten kan ha en svag lukt n\u00e4r den packas upp. Placera den i s\u00e5 fall p\u00e5 en v\u00e4l ventilerad plats. Lukten f\u00f6rsvinner efter en kort stund.<\/p>\n","protected":false},"excerpt":{"rendered":"<p>SONGMICS F\u00f6rvaringsl\u00e5da, 60 x 35 x 38 cm, leksaksorganiserare, vikbar l\u00e5da, tygl\u00e5da med 2 handtag och lock, f\u00f6rvaringsl\u00e5da, f\u00f6r barnrum, lekrum, sovrum, gr\u00f6n-gul RFB741C01<\/p>\n","protected":false},"featured_media":45872,"comment_status":"open","ping_status":"closed","template":"","meta":[],"product_brand":[],"product_cat":[33],"product_tag":[],"class_list":{"0":"post-18894","1":"product","2":"type-product","3":"status-publish","4":"has-post-thumbnail","6":"product_cat-okategoriserad","8":"first","9":"instock","10":"shipping-taxable","11":"purchasable","12":"product-type-simple"},"_links":{"self":[{"href":"https:\/\/nordicmart.andreevmaster.com\/sv\/wp-json\/wp\/v2\/product\/18894","targetHints":{"allow":["GET"]}}],"collection":[{"href":"https:\/\/nordicmart.andreevmaster.com\/sv\/wp-json\/wp\/v2\/product"}],"about":[{"href":"https:\/\/nordicmart.andreevmaster.com\/sv\/wp-json\/wp\/v2\/types\/product"}],"replies":[{"embeddable":true,"href":"https:\/\/nordicmart.andreevmaster.com\/sv\/wp-json\/wp\/v2\/comments?post=18894"}],"wp:featuredmedia":[{"embeddable":true,"href":"https:\/\/nordicmart.andreevmaster.com\/sv\/wp-json\/wp\/v2\/media\/45872"}],"wp:attachment":[{"href":"https:\/\/nordicmart.andreevmaster.com\/sv\/wp-json\/wp\/v2\/media?parent=18894"}],"wp:term":[{"taxonomy":"product_brand","embeddable":true,"href":"https:\/\/nordicmart.andreevmaster.com\/sv\/wp-json\/wp\/v2\/product_brand?post=18894"},{"taxonomy":"product_cat","embeddable":true,"href":"https:\/\/nordicmart.andreevmaster.com\/sv\/wp-json\/wp\/v2\/product_cat?post=18894"},{"taxonomy":"product_tag","embeddable":true,"href":"https:\/\/nordicmart.andreevmaster.com\/sv\/wp-json\/wp\/v2\/product_tag?post=18894"}],"curies":[{"name":"wp","href":"https:\/\/api.w.org\/{rel}","templated":true}]}}