{"id":18893,"date":"2026-02-27T00:42:04","date_gmt":"2026-02-27T00:42:04","guid":{"rendered":"https:\/\/nordicmart.andreevmaster.com\/product\/songmics-hangande-forvaring-for-barn\/"},"modified":"2026-02-27T08:30:08","modified_gmt":"2026-02-27T08:30:08","slug":"songmics-hangande-forvaring-for-barn","status":"publish","type":"product","link":"https:\/\/nordicmart.andreevmaster.com\/sv\/produkt\/songmics-hangande-forvaring-for-barn\/","title":{"rendered":"SONGMICS H\u00e4ngande f\u00f6rvaring f\u00f6r barn"},"content":{"rendered":"<p>V\u00e4lkommen till djurparken! \u00c4lskar ditt barn djur? Den v\u00e4nliga lejonet, det s\u00f6ta kattungen och den gulliga kaninen bjuder in dina sm\u00e5 till en resa i deras fantastiska v\u00e4rld. H\u00e4ng denna v\u00e4ska p\u00e5 d\u00f6rren eller v\u00e4ggen i barnrummet, lekrummet eller i garderoben f\u00f6r att skapa en rolig atmosf\u00e4r! Allt \u00e4r praktiskt \u00c4gna din energi \u00e5t din \u00e4lskling och inte \u00e5t sm\u00e5 irritationsmoment. Denna f\u00f6rvaringsv\u00e4ska har ett stort avst\u00e5nd mellan fickorna f\u00f6r att underl\u00e4tta att ta ut och l\u00e4gga tillbaka saker. Den har tv\u00e5 robusta metallkrokar s\u00e5 att du inte beh\u00f6ver oroa dig f\u00f6r att v\u00e4skan ska g\u00e5 s\u00f6nder eller falla ner, och en hopf\u00e4llbar design s\u00e5 att du kan f\u00f6rvara v\u00e4skan p\u00e5 ett utrymmesbesparande s\u00e4tt n\u00e4r den inte anv\u00e4nds. Produktdetaljer: &#8211; F\u00e4rg: Rosa-Bl\u00e5-Gr\u00f6n-Gr\u00e5 &#8211; Material: Kartong, non-woven tyg, metallkrokar &#8211; Total storlek: 33 x 11,5 x 90 cm (L x B x H) &#8211; Vikt: 1,3 kg &#8211; Max. statisk belastningskapacitet: 3 kg Leveransomfattning:- 1 x f\u00f6rvaringsv\u00e4ska &#8211; 3 x bottenplatta &#8211; 6 x sidoplatta &#8211; 2 x krok SONGIMC Anvisningar: &#8211; H\u00e5ll produkten borta fr\u00e5n \u00f6ppen eld. &#8211; Tv\u00e4tta inte produkten direkt med vatten. &#8211; F\u00f6rvara inte f\u00f6r m\u00e5nga eller f\u00f6r stora f\u00f6rem\u00e5l i v\u00e4skan.- Det kan h\u00e4nda att produkten har en svag lukt n\u00e4r den packas upp. Placera den i s\u00e5 fall p\u00e5 en v\u00e4l ventilerad plats. Lukten f\u00f6rsvinner efter en kort stund.<\/p>\n","protected":false},"excerpt":{"rendered":"<p>SONGMICS H\u00e4ngande f\u00f6rvaringssystem, h\u00e4ngande v\u00e4ska, h\u00e4ngande f\u00f6rvaring, med 3 fickor och 2 krokar, 33 x 11,5 x 90 cm, djurmotiv, f\u00f6r d\u00f6rr, v\u00e4gg, garderob, barnrum, rosa-bl\u00e5-gr\u00f6n-gr\u00e5 RFB731P01<\/p>\n","protected":false},"featured_media":45871,"comment_status":"open","ping_status":"closed","template":"","meta":[],"product_brand":[],"product_cat":[33],"product_tag":[],"class_list":{"0":"post-18893","1":"product","2":"type-product","3":"status-publish","4":"has-post-thumbnail","6":"product_cat-okategoriserad","8":"first","9":"instock","10":"shipping-taxable","11":"purchasable","12":"product-type-simple"},"_links":{"self":[{"href":"https:\/\/nordicmart.andreevmaster.com\/sv\/wp-json\/wp\/v2\/product\/18893","targetHints":{"allow":["GET"]}}],"collection":[{"href":"https:\/\/nordicmart.andreevmaster.com\/sv\/wp-json\/wp\/v2\/product"}],"about":[{"href":"https:\/\/nordicmart.andreevmaster.com\/sv\/wp-json\/wp\/v2\/types\/product"}],"replies":[{"embeddable":true,"href":"https:\/\/nordicmart.andreevmaster.com\/sv\/wp-json\/wp\/v2\/comments?post=18893"}],"wp:featuredmedia":[{"embeddable":true,"href":"https:\/\/nordicmart.andreevmaster.com\/sv\/wp-json\/wp\/v2\/media\/45871"}],"wp:attachment":[{"href":"https:\/\/nordicmart.andreevmaster.com\/sv\/wp-json\/wp\/v2\/media?parent=18893"}],"wp:term":[{"taxonomy":"product_brand","embeddable":true,"href":"https:\/\/nordicmart.andreevmaster.com\/sv\/wp-json\/wp\/v2\/product_brand?post=18893"},{"taxonomy":"product_cat","embeddable":true,"href":"https:\/\/nordicmart.andreevmaster.com\/sv\/wp-json\/wp\/v2\/product_cat?post=18893"},{"taxonomy":"product_tag","embeddable":true,"href":"https:\/\/nordicmart.andreevmaster.com\/sv\/wp-json\/wp\/v2\/product_tag?post=18893"}],"curies":[{"name":"wp","href":"https:\/\/api.w.org\/{rel}","templated":true}]}}