{"id":18892,"date":"2026-02-27T00:42:04","date_gmt":"2026-02-27T00:42:04","guid":{"rendered":"https:\/\/nordicmart.andreevmaster.com\/product\/songmics-forvaringslador-3-pack\/"},"modified":"2026-02-27T08:30:08","modified_gmt":"2026-02-27T08:30:08","slug":"songmics-forvaringslador-3-pack","status":"publish","type":"product","link":"https:\/\/nordicmart.andreevmaster.com\/sv\/produkt\/songmics-forvaringslador-3-pack\/","title":{"rendered":"SONGMICS f\u00f6rvaringsl\u00e5dor, 3-pack"},"content":{"rendered":"<p>Produktdetaljer: &#8211; F\u00e4rg: Beige &#8211; Material: Kartong, non-woven tyg, handtag av Oxford-tyg &#8211; Storlek per l\u00e5da: 30 x 30 x 30 cm (L x B x H) &#8211; Totalvikt: 1,7 kg &#8211; Max. statisk belastningskapacitet per l\u00e5da: 3 kg Leveransomf\u00e5ng: &#8211; 3 x f\u00f6rvaringsl\u00e5da &#8211; 3 x kartongbotten SONGMICS Anvisningar: &#8211; Produkten \u00e4r inte tv\u00e4ttbar i maskin! Torka av produkten med en fuktig trasa f\u00f6r daglig reng\u00f6ring och l\u00e5t den lufttorka. &#8211; Om produkten har en &#8221;ny&#8221; lukt efter uppackningen, placera den p\u00e5 en v\u00e4l ventilerad plats under en kort tid.- Uts\u00e4tt inte produkten f\u00f6r direkt solljus. Placera inte produkten i en milj\u00f6 med h\u00f6g luftfuktighet. &#8211; F\u00f6r att f\u00f6rl\u00e4nga produktens livsl\u00e4ngd, b\u00f6j eller slipa inte produkten med v\u00e5ld. &#8211; Den maximala statiska belastningen f\u00f6r varje l\u00e5da \u00e4r 3 kg. \u00d6verskrid inte denna maximala vikt.<\/p>\n","protected":false},"excerpt":{"rendered":"<p>SONGMICS f\u00f6rvaringsl\u00e5da med lock, 3-pack, f\u00f6rvaringskorg, leksaksf\u00f6rvaring, tygl\u00e5dor, 30 x 30 x 30 cm, hopf\u00e4llbar, med handtag, sovrum, lekrum, enh\u00f6rningsmotiv, beige RFB710W03<\/p>\n","protected":false},"featured_media":45870,"comment_status":"open","ping_status":"closed","template":"","meta":[],"product_brand":[],"product_cat":[33],"product_tag":[],"class_list":{"0":"post-18892","1":"product","2":"type-product","3":"status-publish","4":"has-post-thumbnail","6":"product_cat-okategoriserad","8":"first","9":"instock","10":"shipping-taxable","11":"purchasable","12":"product-type-simple"},"_links":{"self":[{"href":"https:\/\/nordicmart.andreevmaster.com\/sv\/wp-json\/wp\/v2\/product\/18892","targetHints":{"allow":["GET"]}}],"collection":[{"href":"https:\/\/nordicmart.andreevmaster.com\/sv\/wp-json\/wp\/v2\/product"}],"about":[{"href":"https:\/\/nordicmart.andreevmaster.com\/sv\/wp-json\/wp\/v2\/types\/product"}],"replies":[{"embeddable":true,"href":"https:\/\/nordicmart.andreevmaster.com\/sv\/wp-json\/wp\/v2\/comments?post=18892"}],"wp:featuredmedia":[{"embeddable":true,"href":"https:\/\/nordicmart.andreevmaster.com\/sv\/wp-json\/wp\/v2\/media\/45870"}],"wp:attachment":[{"href":"https:\/\/nordicmart.andreevmaster.com\/sv\/wp-json\/wp\/v2\/media?parent=18892"}],"wp:term":[{"taxonomy":"product_brand","embeddable":true,"href":"https:\/\/nordicmart.andreevmaster.com\/sv\/wp-json\/wp\/v2\/product_brand?post=18892"},{"taxonomy":"product_cat","embeddable":true,"href":"https:\/\/nordicmart.andreevmaster.com\/sv\/wp-json\/wp\/v2\/product_cat?post=18892"},{"taxonomy":"product_tag","embeddable":true,"href":"https:\/\/nordicmart.andreevmaster.com\/sv\/wp-json\/wp\/v2\/product_tag?post=18892"}],"curies":[{"name":"wp","href":"https:\/\/api.w.org\/{rel}","templated":true}]}}