{"id":18891,"date":"2026-02-27T00:42:03","date_gmt":"2026-02-27T00:42:03","guid":{"rendered":"https:\/\/nordicmart.andreevmaster.com\/product\/songmics-tygboxar-3-pack\/"},"modified":"2026-02-27T08:30:07","modified_gmt":"2026-02-27T08:30:07","slug":"songmics-tygboxar-3-pack","status":"publish","type":"product","link":"https:\/\/nordicmart.andreevmaster.com\/sv\/produkt\/songmics-tygboxar-3-pack\/","title":{"rendered":"SONGMICS tygboxar, 3-pack"},"content":{"rendered":"<p>Produktdetaljer: &#8211; F\u00e4rg: Beige &#8211; Material: Kartong, non-woven &#8211; Storlek per l\u00e5da: 30 x 30 x 30 cm (L x B x H) &#8211; Totalvikt: 1,7 kg &#8211; Max. statisk belastningskapacitet per l\u00e5da: 3 kg Leveransomfattning: &#8211; 3 x f\u00f6rvaringsl\u00e5da &#8211; 3 x kartongbotten SONGMICS Anm\u00e4rkningar:- Produkten \u00e4r inte tv\u00e4ttbar i maskin! Torka av produkten med en fuktig trasa f\u00f6r daglig reng\u00f6ring och l\u00e5t den lufttorka. &#8211; Om produkten har en &#8221;ny&#8221; lukt efter uppackningen, placera den p\u00e5 en v\u00e4l ventilerad plats under en kort tid. &#8211; Uts\u00e4tt inte produkten f\u00f6r direkt solljus. St\u00e4ll inte produkten i en milj\u00f6 med h\u00f6g luftfuktighet. &#8211; F\u00f6r att f\u00f6rl\u00e4nga produktens livsl\u00e4ngd, b\u00f6j eller slipa inte produkten med v\u00e5ld. &#8211; Den maximala statiska belastningen f\u00f6r varje l\u00e5da \u00e4r 3 kg. \u00d6verskrid inte denna maximala vikt.<\/p>\n","protected":false},"excerpt":{"rendered":"<p>SONGMICS f\u00f6rvaringsl\u00e5da, 3-pack, f\u00f6rvaringskorg, leksaksf\u00f6rvaring, tygl\u00e5dor, 30 x 30 x 30 cm, hopf\u00e4llbar, med handtag, sovrum, lekrum, dinosauriemotiv, beige RFB704W03<\/p>\n","protected":false},"featured_media":45869,"comment_status":"open","ping_status":"closed","template":"","meta":[],"product_brand":[],"product_cat":[33],"product_tag":[],"class_list":{"0":"post-18891","1":"product","2":"type-product","3":"status-publish","4":"has-post-thumbnail","6":"product_cat-okategoriserad","8":"first","9":"instock","10":"shipping-taxable","11":"purchasable","12":"product-type-simple"},"_links":{"self":[{"href":"https:\/\/nordicmart.andreevmaster.com\/sv\/wp-json\/wp\/v2\/product\/18891","targetHints":{"allow":["GET"]}}],"collection":[{"href":"https:\/\/nordicmart.andreevmaster.com\/sv\/wp-json\/wp\/v2\/product"}],"about":[{"href":"https:\/\/nordicmart.andreevmaster.com\/sv\/wp-json\/wp\/v2\/types\/product"}],"replies":[{"embeddable":true,"href":"https:\/\/nordicmart.andreevmaster.com\/sv\/wp-json\/wp\/v2\/comments?post=18891"}],"wp:featuredmedia":[{"embeddable":true,"href":"https:\/\/nordicmart.andreevmaster.com\/sv\/wp-json\/wp\/v2\/media\/45869"}],"wp:attachment":[{"href":"https:\/\/nordicmart.andreevmaster.com\/sv\/wp-json\/wp\/v2\/media?parent=18891"}],"wp:term":[{"taxonomy":"product_brand","embeddable":true,"href":"https:\/\/nordicmart.andreevmaster.com\/sv\/wp-json\/wp\/v2\/product_brand?post=18891"},{"taxonomy":"product_cat","embeddable":true,"href":"https:\/\/nordicmart.andreevmaster.com\/sv\/wp-json\/wp\/v2\/product_cat?post=18891"},{"taxonomy":"product_tag","embeddable":true,"href":"https:\/\/nordicmart.andreevmaster.com\/sv\/wp-json\/wp\/v2\/product_tag?post=18891"}],"curies":[{"name":"wp","href":"https:\/\/api.w.org\/{rel}","templated":true}]}}