{"id":18890,"date":"2026-02-27T00:42:03","date_gmt":"2026-02-27T00:42:03","guid":{"rendered":"https:\/\/nordicmart.andreevmaster.com\/product\/songmics-leksaksforvaring-3-pack\/"},"modified":"2026-02-27T08:30:07","modified_gmt":"2026-02-27T08:30:07","slug":"songmics-leksaksforvaring-3-pack","status":"publish","type":"product","link":"https:\/\/nordicmart.andreevmaster.com\/sv\/produkt\/songmics-leksaksforvaring-3-pack\/","title":{"rendered":"SONGMICS leksaksf\u00f6rvaring, 3-pack"},"content":{"rendered":"<p>En inbjudan fr\u00e5n djuren \u00c4nnu en dag har g\u00e5tt d\u00e4r barnen har lekt l\u00e4nge och v\u00e4l. Men var ska man f\u00f6rvara alla leksaker som ligger utspridda? Ingen fara. Detta set med 3 f\u00f6rvaringsl\u00e5dor med djurbilder erbjuder en l\u00f6sning. P\u00e5 s\u00e5 s\u00e4tt kan de sm\u00e5 utveckla goda vanor och samtidigt ha kul med de roliga havsmotiven p\u00e5 l\u00e5dorna n\u00e4r de st\u00e4dar. F\u00f6r hela familjens bekv\u00e4mlighet Varje l\u00e5da med m\u00e5tten 30 x 30 x 30 cm \u00e4r l\u00e4tt att f\u00f6rvara och kan anv\u00e4ndas genom att enkelt vikas ihop och f\u00e4llas ihop. St\u00e4ll l\u00e5dorna i barnrummet f\u00f6r att f\u00f6rvara kl\u00e4der och leksaker, eller p\u00e5 hyllan i vardagsrummet f\u00f6r att sortera hela familjens saker. Setet med 3 l\u00e5dor \u00e4r ocks\u00e5 en vacker dekoration. Produktdetaljer: &#8211; F\u00e4rg: bl\u00e5, gr\u00f6n och rosa &#8211; Material: kartong, non-woven-storlek per l\u00e5da: 30 x 30 x 30 cm (L x B x H) &#8211; Vikt per l\u00e5da: 0,6 kg Leveransomfattning: &#8211; 3 x f\u00f6rvaringsl\u00e5da SONGMICS Anvisningar:- Torka av produkten med en fuktig trasa f\u00f6r daglig reng\u00f6ring. &#8211; Om produkten har en &#8221;ny&#8221; lukt efter uppackningen, placera den p\u00e5 en v\u00e4l ventilerad plats under en kort tid.<\/p>\n","protected":false},"excerpt":{"rendered":"<p>SONGMICS f\u00f6rvaringsl\u00e5dor, 3-pack, vikbara l\u00e5dor, tygl\u00e5dor med handtag, leksaksf\u00f6rvaring, vikbara, f\u00f6r barnrum, lekrum, havsmotiv, bl\u00e5, gr\u00f6n och rosa RFB701Y03<\/p>\n","protected":false},"featured_media":45868,"comment_status":"open","ping_status":"closed","template":"","meta":[],"product_brand":[],"product_cat":[33],"product_tag":[],"class_list":{"0":"post-18890","1":"product","2":"type-product","3":"status-publish","4":"has-post-thumbnail","6":"product_cat-okategoriserad","8":"first","9":"instock","10":"shipping-taxable","11":"purchasable","12":"product-type-simple"},"_links":{"self":[{"href":"https:\/\/nordicmart.andreevmaster.com\/sv\/wp-json\/wp\/v2\/product\/18890","targetHints":{"allow":["GET"]}}],"collection":[{"href":"https:\/\/nordicmart.andreevmaster.com\/sv\/wp-json\/wp\/v2\/product"}],"about":[{"href":"https:\/\/nordicmart.andreevmaster.com\/sv\/wp-json\/wp\/v2\/types\/product"}],"replies":[{"embeddable":true,"href":"https:\/\/nordicmart.andreevmaster.com\/sv\/wp-json\/wp\/v2\/comments?post=18890"}],"wp:featuredmedia":[{"embeddable":true,"href":"https:\/\/nordicmart.andreevmaster.com\/sv\/wp-json\/wp\/v2\/media\/45868"}],"wp:attachment":[{"href":"https:\/\/nordicmart.andreevmaster.com\/sv\/wp-json\/wp\/v2\/media?parent=18890"}],"wp:term":[{"taxonomy":"product_brand","embeddable":true,"href":"https:\/\/nordicmart.andreevmaster.com\/sv\/wp-json\/wp\/v2\/product_brand?post=18890"},{"taxonomy":"product_cat","embeddable":true,"href":"https:\/\/nordicmart.andreevmaster.com\/sv\/wp-json\/wp\/v2\/product_cat?post=18890"},{"taxonomy":"product_tag","embeddable":true,"href":"https:\/\/nordicmart.andreevmaster.com\/sv\/wp-json\/wp\/v2\/product_tag?post=18890"}],"curies":[{"name":"wp","href":"https:\/\/api.w.org\/{rel}","templated":true}]}}