{"id":18889,"date":"2026-02-27T00:42:03","date_gmt":"2026-02-27T00:42:03","guid":{"rendered":"https:\/\/nordicmart.andreevmaster.com\/product\/songmics-forvaringsbox-6-pack-33-x-33-x-33-cm-for-kubhyllor-fargglada\/"},"modified":"2026-02-27T08:30:07","modified_gmt":"2026-02-27T08:30:07","slug":"songmics-forvaringsbox-6-pack-33-x-33-x-33-cm-for-kubhyllor-fargglada","status":"publish","type":"product","link":"https:\/\/nordicmart.andreevmaster.com\/sv\/produkt\/songmics-forvaringsbox-6-pack-33-x-33-x-33-cm-for-kubhyllor-fargglada\/","title":{"rendered":"SONGMICS f\u00f6rvaringsbox 6-pack 33 x 33 x 33 cm f\u00f6r kubhyllor, f\u00e4rgglada"},"content":{"rendered":"<p>SONGMICS f\u00f6rvaringsbox, 6-pack, ordningsboxar, vikbar box, 26 x 26 x 28 cm, tygbox, f\u00f6r kubhylla, f\u00e4rgglad organizer, f\u00f6rvaringskorg, f\u00f6r sovrum, vardagsrum RFB226X01<br \/>\nF\u00e4rg: Lavendellila, kallbl\u00e5, m\u00e5nskensgr\u00f6n, terrakottarosa, aprikosorange, blekguld<br \/>\nMaterial: Non-woven tyg, PP-plast (polypropen)<br \/>\nStorlek per l\u00e5da: 33 x 33 x 33 cm (L x B x H)<br \/>\nTotalvikt: 2,3 kg<br \/>\nMax. statisk belastningskapacitet per l\u00e5da: 5 kg<\/p>\n","protected":false},"excerpt":{"rendered":"<p>SONGMICS f\u00f6rvaringsbox, 6-pack, ordningsboxar, vikbar box, 26 x 26 x 28 cm, tygbox, f\u00f6r kubhylla, f\u00e4rgglad organizer, f\u00f6rvaringskorg, f\u00f6r sovrum, vardagsrum RFB226X01<\/p>\n","protected":false},"featured_media":45867,"comment_status":"open","ping_status":"closed","template":"","meta":[],"product_brand":[],"product_cat":[33],"product_tag":[],"class_list":{"0":"post-18889","1":"product","2":"type-product","3":"status-publish","4":"has-post-thumbnail","6":"product_cat-okategoriserad","8":"first","9":"instock","10":"shipping-taxable","11":"purchasable","12":"product-type-simple"},"_links":{"self":[{"href":"https:\/\/nordicmart.andreevmaster.com\/sv\/wp-json\/wp\/v2\/product\/18889","targetHints":{"allow":["GET"]}}],"collection":[{"href":"https:\/\/nordicmart.andreevmaster.com\/sv\/wp-json\/wp\/v2\/product"}],"about":[{"href":"https:\/\/nordicmart.andreevmaster.com\/sv\/wp-json\/wp\/v2\/types\/product"}],"replies":[{"embeddable":true,"href":"https:\/\/nordicmart.andreevmaster.com\/sv\/wp-json\/wp\/v2\/comments?post=18889"}],"wp:featuredmedia":[{"embeddable":true,"href":"https:\/\/nordicmart.andreevmaster.com\/sv\/wp-json\/wp\/v2\/media\/45867"}],"wp:attachment":[{"href":"https:\/\/nordicmart.andreevmaster.com\/sv\/wp-json\/wp\/v2\/media?parent=18889"}],"wp:term":[{"taxonomy":"product_brand","embeddable":true,"href":"https:\/\/nordicmart.andreevmaster.com\/sv\/wp-json\/wp\/v2\/product_brand?post=18889"},{"taxonomy":"product_cat","embeddable":true,"href":"https:\/\/nordicmart.andreevmaster.com\/sv\/wp-json\/wp\/v2\/product_cat?post=18889"},{"taxonomy":"product_tag","embeddable":true,"href":"https:\/\/nordicmart.andreevmaster.com\/sv\/wp-json\/wp\/v2\/product_tag?post=18889"}],"curies":[{"name":"wp","href":"https:\/\/api.w.org\/{rel}","templated":true}]}}