{"id":18882,"date":"2026-02-27T00:42:00","date_gmt":"2026-02-27T00:42:00","guid":{"rendered":"https:\/\/nordicmart.andreevmaster.com\/product\/songmics-forvaringsbox-6-pack-kastanjebrun\/"},"modified":"2026-02-27T08:30:05","modified_gmt":"2026-02-27T08:30:05","slug":"songmics-forvaringsbox-6-pack-kastanjebrun","status":"publish","type":"product","link":"https:\/\/nordicmart.andreevmaster.com\/sv\/produkt\/songmics-forvaringsbox-6-pack-kastanjebrun\/","title":{"rendered":"SONGMICS f\u00f6rvaringsbox 6-pack kastanjebrun"},"content":{"rendered":"<p>SONGMICS f\u00f6rvaringsbox, 6-pack, f\u00f6rvaringsl\u00e5dor, non-woven-tyg, vikbar l\u00e5da, 33 x 33 x 33 cm, tygl\u00e5da, f\u00f6r kubhylla, f\u00f6rvaringssystem f\u00f6r kl\u00e4der<br \/>\nF\u00e4rg: Kastanjebrun<br \/>\nMaterial: Kartong, non-woven tyg, Oxford-tyg<br \/>\nStorlek per l\u00e5da: 30 x 30 x 30 cm (D x B x H)<br \/>\nTotalvikt: 3,4 kg<br \/>\nMax. statisk belastningskapacitet per l\u00e5da: 5 kg<\/p>\n","protected":false},"excerpt":{"rendered":"<p>SONGMICS f\u00f6rvaringsbox, 6-pack, f\u00f6rvaringsl\u00e5dor, non-woven-tyg, vikbar l\u00e5da, 33 x 33 x 33 cm, tygl\u00e5da, f\u00f6r kubhylla, f\u00f6rvaringssystem f\u00f6r kl\u00e4der<\/p>\n","protected":false},"featured_media":45860,"comment_status":"open","ping_status":"closed","template":"","meta":[],"product_brand":[],"product_cat":[33],"product_tag":[],"class_list":{"0":"post-18882","1":"product","2":"type-product","3":"status-publish","4":"has-post-thumbnail","6":"product_cat-okategoriserad","8":"first","9":"instock","10":"shipping-taxable","11":"purchasable","12":"product-type-simple"},"_links":{"self":[{"href":"https:\/\/nordicmart.andreevmaster.com\/sv\/wp-json\/wp\/v2\/product\/18882","targetHints":{"allow":["GET"]}}],"collection":[{"href":"https:\/\/nordicmart.andreevmaster.com\/sv\/wp-json\/wp\/v2\/product"}],"about":[{"href":"https:\/\/nordicmart.andreevmaster.com\/sv\/wp-json\/wp\/v2\/types\/product"}],"replies":[{"embeddable":true,"href":"https:\/\/nordicmart.andreevmaster.com\/sv\/wp-json\/wp\/v2\/comments?post=18882"}],"wp:featuredmedia":[{"embeddable":true,"href":"https:\/\/nordicmart.andreevmaster.com\/sv\/wp-json\/wp\/v2\/media\/45860"}],"wp:attachment":[{"href":"https:\/\/nordicmart.andreevmaster.com\/sv\/wp-json\/wp\/v2\/media?parent=18882"}],"wp:term":[{"taxonomy":"product_brand","embeddable":true,"href":"https:\/\/nordicmart.andreevmaster.com\/sv\/wp-json\/wp\/v2\/product_brand?post=18882"},{"taxonomy":"product_cat","embeddable":true,"href":"https:\/\/nordicmart.andreevmaster.com\/sv\/wp-json\/wp\/v2\/product_cat?post=18882"},{"taxonomy":"product_tag","embeddable":true,"href":"https:\/\/nordicmart.andreevmaster.com\/sv\/wp-json\/wp\/v2\/product_tag?post=18882"}],"curies":[{"name":"wp","href":"https:\/\/api.w.org\/{rel}","templated":true}]}}