{"id":18880,"date":"2026-02-27T00:42:00","date_gmt":"2026-02-27T00:42:00","guid":{"rendered":"https:\/\/nordicmart.andreevmaster.com\/product\/songmics-3-pack-vikbara-lador-for-barn\/"},"modified":"2026-02-27T08:30:05","modified_gmt":"2026-02-27T08:30:05","slug":"songmics-3-pack-vikbara-lador-for-barn","status":"publish","type":"product","link":"https:\/\/nordicmart.andreevmaster.com\/sv\/produkt\/songmics-3-pack-vikbara-lador-for-barn\/","title":{"rendered":"SONGMICS 3-pack vikbara l\u00e5dor f\u00f6r barn"},"content":{"rendered":"<p>V\u00e4lkommen till djurparken! \u00c4lskar ditt barn djur? Den v\u00e4nliga lejonet, det s\u00f6ta kattungen och den gulliga kaninen bjuder in dina sm\u00e5 till en resa i deras fantastiska v\u00e4rld och uppmuntrar din \u00e4lskling att sj\u00e4lv ta och st\u00e4da undan sina saker. Ge mer, ta mindre Denna barnv\u00e4nliga och h\u00e5llbara l\u00e5da passar perfekt i ditt vardagsrum, sovrum eller barnrum och erbjuder gott om plats f\u00f6r dina prylar. N\u00e4r den inte anv\u00e4nds kan den enkelt vikas ihop och f\u00f6rvaras p\u00e5 ett utrymmesbesparande s\u00e4tt. Produktdetaljer: &#8211; F\u00e4rg: Bl\u00e5-gr\u00f6n-rosa &#8211; Material: Kartong, non-woven-storlek per f\u00f6rvaringsl\u00e5da: 30 x 30 x 30 cm (L x B x H) &#8211; Vikt: 1,7 kg Leveransomfattning: &#8211; 3 x f\u00f6rvaringsl\u00e5da SONGMICS Anvisningar:- H\u00e5ll produkten borta fr\u00e5n \u00f6ppen eld. &#8211; Tv\u00e4tta inte produkten direkt med vatten. &#8211; F\u00f6rvara inte f\u00f6r m\u00e5nga eller f\u00f6r stora f\u00f6rem\u00e5l i boxen. &#8211; Produkten kan ha en svag lukt n\u00e4r den packas upp. Placera den i s\u00e5 fall p\u00e5 en v\u00e4l ventilerad plats. Lukten f\u00f6rsvinner efter en kort stund.<\/p>\n","protected":false},"excerpt":{"rendered":"<p>SONGMICS f\u00f6rvaringsl\u00e5dor, 3-pack, vikbara l\u00e5dor, tygl\u00e5dor med 2 handtag vardera, f\u00f6rvaringsl\u00e5dor, 30 x 30 x 30 cm, f\u00f6r barnrum, lekrum, djurmotiv, bl\u00e5-gr\u00f6n-rosa RFB075P01<\/p>\n","protected":false},"featured_media":45858,"comment_status":"open","ping_status":"closed","template":"","meta":[],"product_brand":[],"product_cat":[33],"product_tag":[],"class_list":{"0":"post-18880","1":"product","2":"type-product","3":"status-publish","4":"has-post-thumbnail","6":"product_cat-okategoriserad","8":"first","9":"instock","10":"shipping-taxable","11":"purchasable","12":"product-type-simple"},"_links":{"self":[{"href":"https:\/\/nordicmart.andreevmaster.com\/sv\/wp-json\/wp\/v2\/product\/18880","targetHints":{"allow":["GET"]}}],"collection":[{"href":"https:\/\/nordicmart.andreevmaster.com\/sv\/wp-json\/wp\/v2\/product"}],"about":[{"href":"https:\/\/nordicmart.andreevmaster.com\/sv\/wp-json\/wp\/v2\/types\/product"}],"replies":[{"embeddable":true,"href":"https:\/\/nordicmart.andreevmaster.com\/sv\/wp-json\/wp\/v2\/comments?post=18880"}],"wp:featuredmedia":[{"embeddable":true,"href":"https:\/\/nordicmart.andreevmaster.com\/sv\/wp-json\/wp\/v2\/media\/45858"}],"wp:attachment":[{"href":"https:\/\/nordicmart.andreevmaster.com\/sv\/wp-json\/wp\/v2\/media?parent=18880"}],"wp:term":[{"taxonomy":"product_brand","embeddable":true,"href":"https:\/\/nordicmart.andreevmaster.com\/sv\/wp-json\/wp\/v2\/product_brand?post=18880"},{"taxonomy":"product_cat","embeddable":true,"href":"https:\/\/nordicmart.andreevmaster.com\/sv\/wp-json\/wp\/v2\/product_cat?post=18880"},{"taxonomy":"product_tag","embeddable":true,"href":"https:\/\/nordicmart.andreevmaster.com\/sv\/wp-json\/wp\/v2\/product_tag?post=18880"}],"curies":[{"name":"wp","href":"https:\/\/api.w.org\/{rel}","templated":true}]}}