{"id":18879,"date":"2026-02-27T00:41:59","date_gmt":"2026-02-27T00:41:59","guid":{"rendered":"https:\/\/nordicmart.andreevmaster.com\/product\/songmics-forvaringslador-6-pack\/"},"modified":"2026-02-27T08:30:05","modified_gmt":"2026-02-27T08:30:05","slug":"songmics-forvaringslador-6-pack","status":"publish","type":"product","link":"https:\/\/nordicmart.andreevmaster.com\/sv\/produkt\/songmics-forvaringslador-6-pack\/","title":{"rendered":"SONGMICS f\u00f6rvaringsl\u00e5dor, 6-pack"},"content":{"rendered":"<p>Har du ocks\u00e5 m\u00e4rkt att sm\u00e5prylarna hela tiden samlas och att ditt hem st\u00e4ndigt hamnar i kaos? Vill du f\u00f6rvara alla dina souvenirer p\u00e5 ett organiserat s\u00e4tt, st\u00e4da upp i din garderob eller skapa ordning i barnrummet? D\u00e5 \u00e4r detta set med 6 vikbara l\u00e5dor perfekt f\u00f6r dig. F\u00f6rdelar i korthet: &#8211; H\u00f6gkvalitativa material ger varje l\u00e5da en formstabil struktur som t\u00e5l upp till 5 kg. &#8211; L\u00e5dorna passar i de flesta kubformade f\u00f6rvaringssystem.- L\u00e5dorna kan vikas ihop och f\u00f6rvaras enkelt n\u00e4r de inte anv\u00e4nds. &#8211; \u00d6glorna p\u00e5 l\u00e5dorna g\u00f6r det enkelt att dra ut dem fr\u00e5n en hylla. &#8211; \u00d6glan p\u00e5 insidan hj\u00e4lper dig att enkelt ta ut bottenplattan och vika ihop tygl\u00e5dan. &#8211; De snygga s\u00f6mmarna ger ett h\u00f6gkvalitativt intryck.- Tygboxar \u00e4r mer andningsbara \u00e4n plastboxar och sl\u00e4pper alltid in frisk luft till kl\u00e4derna som f\u00f6rvaras inuti. Produktdetaljer: &#8211; F\u00e4rg: gr\u00e5, svart, beige &#8211; Material: 2 mm tjock kartong, 80 g\/\u33a1 non-woven-tyg &#8211; Storlek: 30 x 30 x 30 cm (L x B x H) &#8211; Vikt: 3,5 kg &#8211; Max. belastbarhet per kub: 5 kg Leveransomfattning: &#8211; 2 x l\u00e5da i gr\u00e5tt &#8211; 2 x l\u00e5da i svart &#8211; 2 x l\u00e5da i beige SONGMICS Anm\u00e4rkningar: &#8211; Torka av ytan med en l\u00e4tt fuktig trasa f\u00f6r daglig reng\u00f6ring och l\u00e5t produkten lufttorka; tv\u00e4tta INTE med vatten.- Det kan h\u00e4nda att produkten har en svag lukt n\u00e4r den packas upp. Placera den i s\u00e5 fall p\u00e5 en v\u00e4l ventilerad plats i n\u00e5gra timmar.<\/p>\n","protected":false},"excerpt":{"rendered":"<p>SONGMICS f\u00f6rvaringsbox, 6-pack, vikbar tygbox, vikbar box av non-woven-tyg, kub, f\u00f6rvaringskorg, f\u00f6rvaringsl\u00e5da f\u00f6r leksaker, kl\u00e4der, 2 gr\u00e5, 2 svarta, 2 beige RFB06GHM<\/p>\n","protected":false},"featured_media":45857,"comment_status":"open","ping_status":"closed","template":"","meta":[],"product_brand":[],"product_cat":[33],"product_tag":[],"class_list":{"0":"post-18879","1":"product","2":"type-product","3":"status-publish","4":"has-post-thumbnail","6":"product_cat-okategoriserad","8":"first","9":"instock","10":"shipping-taxable","11":"purchasable","12":"product-type-simple"},"_links":{"self":[{"href":"https:\/\/nordicmart.andreevmaster.com\/sv\/wp-json\/wp\/v2\/product\/18879","targetHints":{"allow":["GET"]}}],"collection":[{"href":"https:\/\/nordicmart.andreevmaster.com\/sv\/wp-json\/wp\/v2\/product"}],"about":[{"href":"https:\/\/nordicmart.andreevmaster.com\/sv\/wp-json\/wp\/v2\/types\/product"}],"replies":[{"embeddable":true,"href":"https:\/\/nordicmart.andreevmaster.com\/sv\/wp-json\/wp\/v2\/comments?post=18879"}],"wp:featuredmedia":[{"embeddable":true,"href":"https:\/\/nordicmart.andreevmaster.com\/sv\/wp-json\/wp\/v2\/media\/45857"}],"wp:attachment":[{"href":"https:\/\/nordicmart.andreevmaster.com\/sv\/wp-json\/wp\/v2\/media?parent=18879"}],"wp:term":[{"taxonomy":"product_brand","embeddable":true,"href":"https:\/\/nordicmart.andreevmaster.com\/sv\/wp-json\/wp\/v2\/product_brand?post=18879"},{"taxonomy":"product_cat","embeddable":true,"href":"https:\/\/nordicmart.andreevmaster.com\/sv\/wp-json\/wp\/v2\/product_cat?post=18879"},{"taxonomy":"product_tag","embeddable":true,"href":"https:\/\/nordicmart.andreevmaster.com\/sv\/wp-json\/wp\/v2\/product_tag?post=18879"}],"curies":[{"name":"wp","href":"https:\/\/api.w.org\/{rel}","templated":true}]}}