{"id":18876,"date":"2026-02-27T00:41:59","date_gmt":"2026-02-27T00:41:59","guid":{"rendered":"https:\/\/nordicmart.andreevmaster.com\/product\/songmics-forvaringslador-3-st-svarta\/"},"modified":"2026-02-27T08:30:04","modified_gmt":"2026-02-27T08:30:04","slug":"songmics-forvaringslador-3-st-svarta","status":"publish","type":"product","link":"https:\/\/nordicmart.andreevmaster.com\/sv\/produkt\/songmics-forvaringslador-3-st-svarta\/","title":{"rendered":"SONGMICS f\u00f6rvaringsl\u00e5dor 3 st svarta"},"content":{"rendered":"<p>Produktbeskrivning:  Denna f\u00f6rvaringsl\u00e5da fr\u00e5n Songmics kombinerar passande m\u00e5tt (40 x 25 x 30 cm) och genomt\u00e4nkt design och skapar ordning i ditt hem. Den robusta strukturen och det h\u00f6gkvalitativa materialet garanterar l\u00e5dans livsl\u00e4ngd. Med handtagen p\u00e5 b\u00e5da sidor kan du enkelt flytta och skjuta l\u00e5dan. Det fina locket skyddar dina saker fr\u00e5n damm. Klassiskt svart passar alla inredningsstilar. K\u00f6p denna box s\u00e5 f\u00e5r du ordning i din omgivning! Produktdetaljer: &#8211; F\u00e4rg: svart &#8211; Material: non-woven-tyg, kartong &#8211; M\u00e5tt: 40 x 25 x 30 cm (B x H x D) &#8211; Vikt: 3,1 kg \/ set Leveransomfattning: &#8211; 3 x f\u00f6rvaringsbox Anm\u00e4rkningar: &#8211; Det kan h\u00e4nda att produkten luktar &#8221;nytt&#8221; n\u00e4r du packar upp den. Lukten \u00e4r ofarlig och f\u00f6rsvinner efter n\u00e5gra timmar om du v\u00e4drar den. &#8211; Tv\u00e4tta inte med vatten. Vid fl\u00e4ckar och smuts, torka av ytan med en l\u00e4tt fuktig trasa och l\u00e5t sedan torka p\u00e5 en v\u00e4ldig plats. <\/p>\n","protected":false},"excerpt":{"rendered":"<p>SONGMICS 3-pack vikbara l\u00e5dor med lock Vikbara f\u00f6rvaringsl\u00e5dor Tygbox 40 x 30 x 25 cm Svart RFB03H<\/p>\n","protected":false},"featured_media":45854,"comment_status":"open","ping_status":"closed","template":"","meta":[],"product_brand":[],"product_cat":[33],"product_tag":[],"class_list":{"0":"post-18876","1":"product","2":"type-product","3":"status-publish","4":"has-post-thumbnail","6":"product_cat-okategoriserad","8":"first","9":"instock","10":"shipping-taxable","11":"purchasable","12":"product-type-simple"},"_links":{"self":[{"href":"https:\/\/nordicmart.andreevmaster.com\/sv\/wp-json\/wp\/v2\/product\/18876","targetHints":{"allow":["GET"]}}],"collection":[{"href":"https:\/\/nordicmart.andreevmaster.com\/sv\/wp-json\/wp\/v2\/product"}],"about":[{"href":"https:\/\/nordicmart.andreevmaster.com\/sv\/wp-json\/wp\/v2\/types\/product"}],"replies":[{"embeddable":true,"href":"https:\/\/nordicmart.andreevmaster.com\/sv\/wp-json\/wp\/v2\/comments?post=18876"}],"wp:featuredmedia":[{"embeddable":true,"href":"https:\/\/nordicmart.andreevmaster.com\/sv\/wp-json\/wp\/v2\/media\/45854"}],"wp:attachment":[{"href":"https:\/\/nordicmart.andreevmaster.com\/sv\/wp-json\/wp\/v2\/media?parent=18876"}],"wp:term":[{"taxonomy":"product_brand","embeddable":true,"href":"https:\/\/nordicmart.andreevmaster.com\/sv\/wp-json\/wp\/v2\/product_brand?post=18876"},{"taxonomy":"product_cat","embeddable":true,"href":"https:\/\/nordicmart.andreevmaster.com\/sv\/wp-json\/wp\/v2\/product_cat?post=18876"},{"taxonomy":"product_tag","embeddable":true,"href":"https:\/\/nordicmart.andreevmaster.com\/sv\/wp-json\/wp\/v2\/product_tag?post=18876"}],"curies":[{"name":"wp","href":"https:\/\/api.w.org\/{rel}","templated":true}]}}