{"id":18875,"date":"2026-02-27T00:41:58","date_gmt":"2026-02-27T00:41:58","guid":{"rendered":"https:\/\/nordicmart.andreevmaster.com\/product\/songmics-vikbara-lador-med-lock\/"},"modified":"2026-02-27T08:30:04","modified_gmt":"2026-02-27T08:30:04","slug":"songmics-vikbara-lador-med-lock","status":"publish","type":"product","link":"https:\/\/nordicmart.andreevmaster.com\/sv\/produkt\/songmics-vikbara-lador-med-lock\/","title":{"rendered":"SONGMICS vikbara l\u00e5dor med lock"},"content":{"rendered":"<p>Har du ocks\u00e5 m\u00e4rkt att sm\u00e5saker hela tiden samlas och att ditt hem st\u00e4ndigt hamnar i kaos? Vill du f\u00f6rvara alla dina souvenirer p\u00e5 ett organiserat s\u00e4tt, st\u00e4da upp i din garderob eller skapa ordning i barnrummet? D\u00e5 \u00e4r detta set med 3 vikbara l\u00e5dor perfekt f\u00f6r dig.Ett f\u00f6rvaringsboxset f\u00f6r alla tillf\u00e4llen: i garderoben, p\u00e5 bokhyllan, p\u00e5 skrivbordet, i barnrummet eller under soffbordet. Var ska du placera dessa tygboxar? Det \u00e4r upp till dig! F\u00f6rdelar i \u00f6versikt: Pastellf\u00e4rgen ger ett friskt intryck till ditt rum. H\u00f6gkvalitativa material ger varje box en formstabil struktur.Tack vare locket kan du f\u00f6rvara f\u00f6rem\u00e5l dammfritt och utom synh\u00e5ll i dessa l\u00e5dor. L\u00e5dorna kan vikas ihop och f\u00f6rvaras enkelt n\u00e4r de inte anv\u00e4nds. Etikettfickan hj\u00e4lper dig att hitta alla n\u00f6dv\u00e4ndiga f\u00f6rem\u00e5l p\u00e5 ett \u00f6gonblick.De insydda handtagen underl\u00e4ttar transporten av l\u00e5dorna. \u00d6glan p\u00e5 insidan hj\u00e4lper dig att enkelt ta ut bottenplattan och vika ihop tygl\u00e5dan. De snygga s\u00f6mmarna ger ett h\u00f6gkvalitativt intryck. Hos SONGMICS hittar du m\u00e5nga fler f\u00f6rvaringsl\u00e5dor. Uppt\u00e4ck magin med att st\u00e4da upp, som kommer att f\u00f6r\u00e4ndra din vardag.Produktdetaljer: F\u00e4rg: Gr\u00f6n Material: 80 g\/\u33a1 non-woven tyg, 2 mm tjock kartong Storlek: 40 x 30 x 25 cm (L x B x H) Vikt: 2,3 kg Max. statisk belastningskapacitet per l\u00e5da: 5 kg Leveransomfattning: 3 x f\u00f6rvaringsl\u00e5da SONGMICS Anvisningar:Torka av ytan med en l\u00e4tt fuktig trasa f\u00f6r daglig reng\u00f6ring och l\u00e5t produkten lufttorka; tv\u00e4tta INTE under rinnande vatten. Produkten kan ha en svag lukt n\u00e4r den packas upp. Placera den i s\u00e5 fall p\u00e5 en v\u00e4l ventilerad plats i n\u00e5gra timmar.<\/p>\n","protected":false},"excerpt":{"rendered":"<p>SONGMICS 3-pack vikbara l\u00e5dor med lock Vikbara f\u00f6rvaringsl\u00e5dor Tygbox 40 x 30 x 25 cm Svart RFB03H<\/p>\n","protected":false},"featured_media":45853,"comment_status":"open","ping_status":"closed","template":"","meta":[],"product_brand":[],"product_cat":[33],"product_tag":[],"class_list":{"0":"post-18875","1":"product","2":"type-product","3":"status-publish","4":"has-post-thumbnail","6":"product_cat-okategoriserad","8":"first","9":"instock","10":"shipping-taxable","11":"purchasable","12":"product-type-simple"},"_links":{"self":[{"href":"https:\/\/nordicmart.andreevmaster.com\/sv\/wp-json\/wp\/v2\/product\/18875","targetHints":{"allow":["GET"]}}],"collection":[{"href":"https:\/\/nordicmart.andreevmaster.com\/sv\/wp-json\/wp\/v2\/product"}],"about":[{"href":"https:\/\/nordicmart.andreevmaster.com\/sv\/wp-json\/wp\/v2\/types\/product"}],"replies":[{"embeddable":true,"href":"https:\/\/nordicmart.andreevmaster.com\/sv\/wp-json\/wp\/v2\/comments?post=18875"}],"wp:featuredmedia":[{"embeddable":true,"href":"https:\/\/nordicmart.andreevmaster.com\/sv\/wp-json\/wp\/v2\/media\/45853"}],"wp:attachment":[{"href":"https:\/\/nordicmart.andreevmaster.com\/sv\/wp-json\/wp\/v2\/media?parent=18875"}],"wp:term":[{"taxonomy":"product_brand","embeddable":true,"href":"https:\/\/nordicmart.andreevmaster.com\/sv\/wp-json\/wp\/v2\/product_brand?post=18875"},{"taxonomy":"product_cat","embeddable":true,"href":"https:\/\/nordicmart.andreevmaster.com\/sv\/wp-json\/wp\/v2\/product_cat?post=18875"},{"taxonomy":"product_tag","embeddable":true,"href":"https:\/\/nordicmart.andreevmaster.com\/sv\/wp-json\/wp\/v2\/product_tag?post=18875"}],"curies":[{"name":"wp","href":"https:\/\/api.w.org\/{rel}","templated":true}]}}