{"id":18874,"date":"2026-02-27T00:41:58","date_gmt":"2026-02-27T00:41:58","guid":{"rendered":"https:\/\/nordicmart.andreevmaster.com\/product\/songmics-tygboxar-med-lock-3-st-gra\/"},"modified":"2026-02-27T08:30:04","modified_gmt":"2026-02-27T08:30:04","slug":"songmics-tygboxar-med-lock-3-st-gra","status":"publish","type":"product","link":"https:\/\/nordicmart.andreevmaster.com\/sv\/produkt\/songmics-tygboxar-med-lock-3-st-gra\/","title":{"rendered":"SONGMICS tygboxar med lock, 3 st, gr\u00e5"},"content":{"rendered":"<p>Denna stora f\u00f6rvaringsl\u00e5da med lock \u00e4r dammt\u00e4t och hopf\u00e4llbar. Inbyggt PP-etikettf\u00f6nster g\u00f6r det m\u00f6jligt att m\u00e4rka upp f\u00f6rvarade f\u00f6rem\u00e5l. Superrymlig l\u00e5da utan botten (m\u00e5tt: 40 x 25 x 30 cm (B x H x D)) kan f\u00f6rvara kl\u00e4der, leksaker, tidningar etc.Genomt\u00e4nkt etikett: Tack vare PP-etikettf\u00f6nstret och de medf\u00f6ljande etiketterna kan du m\u00e4rka inneh\u00e5llet s\u00e5 att du snabbt hittar de f\u00f6rvarade f\u00f6rem\u00e5len. Handtagen p\u00e5 b\u00e5da sidor g\u00f6r boxen l\u00e4tt att b\u00e4ra.N\u00e4r de inte anv\u00e4nds kan l\u00e5dorna enkelt f\u00e4llas ihop och f\u00f6rvaras p\u00e5 ett utrymmesbesparande s\u00e4tt. Produktdetaljer: F\u00e4rg: svart Material: non-woven-tyg, kartong M\u00e5tt: 40 x 25 x 30 cm (B x H x D) Vikt: 3,1 kg \/ set Leveransomfattning: 3 x f\u00f6rvaringsl\u00e5da Anm\u00e4rkningar:Det kan h\u00e4nda att produkten luktar \u201dnytt\u201d n\u00e4r den packas upp. Lukten \u00e4r ofarlig och f\u00f6rsvinner efter n\u00e5gra timmar om den luftas. Tv\u00e4tta inte med vatten. Vid fl\u00e4ckar och smuts, torka av ytan med en l\u00e4tt fuktig trasa och l\u00e5t sedan torka p\u00e5 en luftig plats.<\/p>\n","protected":false},"excerpt":{"rendered":"<p>SONGMICS 3-pack vikbara l\u00e5dor med lock Vikbara f\u00f6rvaringsl\u00e5dor Tygbox 40 x 30 x 25 cm Svart RFB03H<\/p>\n","protected":false},"featured_media":45852,"comment_status":"open","ping_status":"closed","template":"","meta":[],"product_brand":[],"product_cat":[33],"product_tag":[],"class_list":{"0":"post-18874","1":"product","2":"type-product","3":"status-publish","4":"has-post-thumbnail","6":"product_cat-okategoriserad","8":"first","9":"instock","10":"shipping-taxable","11":"purchasable","12":"product-type-simple"},"_links":{"self":[{"href":"https:\/\/nordicmart.andreevmaster.com\/sv\/wp-json\/wp\/v2\/product\/18874","targetHints":{"allow":["GET"]}}],"collection":[{"href":"https:\/\/nordicmart.andreevmaster.com\/sv\/wp-json\/wp\/v2\/product"}],"about":[{"href":"https:\/\/nordicmart.andreevmaster.com\/sv\/wp-json\/wp\/v2\/types\/product"}],"replies":[{"embeddable":true,"href":"https:\/\/nordicmart.andreevmaster.com\/sv\/wp-json\/wp\/v2\/comments?post=18874"}],"wp:featuredmedia":[{"embeddable":true,"href":"https:\/\/nordicmart.andreevmaster.com\/sv\/wp-json\/wp\/v2\/media\/45852"}],"wp:attachment":[{"href":"https:\/\/nordicmart.andreevmaster.com\/sv\/wp-json\/wp\/v2\/media?parent=18874"}],"wp:term":[{"taxonomy":"product_brand","embeddable":true,"href":"https:\/\/nordicmart.andreevmaster.com\/sv\/wp-json\/wp\/v2\/product_brand?post=18874"},{"taxonomy":"product_cat","embeddable":true,"href":"https:\/\/nordicmart.andreevmaster.com\/sv\/wp-json\/wp\/v2\/product_cat?post=18874"},{"taxonomy":"product_tag","embeddable":true,"href":"https:\/\/nordicmart.andreevmaster.com\/sv\/wp-json\/wp\/v2\/product_tag?post=18874"}],"curies":[{"name":"wp","href":"https:\/\/api.w.org\/{rel}","templated":true}]}}