{"id":18871,"date":"2026-02-27T00:41:57","date_gmt":"2026-02-27T00:41:57","guid":{"rendered":"https:\/\/nordicmart.andreevmaster.com\/product\/songmics-forvaringslada-for-julgranskulor-med-lock-skogsgron\/"},"modified":"2026-02-27T08:30:03","modified_gmt":"2026-02-27T08:30:03","slug":"songmics-forvaringslada-for-julgranskulor-med-lock-skogsgron","status":"publish","type":"product","link":"https:\/\/nordicmart.andreevmaster.com\/sv\/produkt\/songmics-forvaringslada-for-julgranskulor-med-lock-skogsgron\/","title":{"rendered":"SONGMICS F\u00f6rvaringsl\u00e5da f\u00f6r julgranskulor med lock, skogsgr\u00f6n"},"content":{"rendered":"<p>SONGMICS f\u00f6rvaringsbox f\u00f6r julgranskulor, julgranskulor f\u00f6rvaring, stapelbar, med lock, dubbel dragkedja, 8 brickor, 600D Oxford-tyg, 128 fack \u00e0 7,6 cm, skogsgr\u00f6n RFB035C01<br \/>\nF\u00e4rg: skogsgr\u00f6n<br \/>\nMaterial: Oxford-tyg, PP-plast (polypropen)<br \/>\nStorlek: 66 x 34 x 34 cm (L x B x H)<br \/>\nVikt: 3,1 kg<br \/>\nMax. total statisk belastningskapacitet: 5 kg<\/p>\n","protected":false},"excerpt":{"rendered":"<p>SONGMICS f\u00f6rvaringsbox f\u00f6r julgranskulor, julgranskulor f\u00f6rvaring, stapelbar, med lock, dubbel dragkedja, 8 brickor, 600D Oxford-tyg, 128 fack \u00e0 7,6 cm, skogsgr\u00f6n RFB035C01<\/p>\n","protected":false},"featured_media":45849,"comment_status":"open","ping_status":"closed","template":"","meta":[],"product_brand":[],"product_cat":[33],"product_tag":[],"class_list":{"0":"post-18871","1":"product","2":"type-product","3":"status-publish","4":"has-post-thumbnail","6":"product_cat-okategoriserad","8":"first","9":"instock","10":"shipping-taxable","11":"purchasable","12":"product-type-simple"},"_links":{"self":[{"href":"https:\/\/nordicmart.andreevmaster.com\/sv\/wp-json\/wp\/v2\/product\/18871","targetHints":{"allow":["GET"]}}],"collection":[{"href":"https:\/\/nordicmart.andreevmaster.com\/sv\/wp-json\/wp\/v2\/product"}],"about":[{"href":"https:\/\/nordicmart.andreevmaster.com\/sv\/wp-json\/wp\/v2\/types\/product"}],"replies":[{"embeddable":true,"href":"https:\/\/nordicmart.andreevmaster.com\/sv\/wp-json\/wp\/v2\/comments?post=18871"}],"wp:featuredmedia":[{"embeddable":true,"href":"https:\/\/nordicmart.andreevmaster.com\/sv\/wp-json\/wp\/v2\/media\/45849"}],"wp:attachment":[{"href":"https:\/\/nordicmart.andreevmaster.com\/sv\/wp-json\/wp\/v2\/media?parent=18871"}],"wp:term":[{"taxonomy":"product_brand","embeddable":true,"href":"https:\/\/nordicmart.andreevmaster.com\/sv\/wp-json\/wp\/v2\/product_brand?post=18871"},{"taxonomy":"product_cat","embeddable":true,"href":"https:\/\/nordicmart.andreevmaster.com\/sv\/wp-json\/wp\/v2\/product_cat?post=18871"},{"taxonomy":"product_tag","embeddable":true,"href":"https:\/\/nordicmart.andreevmaster.com\/sv\/wp-json\/wp\/v2\/product_tag?post=18871"}],"curies":[{"name":"wp","href":"https:\/\/api.w.org\/{rel}","templated":true}]}}