{"id":18870,"date":"2026-02-27T00:41:57","date_gmt":"2026-02-27T00:41:57","guid":{"rendered":"https:\/\/nordicmart.andreevmaster.com\/product\/songmics-forvaringslada-33-cm-6-pack-gra-melerad\/"},"modified":"2026-02-27T08:30:03","modified_gmt":"2026-02-27T08:30:03","slug":"songmics-forvaringslada-33-cm-6-pack-gra-melerad","status":"publish","type":"product","link":"https:\/\/nordicmart.andreevmaster.com\/sv\/produkt\/songmics-forvaringslada-33-cm-6-pack-gra-melerad\/","title":{"rendered":"SONGMICS f\u00f6rvaringsl\u00e5da 33 cm, 6-pack, gr\u00e5 melerad"},"content":{"rendered":"<p>SONGMICS f\u00f6rvaringsl\u00e5dor, 6-pack, vikbara tygl\u00e5dor, non-woven-tyg, kuber, f\u00f6rvaringskorgar, f\u00f6rvaring f\u00f6r leksaker, kl\u00e4der, svart RFB006B01<br \/>\nF\u00e4rg: Gr\u00e5 melerad<br \/>\nMaterial: 1,9 mm tjock kartong, 80 g\/m\u00b2 non-woven<br \/>\nStorlek per l\u00e5da: 33 x 33 x 33 cm (L x B x H)<br \/>\nTotalvikt: 4 kg<br \/>\nMax. statisk belastningskapacitet per l\u00e5da: 5 kg<\/p>\n","protected":false},"excerpt":{"rendered":"<p>SONGMICS f\u00f6rvaringsl\u00e5dor, 6-pack, vikbara tygl\u00e5dor, non-woven-tyg, kuber, f\u00f6rvaringskorgar, f\u00f6rvaring f\u00f6r leksaker, kl\u00e4der, svart RFB006B01<\/p>\n","protected":false},"featured_media":45848,"comment_status":"open","ping_status":"closed","template":"","meta":[],"product_brand":[],"product_cat":[33],"product_tag":[],"class_list":{"0":"post-18870","1":"product","2":"type-product","3":"status-publish","4":"has-post-thumbnail","6":"product_cat-okategoriserad","8":"first","9":"instock","10":"shipping-taxable","11":"purchasable","12":"product-type-simple"},"_links":{"self":[{"href":"https:\/\/nordicmart.andreevmaster.com\/sv\/wp-json\/wp\/v2\/product\/18870","targetHints":{"allow":["GET"]}}],"collection":[{"href":"https:\/\/nordicmart.andreevmaster.com\/sv\/wp-json\/wp\/v2\/product"}],"about":[{"href":"https:\/\/nordicmart.andreevmaster.com\/sv\/wp-json\/wp\/v2\/types\/product"}],"replies":[{"embeddable":true,"href":"https:\/\/nordicmart.andreevmaster.com\/sv\/wp-json\/wp\/v2\/comments?post=18870"}],"wp:featuredmedia":[{"embeddable":true,"href":"https:\/\/nordicmart.andreevmaster.com\/sv\/wp-json\/wp\/v2\/media\/45848"}],"wp:attachment":[{"href":"https:\/\/nordicmart.andreevmaster.com\/sv\/wp-json\/wp\/v2\/media?parent=18870"}],"wp:term":[{"taxonomy":"product_brand","embeddable":true,"href":"https:\/\/nordicmart.andreevmaster.com\/sv\/wp-json\/wp\/v2\/product_brand?post=18870"},{"taxonomy":"product_cat","embeddable":true,"href":"https:\/\/nordicmart.andreevmaster.com\/sv\/wp-json\/wp\/v2\/product_cat?post=18870"},{"taxonomy":"product_tag","embeddable":true,"href":"https:\/\/nordicmart.andreevmaster.com\/sv\/wp-json\/wp\/v2\/product_tag?post=18870"}],"curies":[{"name":"wp","href":"https:\/\/api.w.org\/{rel}","templated":true}]}}