{"id":18864,"date":"2026-02-27T00:41:55","date_gmt":"2026-02-27T00:41:55","guid":{"rendered":"https:\/\/nordicmart.andreevmaster.com\/product\/songmics-4-forvaringslador-svarta\/"},"modified":"2026-02-27T08:30:02","modified_gmt":"2026-02-27T08:30:02","slug":"songmics-4-forvaringslador-svarta","status":"publish","type":"product","link":"https:\/\/nordicmart.andreevmaster.com\/sv\/produkt\/songmics-4-forvaringslador-svarta\/","title":{"rendered":"SONGMICS 4 f\u00f6rvaringsl\u00e5dor svarta"},"content":{"rendered":"<p>Flygande mappar eller leksaker? Med denna Songmics f\u00f6rvaringsl\u00e5da kan du \u00e4ntligen skapa ordning! Den \u00e4r praktisk, hanterbar och stabil. Med m\u00e5tten 30 x 30 x 30 cm erbjuder boxen mycket f\u00f6rvaringsutrymme, man kan l\u00e4gga m\u00e5nga saker i den. Om man inte beh\u00f6ver boxen under en l\u00e4ngre tid eller m\u00e5ste flytta kan man utan problem f\u00e4lla ihop den f\u00f6r att spara plats. En milj\u00f6v\u00e4nlig torkmedelsp\u00e5se medf\u00f6ljer f\u00f6rpackningen, vilket f\u00f6rhindrar att artikeln blir fuktig under transporten.Songmics f\u00f6rvaringsl\u00e5da hj\u00e4lper dig att h\u00e5lla ordning. Produktdetaljer: &#8211; M\u00e5tt: 30 x 30 x 30 cm &#8211; Material: non-woven-tyg 80 g &#8211; V\u00e4ggtjocklek: 2,6 mm &#8211; F\u00e4rg: kr\u00e4mvit &#8211; Vikt: 1,16 kg Leveransomfattning: &#8211; 2 x f\u00f6rvaringsl\u00e5da Anm\u00e4rkningar:- Det kan h\u00e4nda att artikeln luktar \u201dnytt\u201d n\u00e4r du packar upp den. Lukten \u00e4r ofarlig och f\u00f6rsvinner efter n\u00e5gra timmar om du v\u00e4drar den. &#8211; Tv\u00e4tta inte med vatten. Vid fl\u00e4ckar och smuts, torka av ytan med en l\u00e4tt fuktig trasa och l\u00e5t sedan torka p\u00e5 en v\u00e4ldig plats. &#8211; F\u00f6rvaringsboxens m\u00e5tt \u00e4r 30 x 30 x 30 x 30 cm och passar de flesta m\u00f6bler; m\u00e4t det tillg\u00e4ngliga f\u00f6rvaringsutrymmet innan du k\u00f6per.<\/p>\n","protected":false},"excerpt":{"rendered":"<p>SONGMICS 6-pack hopf\u00e4llbara f\u00f6rvaringsl\u00e5dor med fingerh\u00e5l 30 x 30 x 30 cm Beige RFB02M-3<\/p>\n","protected":false},"featured_media":0,"comment_status":"open","ping_status":"closed","template":"","meta":[],"product_brand":[],"product_cat":[33],"product_tag":[],"class_list":{"0":"post-18864","1":"product","2":"type-product","3":"status-publish","5":"product_cat-okategoriserad","7":"first","8":"instock","9":"shipping-taxable","10":"purchasable","11":"product-type-simple"},"_links":{"self":[{"href":"https:\/\/nordicmart.andreevmaster.com\/sv\/wp-json\/wp\/v2\/product\/18864","targetHints":{"allow":["GET"]}}],"collection":[{"href":"https:\/\/nordicmart.andreevmaster.com\/sv\/wp-json\/wp\/v2\/product"}],"about":[{"href":"https:\/\/nordicmart.andreevmaster.com\/sv\/wp-json\/wp\/v2\/types\/product"}],"replies":[{"embeddable":true,"href":"https:\/\/nordicmart.andreevmaster.com\/sv\/wp-json\/wp\/v2\/comments?post=18864"}],"wp:attachment":[{"href":"https:\/\/nordicmart.andreevmaster.com\/sv\/wp-json\/wp\/v2\/media?parent=18864"}],"wp:term":[{"taxonomy":"product_brand","embeddable":true,"href":"https:\/\/nordicmart.andreevmaster.com\/sv\/wp-json\/wp\/v2\/product_brand?post=18864"},{"taxonomy":"product_cat","embeddable":true,"href":"https:\/\/nordicmart.andreevmaster.com\/sv\/wp-json\/wp\/v2\/product_cat?post=18864"},{"taxonomy":"product_tag","embeddable":true,"href":"https:\/\/nordicmart.andreevmaster.com\/sv\/wp-json\/wp\/v2\/product_tag?post=18864"}],"curies":[{"name":"wp","href":"https:\/\/api.w.org\/{rel}","templated":true}]}}