{"id":18863,"date":"2026-02-27T00:41:55","date_gmt":"2026-02-27T00:41:55","guid":{"rendered":"https:\/\/nordicmart.andreevmaster.com\/product\/songmics-fallbara-forvaringslador-6-pack\/"},"modified":"2026-02-27T08:30:01","modified_gmt":"2026-02-27T08:30:01","slug":"songmics-fallbara-forvaringslador-6-pack","status":"publish","type":"product","link":"https:\/\/nordicmart.andreevmaster.com\/sv\/produkt\/songmics-fallbara-forvaringslador-6-pack\/","title":{"rendered":"SONGMICS F\u00e4llbara f\u00f6rvaringsl\u00e5dor, 6-pack"},"content":{"rendered":"<p>Har du ocks\u00e5 m\u00e4rkt att sm\u00e5saker hela tiden samlas och att ditt hem st\u00e4ndigt hamnar i kaos? D\u00e5 \u00e4r detta set perfekt f\u00f6r dig! Ett riktigt f\u00f6rvaringstalang: i garderoben, p\u00e5 bokhyllan, under soffbordet, p\u00e5 skrivbordet eller i barnrummet. L\u00e5dorna passar dessutom i de flesta kubformade hyllor. Dessutom kan du anv\u00e4nda dessa l\u00e5dor tillsammans eller separat efter behov \u2013 valet \u00e4r ditt. F\u00f6rdelar i \u00f6versikt: H\u00f6gkvalitativa material ger varje l\u00e5da en formstabil struktur som t\u00e5l upp till 5 kg. L\u00e5dorna passar i de flesta kubformade f\u00f6rvaringssystem.L\u00e5dorna kan vikas ihop och f\u00f6rvaras enkelt n\u00e4r de inte anv\u00e4nds. \u00d6glorna p\u00e5 l\u00e5dorna g\u00f6r det enkelt att dra ut dem ur hyllan. \u00d6glan p\u00e5 insidan hj\u00e4lper dig att enkelt ta ut bottenplattan och vika ihop tygl\u00e5dan snabbt.De snygga s\u00f6mmarna ger ett h\u00f6gkvalitativt intryck. Tygboxar \u00e4r mer andningsbara \u00e4n plastboxar och sl\u00e4pper alltid in frisk luft till kl\u00e4derna som f\u00f6rvaras inuti. Hos SONGMICS hittar du m\u00e5nga fler f\u00f6rvaringsboxar. Uppt\u00e4ck magin med att st\u00e4da upp, som kommer att f\u00f6r\u00e4ndra din vardag.Produktdetaljer: F\u00e4rg: Gr\u00e5 melerad Material: 2 mm tjock kartong, 80 g\/\u33a1 non-woven tyg Storlek: 30 x 30 x 30 cm (L x B x H) Vikt: 3,7 kg Max. statisk belastningskapacitet per kub: 5 kg Leveransomfattning: 6 x f\u00f6rvaringsbox SONGMICS Anvisningar:Torka av ytan med en l\u00e4tt fuktig trasa f\u00f6r daglig reng\u00f6ring och l\u00e5t produkten lufttorka; tv\u00e4tta INTE med vatten. Produkten kan ha en svag lukt n\u00e4r den packas upp. Placera den i s\u00e5 fall p\u00e5 en v\u00e4l ventilerad plats i n\u00e5gra timmar.<\/p>\n","protected":false},"excerpt":{"rendered":"<p>SONGMICS 6-pack hopf\u00e4llbara f\u00f6rvaringsl\u00e5dor med fingerh\u00e5l 30 x 30 x 30 cm Beige RFB02M-3<\/p>\n","protected":false},"featured_media":45842,"comment_status":"open","ping_status":"closed","template":"","meta":[],"product_brand":[],"product_cat":[33],"product_tag":[],"class_list":{"0":"post-18863","1":"product","2":"type-product","3":"status-publish","4":"has-post-thumbnail","6":"product_cat-okategoriserad","8":"first","9":"instock","10":"shipping-taxable","11":"purchasable","12":"product-type-simple"},"_links":{"self":[{"href":"https:\/\/nordicmart.andreevmaster.com\/sv\/wp-json\/wp\/v2\/product\/18863","targetHints":{"allow":["GET"]}}],"collection":[{"href":"https:\/\/nordicmart.andreevmaster.com\/sv\/wp-json\/wp\/v2\/product"}],"about":[{"href":"https:\/\/nordicmart.andreevmaster.com\/sv\/wp-json\/wp\/v2\/types\/product"}],"replies":[{"embeddable":true,"href":"https:\/\/nordicmart.andreevmaster.com\/sv\/wp-json\/wp\/v2\/comments?post=18863"}],"wp:featuredmedia":[{"embeddable":true,"href":"https:\/\/nordicmart.andreevmaster.com\/sv\/wp-json\/wp\/v2\/media\/45842"}],"wp:attachment":[{"href":"https:\/\/nordicmart.andreevmaster.com\/sv\/wp-json\/wp\/v2\/media?parent=18863"}],"wp:term":[{"taxonomy":"product_brand","embeddable":true,"href":"https:\/\/nordicmart.andreevmaster.com\/sv\/wp-json\/wp\/v2\/product_brand?post=18863"},{"taxonomy":"product_cat","embeddable":true,"href":"https:\/\/nordicmart.andreevmaster.com\/sv\/wp-json\/wp\/v2\/product_cat?post=18863"},{"taxonomy":"product_tag","embeddable":true,"href":"https:\/\/nordicmart.andreevmaster.com\/sv\/wp-json\/wp\/v2\/product_tag?post=18863"}],"curies":[{"name":"wp","href":"https:\/\/api.w.org\/{rel}","templated":true}]}}