{"id":18860,"date":"2026-02-27T00:41:54","date_gmt":"2026-02-27T00:41:54","guid":{"rendered":"https:\/\/nordicmart.andreevmaster.com\/product\/songmics-2-forvaringslador-svarta\/"},"modified":"2026-02-27T08:30:01","modified_gmt":"2026-02-27T08:30:01","slug":"songmics-2-forvaringslador-svarta","status":"publish","type":"product","link":"https:\/\/nordicmart.andreevmaster.com\/sv\/produkt\/songmics-2-forvaringslador-svarta\/","title":{"rendered":"SONGMICS 2 f\u00f6rvaringsl\u00e5dor svarta"},"content":{"rendered":"<p>Flygande mappar eller leksaker? Med denna Songmics f\u00f6rvaringsl\u00e5da kan du \u00e4ntligen skapa ordning! Den \u00e4r praktisk, hanterbar och stabil. Med m\u00e5tten 30 x 30 x 30 cm erbjuder boxen mycket f\u00f6rvaringsutrymme, du kan l\u00e4gga m\u00e5nga saker i den. Om du inte beh\u00f6ver boxen under en l\u00e4ngre tid eller m\u00e5ste flytta kan du enkelt f\u00e4lla ihop den f\u00f6r att spara plats.Songmics f\u00f6rvaringsbox hj\u00e4lper dig att h\u00e5lla ordning. Produktdetaljer: &#8211; M\u00e5tt: 30 x 30 x 30 cm &#8211; Material: non-woven-tyg 80 g &#8211; V\u00e4ggtjocklek: 2,6 mm &#8211; F\u00e4rg: svart &#8211; Vikt: 1,16 kg Leveransomfattning: &#8211; 2 x f\u00f6rvaringsbox Anm\u00e4rkningar:- Det kan h\u00e4nda att produkten luktar &#8221;nytt&#8221; n\u00e4r du packar upp den. Lukten \u00e4r ofarlig och f\u00f6rsvinner efter n\u00e5gra timmar om du v\u00e4drar ut den. &#8211; Tv\u00e4tta inte med vatten. Vid fl\u00e4ckar och smuts, torka av ytan med en l\u00e4tt fuktig trasa och l\u00e5t sedan torka p\u00e5 en v\u00e4ldig plats.<\/p>\n","protected":false},"excerpt":{"rendered":"<p>SONGMICS 6-pack hopf\u00e4llbara f\u00f6rvaringsl\u00e5dor med fingerh\u00e5l 30 x 30 x 30 cm Beige RFB02M-3<\/p>\n","protected":false},"featured_media":45839,"comment_status":"open","ping_status":"closed","template":"","meta":[],"product_brand":[],"product_cat":[33],"product_tag":[],"class_list":{"0":"post-18860","1":"product","2":"type-product","3":"status-publish","4":"has-post-thumbnail","6":"product_cat-okategoriserad","8":"first","9":"instock","10":"shipping-taxable","11":"purchasable","12":"product-type-simple"},"_links":{"self":[{"href":"https:\/\/nordicmart.andreevmaster.com\/sv\/wp-json\/wp\/v2\/product\/18860","targetHints":{"allow":["GET"]}}],"collection":[{"href":"https:\/\/nordicmart.andreevmaster.com\/sv\/wp-json\/wp\/v2\/product"}],"about":[{"href":"https:\/\/nordicmart.andreevmaster.com\/sv\/wp-json\/wp\/v2\/types\/product"}],"replies":[{"embeddable":true,"href":"https:\/\/nordicmart.andreevmaster.com\/sv\/wp-json\/wp\/v2\/comments?post=18860"}],"wp:featuredmedia":[{"embeddable":true,"href":"https:\/\/nordicmart.andreevmaster.com\/sv\/wp-json\/wp\/v2\/media\/45839"}],"wp:attachment":[{"href":"https:\/\/nordicmart.andreevmaster.com\/sv\/wp-json\/wp\/v2\/media?parent=18860"}],"wp:term":[{"taxonomy":"product_brand","embeddable":true,"href":"https:\/\/nordicmart.andreevmaster.com\/sv\/wp-json\/wp\/v2\/product_brand?post=18860"},{"taxonomy":"product_cat","embeddable":true,"href":"https:\/\/nordicmart.andreevmaster.com\/sv\/wp-json\/wp\/v2\/product_cat?post=18860"},{"taxonomy":"product_tag","embeddable":true,"href":"https:\/\/nordicmart.andreevmaster.com\/sv\/wp-json\/wp\/v2\/product_tag?post=18860"}],"curies":[{"name":"wp","href":"https:\/\/api.w.org\/{rel}","templated":true}]}}