{"id":18855,"date":"2026-02-27T00:41:53","date_gmt":"2026-02-27T00:41:53","guid":{"rendered":"https:\/\/nordicmart.andreevmaster.com\/product\/songmics-forvaringslador-for-julgranskulor-roda\/"},"modified":"2026-02-27T08:30:00","modified_gmt":"2026-02-27T08:30:00","slug":"songmics-forvaringslador-for-julgranskulor-roda","status":"publish","type":"product","link":"https:\/\/nordicmart.andreevmaster.com\/sv\/produkt\/songmics-forvaringslador-for-julgranskulor-roda\/","title":{"rendered":"SONGMICS F\u00f6rvaringsl\u00e5dor f\u00f6r julgranskulor  r\u00f6da"},"content":{"rendered":"<p>Som genom ett trollslag Varje \u00e5r upprepas samma kaos inf\u00f6r julen \u2013 \u201dI vilken l\u00e5da har jag lagt de r\u00f6da kulorna?\u201d \u201dVar \u00e4r klockorna?\u201d Prova dessa f\u00f6rvaringsl\u00e5dor fr\u00e5n SONGMICS! Med dem kan du hitta dina juldekorationer utan att beh\u00f6va leta l\u00e4nge \u2013 som genom ett trollslag! Dessutom ger den r\u00f6da f\u00e4rgen och sn\u00f6flingem\u00f6nstret ditt hem en s\u00f6t julst\u00e4mning. Stora fack? Sm\u00e5 fack? Dessa 3 tygboxar \u00e4r utrustade med flera flexibla skiljev\u00e4ggar. Om du anv\u00e4nder alla dessa skiljev\u00e4ggar kan boxarna delas in i 4 niv\u00e5er (16 fack per niv\u00e5). Du kan ocks\u00e5 ta bort n\u00e5gra skiljev\u00e4ggar f\u00f6r att f\u00e5 st\u00f6rre fack och d\u00e4rmed skapa plats f\u00f6r st\u00f6rre dekorationsartiklar. Produktdetaljer: &#8211; F\u00e4rg: r\u00f6d &#8211; Material: kartong, non-woven-storlek per l\u00e5da: 30,5 x 30,5 x 30,5 cm (L x B x H) &#8211; Totalvikt f\u00f6r de 3 l\u00e5dorna: 2,4 kg &#8211; Max. statisk belastningskapacitet per l\u00e5da: 5 kg Leveransomfattning:- 3 x f\u00f6rvaringsl\u00e5da &#8211; 3 x lock &#8211; 3 x bottenplatta &#8211; skiljev\u00e4ggar SONGMICS Anm\u00e4rkningar: &#8211; Den maximala statiska belastningskapaciteten per l\u00e5da \u00e4r 5 kg. F\u00f6rvara inte tyngre f\u00f6rem\u00e5l i produkten. &#8211; Tv\u00e4tta inte produkten direkt med vatten. Torka av den med en fuktig trasa f\u00f6r att ta bort smuts.<\/p>\n","protected":false},"excerpt":{"rendered":"<p>SONGMICS f\u00f6rvaringsl\u00e5dor f\u00f6r julgranskulor, 3-pack, vikbara l\u00e5dor, f\u00f6r juldekorationer, 64 sm\u00e5 fack per l\u00e5da, flexibla skiljev\u00e4ggar, 30,5 x 30,5 x 30,5 cm, r\u00f6d RFB029R01<\/p>\n","protected":false},"featured_media":45834,"comment_status":"open","ping_status":"closed","template":"","meta":[],"product_brand":[],"product_cat":[33],"product_tag":[],"class_list":{"0":"post-18855","1":"product","2":"type-product","3":"status-publish","4":"has-post-thumbnail","6":"product_cat-okategoriserad","8":"first","9":"instock","10":"shipping-taxable","11":"purchasable","12":"product-type-simple"},"_links":{"self":[{"href":"https:\/\/nordicmart.andreevmaster.com\/sv\/wp-json\/wp\/v2\/product\/18855","targetHints":{"allow":["GET"]}}],"collection":[{"href":"https:\/\/nordicmart.andreevmaster.com\/sv\/wp-json\/wp\/v2\/product"}],"about":[{"href":"https:\/\/nordicmart.andreevmaster.com\/sv\/wp-json\/wp\/v2\/types\/product"}],"replies":[{"embeddable":true,"href":"https:\/\/nordicmart.andreevmaster.com\/sv\/wp-json\/wp\/v2\/comments?post=18855"}],"wp:featuredmedia":[{"embeddable":true,"href":"https:\/\/nordicmart.andreevmaster.com\/sv\/wp-json\/wp\/v2\/media\/45834"}],"wp:attachment":[{"href":"https:\/\/nordicmart.andreevmaster.com\/sv\/wp-json\/wp\/v2\/media?parent=18855"}],"wp:term":[{"taxonomy":"product_brand","embeddable":true,"href":"https:\/\/nordicmart.andreevmaster.com\/sv\/wp-json\/wp\/v2\/product_brand?post=18855"},{"taxonomy":"product_cat","embeddable":true,"href":"https:\/\/nordicmart.andreevmaster.com\/sv\/wp-json\/wp\/v2\/product_cat?post=18855"},{"taxonomy":"product_tag","embeddable":true,"href":"https:\/\/nordicmart.andreevmaster.com\/sv\/wp-json\/wp\/v2\/product_tag?post=18855"}],"curies":[{"name":"wp","href":"https:\/\/api.w.org\/{rel}","templated":true}]}}